{"id":2247,"date":"2015-01-09T21:20:03","date_gmt":"2015-01-09T19:20:03","guid":{"rendered":"http:\/\/80.69.171.23\/py\/?page_id=2247"},"modified":"2019-04-07T15:52:25","modified_gmt":"2019-04-07T12:52:25","slug":"oppalas-diedihancallosat","status":"publish","type":"page","link":"https:\/\/paliskunnat.fi\/bo\/boazodiedut\/diedihancallosat-ofelaccat\/oppalas-diedihancallosat\/","title":{"rendered":"Oppala\u0161 die\u0111ihan\u010d\u00e1llosat"},"content":{"rendered":"<h2>Oppala\u0161 die\u0111ihan\u010d\u00e1llosat<\/h2>\n<h3>Boazodie\u0111ihan\u010d\u00e1lus<\/h3>\n<p><a href=\"https:\/\/paliskunnat.fi\/bo\/wp-content\/uploads\/2015\/01\/poroesite_kansi.jpg\" rel=\"lightbox[2247]\"><br \/>\n<\/a><a href=\"https:\/\/paliskunnat.fi\/bo\/wp-content\/uploads\/2015\/01\/poroesite_kansi.jpg\" rel=\"rel=&quot;nobox&quot;\" rel=\"lightbox[2247]\"><img loading=\"lazy\" decoding=\"async\" class=\"alignnone wp-image-3159 size-full\" src=\"https:\/\/paliskunnat.fi\/bo\/wp-content\/uploads\/2015\/01\/poroesite_kansi.jpg\" alt=\"poroesite_kansi\" width=\"108\" height=\"150\" \/><br \/>\n<\/a>Suomagillii (<a href=\"https:\/\/paliskunnat.fi\/bo\/wp-content\/uploads\/2014\/12\/poro_suomi_web.pdf\">PDF<\/a> 2250 kt)<br \/>\nEa\u014bgalasgillii (<a href=\"https:\/\/paliskunnat.fi\/bo\/wp-content\/uploads\/2014\/12\/reindeer_english_web.pdf\">PDF<\/a> 2570 kt)<br \/>\nRuo\u0161\u0161agillii (<a href=\"https:\/\/paliskunnat.fi\/bo\/wp-content\/uploads\/2014\/12\/reindeer_russian_web.pdf\">PDF<\/a> 2647 kt)<\/p>\n<h2>Boazu johtolagas -die\u0111ihan\u010d\u00e1lus<\/h2>\n<p>Suomagillii (<a href=\"https:\/\/paliskunnat.fi\/bo\/wp-content\/uploads\/2014\/12\/poro_liikenteessa.pdf\">PDF<\/a> 1822 kt)<\/p>\n<p>&nbsp;<\/p>\n<p>&nbsp;<\/p>\n","protected":false},"excerpt":{"rendered":"<p>Oppala\u0161 die\u0111ihan\u010d\u00e1llosat Boazodie\u0111ihan\u010d\u00e1lus Suomagillii (PDF 2250 kt) Ea\u014bgalasgillii (PDF 2570 kt) Ruo\u0161\u0161agillii (PDF 2647 kt) Boazu johtolagas -die\u0111ihan\u010d\u00e1lus Suomagillii (PDF 1822 kt) &nbsp; &nbsp;<\/p>\n","protected":false},"author":1,"featured_media":0,"parent":1109,"menu_order":0,"comment_status":"open","ping_status":"closed","template":"","meta":{"footnotes":""},"class_list":["post-2247","page","type-page","status-publish","hentry"],"_links":{"self":[{"href":"https:\/\/paliskunnat.fi\/bo\/wp-json\/wp\/v2\/pages\/2247","targetHints":{"allow":["GET"]}}],"collection":[{"href":"https:\/\/paliskunnat.fi\/bo\/wp-json\/wp\/v2\/pages"}],"about":[{"href":"https:\/\/paliskunnat.fi\/bo\/wp-json\/wp\/v2\/types\/page"}],"author":[{"embeddable":true,"href":"https:\/\/paliskunnat.fi\/bo\/wp-json\/wp\/v2\/users\/1"}],"replies":[{"embeddable":true,"href":"https:\/\/paliskunnat.fi\/bo\/wp-json\/wp\/v2\/comments?post=2247"}],"version-history":[{"count":4,"href":"https:\/\/paliskunnat.fi\/bo\/wp-json\/wp\/v2\/pages\/2247\/revisions"}],"predecessor-version":[{"id":5475,"href":"https:\/\/paliskunnat.fi\/bo\/wp-json\/wp\/v2\/pages\/2247\/revisions\/5475"}],"up":[{"embeddable":true,"href":"https:\/\/paliskunnat.fi\/bo\/wp-json\/wp\/v2\/pages\/1109"}],"wp:attachment":[{"href":"https:\/\/paliskunnat.fi\/bo\/wp-json\/wp\/v2\/media?parent=2247"}],"curies":[{"name":"wp","href":"https:\/\/api.w.org\/{rel}","templated":true}]}}