{"id":2254,"date":"2015-01-09T21:24:10","date_gmt":"2015-01-09T19:24:10","guid":{"rendered":"http:\/\/80.69.171.23\/py\/?page_id=2254"},"modified":"2019-04-07T15:52:36","modified_gmt":"2019-04-07T12:52:36","slug":"geavatlas-diedihancallosat","status":"publish","type":"page","link":"https:\/\/paliskunnat.fi\/bo\/boazodiedut\/diedihancallosat-ofelaccat\/geavatlas-diedihancallosat\/","title":{"rendered":"Geavatla\u0161 die\u0111ihan\u010d\u00e1llosat"},"content":{"rendered":"<h2>Geavatla\u0161 die\u0111ihan\u010d\u00e1llosat (Suomagillii)<\/h2>\n<p>Poron hoito- ja k\u00e4sittelyopas 2009 (<a href=\"https:\/\/paliskunnat.fi\/bo\/wp-content\/uploads\/2014\/12\/poron_hoito_ja_kasittelyopas_2009.pdf\">PDF<\/a>\u00a0 319 kt)<\/p>\n<p>Poron sairaudet ja terveydenhoito (Sauli Laaksonen)<\/p>\n<p>Porojen h\u00e4t\u00e4ruokinta ja hoito\u00a02009 (<a href=\"https:\/\/paliskunnat.fi\/bo\/wp-content\/uploads\/2014\/12\/porojen_hataruokinta_ja_hoito_2009.pdf\">PDF<\/a>\u00a06554 kt)<\/p>\n<p>Porojen talvitarhauksen hyvien toimintatapojen opas\u00a02012\u00a0(<a href=\"https:\/\/paliskunnat.fi\/bo\/wp-content\/uploads\/2014\/12\/porojen_talvitarhaus_2012.pdf\">PDF<\/a>\u00a0866 kt)<\/p>\n<p>Porojen el\u00e4v\u00e4n\u00e4 kuljettamisen hyvien toimintatapojen opas 2011 (<a href=\"https:\/\/paliskunnat.fi\/bo\/wp-content\/uploads\/2014\/12\/porojen_elavana_kuljetus_2011.pdf\">PDF<\/a>\u00a02324 kt)<\/p>\n<p>Opas porovahinkojen arviointiin\u00a0(<a href=\"https:\/\/paliskunnat.fi\/bo\/wp-content\/uploads\/2014\/12\/opas_porovahinkojen_arviointiin.pdf\">PDF<\/a> 245 kt)<\/p>\n<p>Porolihan suoramyynnin hyv\u00e4n toimintatavan malli\u00a02013 (<a href=\"https:\/\/paliskunnat.fi\/bo\/wp-content\/uploads\/2014\/12\/poronlihan_suoramyynnin_hyva_toimintatapa_2013.pdf\">PDF<\/a> 7607 kt)<\/p>\n<p>Poromiehen tieturva. Ohjeet liikenteen varoittamisesta porokolarin arviomiehelle ja paliskunnille (<a href=\"https:\/\/paliskunnat.fi\/bo\/wp-content\/uploads\/2015\/03\/2010-6_poromiehen_tieturva_web.pdf\">PDF<\/a> 1780 kt)<\/p>\n<p>Poronhoitajien ensiapuopas\u00a02011\u00a0(<a href=\"https:\/\/paliskunnat.fi\/bo\/wp-content\/uploads\/2014\/12\/ensiapuopas_2011.pdf\">PDF<\/a>\u00a04521 kt)<\/p>\n<p>&nbsp;<\/p>\n<p>&nbsp;<\/p>\n","protected":false},"excerpt":{"rendered":"<p>Geavatla\u0161 die\u0111ihan\u010d\u00e1llosat (Suomagillii) Poron hoito- ja k\u00e4sittelyopas 2009 (PDF\u00a0 319 kt) Poron sairaudet ja terveydenhoito (Sauli Laaksonen) Porojen h\u00e4t\u00e4ruokinta ja hoito\u00a02009 (PDF\u00a06554 kt) Porojen talvitarhauksen hyvien toimintatapojen opas\u00a02012\u00a0(PDF\u00a0866 kt) Porojen el\u00e4v\u00e4n\u00e4 kuljettamisen hyvien toimintatapojen opas 2011 (PDF\u00a02324 kt) Opas porovahinkojen arviointiin\u00a0(PDF 245 kt) Porolihan suoramyynnin hyv\u00e4n toimintatavan malli\u00a02013 (PDF 7607 kt) Poromiehen tieturva. Ohjeet liikenteen [&hellip;]<\/p>\n","protected":false},"author":1,"featured_media":0,"parent":1109,"menu_order":2,"comment_status":"open","ping_status":"closed","template":"","meta":{"footnotes":""},"class_list":["post-2254","page","type-page","status-publish","hentry"],"_links":{"self":[{"href":"https:\/\/paliskunnat.fi\/bo\/wp-json\/wp\/v2\/pages\/2254","targetHints":{"allow":["GET"]}}],"collection":[{"href":"https:\/\/paliskunnat.fi\/bo\/wp-json\/wp\/v2\/pages"}],"about":[{"href":"https:\/\/paliskunnat.fi\/bo\/wp-json\/wp\/v2\/types\/page"}],"author":[{"embeddable":true,"href":"https:\/\/paliskunnat.fi\/bo\/wp-json\/wp\/v2\/users\/1"}],"replies":[{"embeddable":true,"href":"https:\/\/paliskunnat.fi\/bo\/wp-json\/wp\/v2\/comments?post=2254"}],"version-history":[{"count":3,"href":"https:\/\/paliskunnat.fi\/bo\/wp-json\/wp\/v2\/pages\/2254\/revisions"}],"predecessor-version":[{"id":5476,"href":"https:\/\/paliskunnat.fi\/bo\/wp-json\/wp\/v2\/pages\/2254\/revisions\/5476"}],"up":[{"embeddable":true,"href":"https:\/\/paliskunnat.fi\/bo\/wp-json\/wp\/v2\/pages\/1109"}],"wp:attachment":[{"href":"https:\/\/paliskunnat.fi\/bo\/wp-json\/wp\/v2\/media?parent=2254"}],"curies":[{"name":"wp","href":"https:\/\/api.w.org\/{rel}","templated":true}]}}