{"id":2262,"date":"2015-01-09T21:30:56","date_gmt":"2015-01-09T19:30:56","guid":{"rendered":"http:\/\/80.69.171.23\/py\/?page_id=2262"},"modified":"2019-04-07T15:52:54","modified_gmt":"2019-04-07T12:52:54","slug":"ofelaccat-eanageavaheapmai","status":"publish","type":"page","link":"https:\/\/paliskunnat.fi\/bo\/boazodiedut\/diedihancallosat-ofelaccat\/ofelaccat-eanageavaheapmai\/","title":{"rendered":"Ofela\u010d\u010dat eanageavaheapm\u00e1i"},"content":{"rendered":"<h2>Ofela\u010d\u010dat eanageavaheapm\u00e1i<\/h2>\n<p>Ofela\u0161 boazodoalu vuhtiiv\u00e1ldimis eanageavahanpro\u0161eavttain &#8211; <a href=\"http:\/\/www.paliskunnat.fi\/poroyva\/\">Poro YVA<\/a><\/p>\n<p>Suomagillii (<a href=\"https:\/\/paliskunnat.fi\/bo\/wp-content\/uploads\/2015\/03\/PoroYVA_2014_FI_web.pdf\">PDF<\/a> 2117 kt)<\/p>\n<p>Ea\u014bgalasgillii (<a href=\"https:\/\/paliskunnat.fi\/bo\/wp-content\/uploads\/2015\/03\/PoroYVA_2014_EN_web.pdf\">PDF<\/a>\u00a01487 kt)<\/p>\n<p>Ruo\u0161\u0161agillii (<a href=\"https:\/\/paliskunnat.fi\/bo\/wp-content\/uploads\/2015\/03\/PoroYVA_RU_web.pdf\">PDF<\/a> 2258 kt)<\/p>\n<h3>Boazu ja vuovdedoallu<\/h3>\n<p><a href=\"http:\/\/www.metsakeskus.fi\/sites\/default\/files\/poro_ja_poronhoito_talousmetsissa.pdf\">Poro ja poronhoito talousmetsiss\u00e4<\/a> (www.metsakeskus.fi)<\/p>\n<h3>Ruvkeindustriija<\/h3>\n<p><a href=\"http:\/\/www.ulapland.fi\/loader.aspx?id=22dfba05-2a51-438f-a9db-c465e14dbbdc\">Hyv\u00e4 kaivos pohjoisessa<\/a> -ofela\u0161girji birasmuddemii ja sosi\u00e1lala\u0161 nanusvuo\u0111a nannejeaddji buoremus vuog\u00e1dagaide (Lappi universitehta 2013)<\/p>\n","protected":false},"excerpt":{"rendered":"<p>Ofela\u010d\u010dat eanageavaheapm\u00e1i Ofela\u0161 boazodoalu vuhtiiv\u00e1ldimis eanageavahanpro\u0161eavttain &#8211; Poro YVA Suomagillii (PDF 2117 kt) Ea\u014bgalasgillii (PDF\u00a01487 kt) Ruo\u0161\u0161agillii (PDF 2258 kt) Boazu ja vuovdedoallu Poro ja poronhoito talousmetsiss\u00e4 (www.metsakeskus.fi) Ruvkeindustriija Hyv\u00e4 kaivos pohjoisessa -ofela\u0161girji birasmuddemii ja sosi\u00e1lala\u0161 nanusvuo\u0111a nannejeaddji buoremus vuog\u00e1dagaide (Lappi universitehta 2013)<\/p>\n","protected":false},"author":1,"featured_media":0,"parent":1109,"menu_order":3,"comment_status":"open","ping_status":"closed","template":"","meta":{"footnotes":""},"class_list":["post-2262","page","type-page","status-publish","hentry"],"_links":{"self":[{"href":"https:\/\/paliskunnat.fi\/bo\/wp-json\/wp\/v2\/pages\/2262","targetHints":{"allow":["GET"]}}],"collection":[{"href":"https:\/\/paliskunnat.fi\/bo\/wp-json\/wp\/v2\/pages"}],"about":[{"href":"https:\/\/paliskunnat.fi\/bo\/wp-json\/wp\/v2\/types\/page"}],"author":[{"embeddable":true,"href":"https:\/\/paliskunnat.fi\/bo\/wp-json\/wp\/v2\/users\/1"}],"replies":[{"embeddable":true,"href":"https:\/\/paliskunnat.fi\/bo\/wp-json\/wp\/v2\/comments?post=2262"}],"version-history":[{"count":5,"href":"https:\/\/paliskunnat.fi\/bo\/wp-json\/wp\/v2\/pages\/2262\/revisions"}],"predecessor-version":[{"id":5477,"href":"https:\/\/paliskunnat.fi\/bo\/wp-json\/wp\/v2\/pages\/2262\/revisions\/5477"}],"up":[{"embeddable":true,"href":"https:\/\/paliskunnat.fi\/bo\/wp-json\/wp\/v2\/pages\/1109"}],"wp:attachment":[{"href":"https:\/\/paliskunnat.fi\/bo\/wp-json\/wp\/v2\/media?parent=2262"}],"curies":[{"name":"wp","href":"https:\/\/api.w.org\/{rel}","templated":true}]}}