{"id":2616,"date":"2015-02-23T13:45:06","date_gmt":"2015-02-23T11:45:06","guid":{"rendered":"http:\/\/80.69.171.23\/py\/?page_id=2616"},"modified":"2025-03-14T15:37:45","modified_gmt":"2025-03-14T13:37:45","slug":"dutkandiedut","status":"publish","type":"page","link":"https:\/\/paliskunnat.fi\/bo\/boazodiedut\/dutkandiedut\/","title":{"rendered":"Dutkandie\u0111ut"},"content":{"rendered":"<h2>Dutkandie\u0111ut bohccos ja boazodoalus<\/h2>\n<h3>Luondduriggodatguovdd\u00e1\u017ea publika\u0161uvdnaohcan<br \/>\nLuonnonvarakeskuksen julkaisuhaku<\/h3>\n<p>Ohcans\u00e1niin poro ja reindeer (hakusanoilla poro ja reindeer):<\/p>\n<p><a href=\"http:\/\/jukuri.luke.fi\/search?query=%28poro%29%20OR%20%28reindeer%29&amp;submit=Hae\">jukuri.luke.fi\/search?query=%28poro%29%20OR%20%28reindeer%29&amp;submit=Hae<\/a><\/p>\n<h3>Ruokavirasto<\/h3>\n<p><a href=\"https:\/\/www.ruokavirasto.fi\/viljelijat\/elaintenpito\/elainten-terveys-ja-elaintaudit\/terveydenhuolto-ja-sairauksien-ennaltaehkaisy\/poro\/\">Poron terveydenhuolto<\/a><\/p>\n<h3>Rangifer-die\u0111apublika\u0161uvdna<br \/>\nRangifer-tiedejulkaisu<\/h3>\n<p>Norgala\u0161 bohccui ja karibui vuodju die\u0111apublika\u0161uvdna. Lohkan l\u00e1hkai \u010dujuhusas:<br \/>\n<a href=\"https:\/\/site.uit.no\/rangifer\/en\/rangifer-9\/\">https:\/\/site.uit.no\/rangifer\/en\/rangifer-9\/<\/a><\/p>\n<h3>Lappi universitehtagoastt\u00e1dus<br \/>\nLapin yliopistokustannus<\/h3>\n<p>Anneli Pohjola &amp; Jarno Valkonen:<br \/>\n<a href=\"https:\/\/lauda.ulapland.fi\/bitstream\/handle\/10024\/61819\/Porohoitajien_hyvinvoinnin_uhat_ja_avun_tarpeetpdfA.pdf?sequence=4\">Poronhoitajien hyvinvoinnin uhat ja avun tarpeet<\/a><\/p>\n<p>&nbsp;<\/p>\n<p>&nbsp;<\/p>\n","protected":false},"excerpt":{"rendered":"<p>Dutkandie\u0111ut bohccos ja boazodoalus Luondduriggodatguovdd\u00e1\u017ea publika\u0161uvdnaohcan Luonnonvarakeskuksen julkaisuhaku Ohcans\u00e1niin poro ja reindeer (hakusanoilla poro ja reindeer): jukuri.luke.fi\/search?query=%28poro%29%20OR%20%28reindeer%29&amp;submit=Hae Ruokavirasto Poron terveydenhuolto Rangifer-die\u0111apublika\u0161uvdna Rangifer-tiedejulkaisu Norgala\u0161 bohccui ja karibui vuodju die\u0111apublika\u0161uvdna. Lohkan l\u00e1hkai \u010dujuhusas: https:\/\/site.uit.no\/rangifer\/en\/rangifer-9\/ Lappi universitehtagoastt\u00e1dus Lapin yliopistokustannus Anneli Pohjola &amp; Jarno Valkonen: Poronhoitajien hyvinvoinnin uhat ja avun tarpeet &nbsp; &nbsp;<\/p>\n","protected":false},"author":1,"featured_media":0,"parent":179,"menu_order":0,"comment_status":"open","ping_status":"closed","template":"","meta":{"footnotes":""},"class_list":["post-2616","page","type-page","status-publish","hentry"],"_links":{"self":[{"href":"https:\/\/paliskunnat.fi\/bo\/wp-json\/wp\/v2\/pages\/2616","targetHints":{"allow":["GET"]}}],"collection":[{"href":"https:\/\/paliskunnat.fi\/bo\/wp-json\/wp\/v2\/pages"}],"about":[{"href":"https:\/\/paliskunnat.fi\/bo\/wp-json\/wp\/v2\/types\/page"}],"author":[{"embeddable":true,"href":"https:\/\/paliskunnat.fi\/bo\/wp-json\/wp\/v2\/users\/1"}],"replies":[{"embeddable":true,"href":"https:\/\/paliskunnat.fi\/bo\/wp-json\/wp\/v2\/comments?post=2616"}],"version-history":[{"count":10,"href":"https:\/\/paliskunnat.fi\/bo\/wp-json\/wp\/v2\/pages\/2616\/revisions"}],"predecessor-version":[{"id":6177,"href":"https:\/\/paliskunnat.fi\/bo\/wp-json\/wp\/v2\/pages\/2616\/revisions\/6177"}],"up":[{"embeddable":true,"href":"https:\/\/paliskunnat.fi\/bo\/wp-json\/wp\/v2\/pages\/179"}],"wp:attachment":[{"href":"https:\/\/paliskunnat.fi\/bo\/wp-json\/wp\/v2\/media?parent=2616"}],"curies":[{"name":"wp","href":"https:\/\/api.w.org\/{rel}","templated":true}]}}