{"id":3463,"date":"2015-04-22T14:35:03","date_gmt":"2015-04-22T11:35:03","guid":{"rendered":"http:\/\/80.69.171.23\/py\/?page_id=3463"},"modified":"2022-02-10T17:06:30","modified_gmt":"2022-02-10T15:06:30","slug":"biltaregisterat","status":"publish","type":"page","link":"https:\/\/paliskunnat.fi\/bo\/ravven\/biltaregisterat\/","title":{"rendered":"Bilt\u00e1registerat"},"content":{"rendered":"<h2>Bilt\u00e1registerat ja biltt\u00e1t<\/h2>\n<p>Bohccuid beljiide giddejuvvon biltt\u00e1id geavahit lassemearkan bohccuid dovdamii. Lassemearkkat leat d\u00e1rbba\u0161la\u010d\u010dat ovdamearkan go vuovdit ealli, juo merkejuvvon bohccuid. B\u00e1lgosiid ovttastusa bokte di\u014bgojuvvon biltt\u00e1in geavahuvvo guokte ivnni: fiskat-ruon\u00e1 buot bohccuin ja ruoksat sagahansarv\u00e1in. Biltt\u00e1 varisbeall\u00e1i deddojuvvo b\u00e1lgosa nummir ja muhtta\u0161uvvi registernummir. Nji\u014b\u014b\u00e1lasbeall\u00e1i beall\u00e1i boazoeaigg\u00e1t s\u00e1htt\u00e1 bidjat dovdandie\u0111uid. Biltt\u00e1t leat jorba dahje njuolggo\u010diegat h\u00e1pm\u00e1sa\u010d\u010dat. Jorba bilt\u00e1i \u010d\u00e1hk\u00e1 guoktenuppelohk\u00e1i mearkka ja njuolggo\u010diegat h\u00e1pm\u00e1sa\u017e\u017eii g\u00e1vcci.<\/p>\n<p><a href=\"https:\/\/paliskunnat.fi\/bo\/wp-content\/uploads\/2014\/10\/piltat-aa.jpg\" rel=\"lightbox[397]\"><img loading=\"lazy\" decoding=\"async\" class=\"alignnone wp-image-1745\" src=\"https:\/\/paliskunnat.fi\/bo\/wp-content\/uploads\/2014\/10\/piltat-aa.jpg\" alt=\"Biltt\u00e1t\" width=\"500\" height=\"275\" srcset=\"https:\/\/paliskunnat.fi\/bo\/wp-content\/uploads\/2014\/10\/piltat-aa.jpg 1000w, https:\/\/paliskunnat.fi\/bo\/wp-content\/uploads\/2014\/10\/piltat-aa-300x165.jpg 300w\" sizes=\"auto, (max-width: 500px) 100vw, 500px\" \/><\/a><\/p>\n<p>Ovttastusa bokte di\u014bgojuvvon biltt\u00e1t merkejuvvojit bilt\u00e1registerii, ja dalle boazoeaigg\u00e1t g\u00e1vdno registeris bilt\u00e1nummiriin. Ear\u00e1 go B\u00e1lgosiid ovttastusa bokte di\u014bgojuvvon biltt\u00e1in ii dollojuvvo virgg\u00e1la\u0161 registera.<\/p>\n<p>B\u00e1lgosiid ovttastusa doalaha virgg\u00e1la\u0161 registera turisma- ja gilvvohallanbohccuin.<\/p>\n<h3>R\u00e1vvagat turismabohccuid biltemis<\/h3>\n<p>Boazu, mii biltejuvvo, galg\u00e1 leat biltedettiin badjel 3-jahk\u00e1sa\u0161 varrisboazu, sarvvis dahje heargi, turismageavahussii d\u00e1bmojuvvon ja duo\u0111a\u0161tit turismaboazun geavahusa. D\u00e1bmojuvvon turismaboazu s\u00e1htt\u00e1 l\u00e1idet, le\u014bget ja geavahit geasehanboazun. Boazu lea h\u00e1rj\u00e1nan olmmo\u0161joavkkuide ja dat geavahuvvo turismadoaimmas.<\/p>\n<p>Turismaboazobiltt\u00e1 oa\u017e\u017eu boazu buvttada ekonomala\u0161 \u00e1vkki eaigg\u00e1dasas. Turismaboazoregistera doalaha B\u00e1lgosiid ovttastus. Turismabohcco eaigg\u00e1dat galg\u00e1 almmuhit dal\u00e1n ovttastussii, juos bohcco biddjojuvvo eret turismageavahusas, dat vuvdojuvvo, njuvvojuvvo dahje j\u00e1pm\u00e1 mu\u0111uid.<\/p>\n<p>&nbsp;<\/p>\n<p>Lassedie\u0111uid biltt\u00e1in ja bilt\u00e1registeris: <a href=\"https:\/\/paliskunnat.fi\/bo\/organisasuvdna-ja-halddahus\/oktavuohtadiedut\/bargoveahka\/#Valkama\">doaimmahat\u010d\u00e1lli<\/a><\/p>\n<p>&nbsp;<\/p>\n","protected":false},"excerpt":{"rendered":"<p>Bilt\u00e1registerat ja biltt\u00e1t Bohccuid beljiide giddejuvvon biltt\u00e1id geavahit lassemearkan bohccuid dovdamii. Lassemearkkat leat d\u00e1rbba\u0161la\u010d\u010dat ovdamearkan go vuovdit ealli, juo merkejuvvon bohccuid. B\u00e1lgosiid ovttastusa bokte di\u014bgojuvvon biltt\u00e1in geavahuvvo guokte ivnni: fiskat-ruon\u00e1 buot bohccuin ja ruoksat sagahansarv\u00e1in. Biltt\u00e1 varisbeall\u00e1i deddojuvvo b\u00e1lgosa nummir ja muhtta\u0161uvvi registernummir. Nji\u014b\u014b\u00e1lasbeall\u00e1i beall\u00e1i boazoeaigg\u00e1t s\u00e1htt\u00e1 bidjat dovdandie\u0111uid. Biltt\u00e1t leat jorba dahje njuolggo\u010diegat h\u00e1pm\u00e1sa\u010d\u010dat. [&hellip;]<\/p>\n","protected":false},"author":1,"featured_media":0,"parent":3944,"menu_order":4,"comment_status":"open","ping_status":"closed","template":"","meta":{"footnotes":""},"class_list":["post-3463","page","type-page","status-publish","hentry"],"_links":{"self":[{"href":"https:\/\/paliskunnat.fi\/bo\/wp-json\/wp\/v2\/pages\/3463","targetHints":{"allow":["GET"]}}],"collection":[{"href":"https:\/\/paliskunnat.fi\/bo\/wp-json\/wp\/v2\/pages"}],"about":[{"href":"https:\/\/paliskunnat.fi\/bo\/wp-json\/wp\/v2\/types\/page"}],"author":[{"embeddable":true,"href":"https:\/\/paliskunnat.fi\/bo\/wp-json\/wp\/v2\/users\/1"}],"replies":[{"embeddable":true,"href":"https:\/\/paliskunnat.fi\/bo\/wp-json\/wp\/v2\/comments?post=3463"}],"version-history":[{"count":5,"href":"https:\/\/paliskunnat.fi\/bo\/wp-json\/wp\/v2\/pages\/3463\/revisions"}],"predecessor-version":[{"id":5840,"href":"https:\/\/paliskunnat.fi\/bo\/wp-json\/wp\/v2\/pages\/3463\/revisions\/5840"}],"up":[{"embeddable":true,"href":"https:\/\/paliskunnat.fi\/bo\/wp-json\/wp\/v2\/pages\/3944"}],"wp:attachment":[{"href":"https:\/\/paliskunnat.fi\/bo\/wp-json\/wp\/v2\/media?parent=3463"}],"curies":[{"name":"wp","href":"https:\/\/api.w.org\/{rel}","templated":true}]}}