{"id":3586,"date":"2015-04-27T13:04:52","date_gmt":"2015-04-27T10:04:52","guid":{"rendered":"http:\/\/80.69.171.23\/py\/?page_id=3586"},"modified":"2015-09-28T14:58:34","modified_gmt":"2015-09-28T11:58:34","slug":"sapmelaccat","status":"publish","type":"page","link":"https:\/\/paliskunnat.fi\/bo\/boazodiedut\/lahkaasaheapmi\/sapmelaccat\/","title":{"rendered":"S\u00e1pmela\u010d\u010dat"},"content":{"rendered":"<h2>S\u00e1pmela\u010d\u010daide guoski l\u00e1gat suomagillii<\/h2>\n<p>Kolttalaki\u00a0<a href=\"http:\/\/www.finlex.fi\/fi\/laki\/ajantasa\/1995\/19950253\">(253\/1995)<\/a><\/p>\n<p>Saamen kielilaki\u00a0<a href=\"http:\/\/www.finlex.fi\/fi\/laki\/ajantasa\/2003\/20031086\">(1086\/2003)<\/a><\/p>\n<p>Laki saamelaisk\u00e4r\u00e4jist\u00e4\u00a0<a href=\"http:\/\/www.finlex.fi\/fi\/laki\/ajantasa\/1995\/19950974\">(974\/1995)<\/a><\/p>\n<h3><\/h3>\n<p>&nbsp;<\/p>\n","protected":false},"excerpt":{"rendered":"<p>S\u00e1pmela\u010d\u010daide guoski l\u00e1gat suomagillii Kolttalaki\u00a0(253\/1995) Saamen kielilaki\u00a0(1086\/2003) Laki saamelaisk\u00e4r\u00e4jist\u00e4\u00a0(974\/1995) &nbsp;<\/p>\n","protected":false},"author":1,"featured_media":0,"parent":1149,"menu_order":1,"comment_status":"open","ping_status":"closed","template":"","meta":{"footnotes":""},"class_list":["post-3586","page","type-page","status-publish","hentry"],"_links":{"self":[{"href":"https:\/\/paliskunnat.fi\/bo\/wp-json\/wp\/v2\/pages\/3586","targetHints":{"allow":["GET"]}}],"collection":[{"href":"https:\/\/paliskunnat.fi\/bo\/wp-json\/wp\/v2\/pages"}],"about":[{"href":"https:\/\/paliskunnat.fi\/bo\/wp-json\/wp\/v2\/types\/page"}],"author":[{"embeddable":true,"href":"https:\/\/paliskunnat.fi\/bo\/wp-json\/wp\/v2\/users\/1"}],"replies":[{"embeddable":true,"href":"https:\/\/paliskunnat.fi\/bo\/wp-json\/wp\/v2\/comments?post=3586"}],"version-history":[{"count":2,"href":"https:\/\/paliskunnat.fi\/bo\/wp-json\/wp\/v2\/pages\/3586\/revisions"}],"predecessor-version":[{"id":4660,"href":"https:\/\/paliskunnat.fi\/bo\/wp-json\/wp\/v2\/pages\/3586\/revisions\/4660"}],"up":[{"embeddable":true,"href":"https:\/\/paliskunnat.fi\/bo\/wp-json\/wp\/v2\/pages\/1149"}],"wp:attachment":[{"href":"https:\/\/paliskunnat.fi\/bo\/wp-json\/wp\/v2\/media?parent=3586"}],"curies":[{"name":"wp","href":"https:\/\/api.w.org\/{rel}","templated":true}]}}