{"id":3588,"date":"2015-04-27T13:06:10","date_gmt":"2015-04-27T10:06:10","guid":{"rendered":"http:\/\/80.69.171.23\/py\/?page_id=3588"},"modified":"2015-09-29T09:05:06","modified_gmt":"2015-09-29T06:05:06","slug":"meahccebivdu","status":"publish","type":"page","link":"https:\/\/paliskunnat.fi\/bo\/boazodiedut\/lahkaasaheapmi\/meahccebivdu\/","title":{"rendered":"Meahccebivdu"},"content":{"rendered":"<h2>Meahc\u00e1steami muddejeaddji l\u00e1gat ja \u00e1sahusat suomagillii<\/h2>\n<p>Mets\u00e4styslaki (<a href=\"http:\/\/www.finlex.fi\/fi\/laki\/ajantasa\/1993\/19930615\">615\/1993<\/a>)<\/p>\n<p>Mets\u00e4stysasetus (<a href=\"http:\/\/www.finlex.fi\/fi\/laki\/ajantasa\/1993\/19930666?search%5Btype%5D=pika&amp;search%5Bpika%5D=mets%C3%A4stysasetus\">666\/1993<\/a>)<\/p>\n<p>Riistavahinkolaki\u00a0<a href=\"http:\/\/www.finlex.fi\/fi\/laki\/ajantasa\/2009\/20090105\">(105\/2009)<\/a><\/p>\n<p>Valtioneuvoston asetus riistavahingoista (<a href=\"http:\/\/www.finlex.fi\/fi\/laki\/alkup\/2010\/20100367\">367\/2010<\/a>)<\/p>\n<p>Maa- ja mets\u00e4talousministeri\u00f6n asetus el\u00e4invahinkojen korvaamisessa k\u00e4ytett\u00e4vist\u00e4 k\u00e4yvist\u00e4 arvoista (<a href=\"http:\/\/www.finlex.fi\/fi\/laki\/alkup\/2012\/20120503\">503\/2012<\/a>)<\/p>\n<p>Luontodirektiivi\u00a0<a href=\"http:\/\/eur-lex.europa.eu\/LexUriServ\/LexUriServ.do?uri=CELEX:31992L0043:FI:HTML\">92\/43\/ETY<\/a>\u00a0suomeksi<\/p>\n<h3><\/h3>\n","protected":false},"excerpt":{"rendered":"<p>Meahc\u00e1steami muddejeaddji l\u00e1gat ja \u00e1sahusat suomagillii Mets\u00e4styslaki (615\/1993) Mets\u00e4stysasetus (666\/1993) Riistavahinkolaki\u00a0(105\/2009) Valtioneuvoston asetus riistavahingoista (367\/2010) Maa- ja mets\u00e4talousministeri\u00f6n asetus el\u00e4invahinkojen korvaamisessa k\u00e4ytett\u00e4vist\u00e4 k\u00e4yvist\u00e4 arvoista (503\/2012) Luontodirektiivi\u00a092\/43\/ETY\u00a0suomeksi<\/p>\n","protected":false},"author":1,"featured_media":0,"parent":1149,"menu_order":2,"comment_status":"open","ping_status":"closed","template":"","meta":{"footnotes":""},"class_list":["post-3588","page","type-page","status-publish","hentry"],"_links":{"self":[{"href":"https:\/\/paliskunnat.fi\/bo\/wp-json\/wp\/v2\/pages\/3588","targetHints":{"allow":["GET"]}}],"collection":[{"href":"https:\/\/paliskunnat.fi\/bo\/wp-json\/wp\/v2\/pages"}],"about":[{"href":"https:\/\/paliskunnat.fi\/bo\/wp-json\/wp\/v2\/types\/page"}],"author":[{"embeddable":true,"href":"https:\/\/paliskunnat.fi\/bo\/wp-json\/wp\/v2\/users\/1"}],"replies":[{"embeddable":true,"href":"https:\/\/paliskunnat.fi\/bo\/wp-json\/wp\/v2\/comments?post=3588"}],"version-history":[{"count":1,"href":"https:\/\/paliskunnat.fi\/bo\/wp-json\/wp\/v2\/pages\/3588\/revisions"}],"predecessor-version":[{"id":4661,"href":"https:\/\/paliskunnat.fi\/bo\/wp-json\/wp\/v2\/pages\/3588\/revisions\/4661"}],"up":[{"embeddable":true,"href":"https:\/\/paliskunnat.fi\/bo\/wp-json\/wp\/v2\/pages\/1149"}],"wp:attachment":[{"href":"https:\/\/paliskunnat.fi\/bo\/wp-json\/wp\/v2\/media?parent=3588"}],"curies":[{"name":"wp","href":"https:\/\/api.w.org\/{rel}","templated":true}]}}