{"id":3595,"date":"2015-04-27T13:10:12","date_gmt":"2015-04-27T10:10:12","guid":{"rendered":"http:\/\/80.69.171.23\/py\/?page_id=3595"},"modified":"2015-09-29T09:11:27","modified_gmt":"2015-09-29T06:11:27","slug":"muu-keskeinen-ymparistolainsaadanto","status":"publish","type":"page","link":"https:\/\/paliskunnat.fi\/bo\/boazodiedut\/lahkaasaheapmi\/muu-keskeinen-ymparistolainsaadanto\/","title":{"rendered":"Ear\u00e1 birasl\u00e1hka\u00e1saheapmi"},"content":{"rendered":"<h2>Ear\u00e1 guovdd\u00e1\u0161 birasl\u00e1hka\u00e1saheapmi suomagillii<\/h2>\n<p>Kaivoslaki\u00a0<a href=\"http:\/\/www.finlex.fi\/fi\/laki\/ajantasa\/2011\/20110621\">(621\/2011)<\/a><\/p>\n<p>Laki ymp\u00e4rist\u00f6vaikutusten arviointimenettelyst\u00e4\u00a0<a href=\"http:\/\/www.finlex.fi\/fi\/laki\/ajantasa\/1994\/19940468\">(468\/1994)<\/a><\/p>\n<p>Luonnonsuojelulaki\u00a0<a href=\"http:\/\/www.finlex.fi\/fi\/laki\/ajantasa\/1996\/19961096\">(1096\/1996)<\/a><\/p>\n<p>Luonnonsuojeluasetus\u00a0<a href=\"http:\/\/www.finlex.fi\/fi\/laki\/ajantasa\/1997\/19970160\">(160\/1997)<\/a><\/p>\n<p>Maank\u00e4ytt\u00f6- ja rakennuslaki\u00a0<a href=\"http:\/\/www.finlex.fi\/fi\/laki\/ajantasa\/1999\/19990132\">(132\/1999)<\/a><\/p>\n<p>Ymp\u00e4rist\u00f6nsuojelulaki\u00a0<a href=\"http:\/\/www.finlex.fi\/fi\/laki\/ajantasa\/2000\/20000086\">(86\/2000)<\/a><\/p>\n<p>Maastoliikennelaki\u00a0<a href=\"http:\/\/www.finlex.fi\/fi\/laki\/ajantasa\/1995\/19951710\">(1710\/1995)<\/a><\/p>\n<p>&nbsp;<\/p>\n<p>&nbsp;<\/p>\n","protected":false},"excerpt":{"rendered":"<p>Ear\u00e1 guovdd\u00e1\u0161 birasl\u00e1hka\u00e1saheapmi suomagillii Kaivoslaki\u00a0(621\/2011) Laki ymp\u00e4rist\u00f6vaikutusten arviointimenettelyst\u00e4\u00a0(468\/1994) Luonnonsuojelulaki\u00a0(1096\/1996) Luonnonsuojeluasetus\u00a0(160\/1997) Maank\u00e4ytt\u00f6- ja rakennuslaki\u00a0(132\/1999) Ymp\u00e4rist\u00f6nsuojelulaki\u00a0(86\/2000) Maastoliikennelaki\u00a0(1710\/1995) &nbsp; &nbsp;<\/p>\n","protected":false},"author":1,"featured_media":0,"parent":1149,"menu_order":5,"comment_status":"open","ping_status":"closed","template":"","meta":{"footnotes":""},"class_list":["post-3595","page","type-page","status-publish","hentry"],"_links":{"self":[{"href":"https:\/\/paliskunnat.fi\/bo\/wp-json\/wp\/v2\/pages\/3595","targetHints":{"allow":["GET"]}}],"collection":[{"href":"https:\/\/paliskunnat.fi\/bo\/wp-json\/wp\/v2\/pages"}],"about":[{"href":"https:\/\/paliskunnat.fi\/bo\/wp-json\/wp\/v2\/types\/page"}],"author":[{"embeddable":true,"href":"https:\/\/paliskunnat.fi\/bo\/wp-json\/wp\/v2\/users\/1"}],"replies":[{"embeddable":true,"href":"https:\/\/paliskunnat.fi\/bo\/wp-json\/wp\/v2\/comments?post=3595"}],"version-history":[{"count":2,"href":"https:\/\/paliskunnat.fi\/bo\/wp-json\/wp\/v2\/pages\/3595\/revisions"}],"predecessor-version":[{"id":4667,"href":"https:\/\/paliskunnat.fi\/bo\/wp-json\/wp\/v2\/pages\/3595\/revisions\/4667"}],"up":[{"embeddable":true,"href":"https:\/\/paliskunnat.fi\/bo\/wp-json\/wp\/v2\/pages\/1149"}],"wp:attachment":[{"href":"https:\/\/paliskunnat.fi\/bo\/wp-json\/wp\/v2\/media?parent=3595"}],"curies":[{"name":"wp","href":"https:\/\/api.w.org\/{rel}","templated":true}]}}