{"id":385,"date":"2014-10-20T10:37:32","date_gmt":"2014-10-20T07:37:32","guid":{"rendered":"http:\/\/80.69.171.23\/py\/?page_id=385"},"modified":"2019-04-07T15:45:51","modified_gmt":"2019-04-07T12:45:51","slug":"boazodoalloravven","status":"publish","type":"page","link":"https:\/\/paliskunnat.fi\/bo\/ravven\/boazodoalloravven\/","title":{"rendered":"Boazodoallor\u00e1vven"},"content":{"rendered":"<h2>Boazodoallor\u00e1vven<\/h2>\n<p>R\u00e1vvet b\u00e1lgosiid ja badjeolbmuid buot boazodollui guoskeva\u0161 \u00e1\u0161\u0161iin.<\/p>\n<p>Bargat b\u00e1lgosiidda \u00e1idegollo\u00e1rvvo\u0161tallamiid ja veahkehit d\u00e1rbba\u0161ettiin cealk\u00e1mu\u0161aid \u010d\u00e1llimis. Boazoeaigg\u00e1diidda bargat m\u00e1ksinv\u00e1lmma\u0161vuo\u0111a\u00e1rvvo\u0161tallamiid ja eal\u00e1huspl\u00e1naid \u00e1lggahandoarjja- ja ruhtadanohcamu\u0161aide.<\/p>\n<p>&nbsp;<\/p>\n<p>Lassedie\u0111ut: <a href=\"https:\/\/paliskunnat.fi\/bo\/organisasuvdna-ja-halddahus\/oktavuohtadiedut\/bargoveahka\/#boazodoalloravvejeaddjit\">Boazodoallor\u00e1vvejeaddjit<\/a><\/p>\n","protected":false},"excerpt":{"rendered":"<p>Boazodoallor\u00e1vven R\u00e1vvet b\u00e1lgosiid ja badjeolbmuid buot boazodollui guoskeva\u0161 \u00e1\u0161\u0161iin. Bargat b\u00e1lgosiidda \u00e1idegollo\u00e1rvvo\u0161tallamiid ja veahkehit d\u00e1rbba\u0161ettiin cealk\u00e1mu\u0161aid \u010d\u00e1llimis. Boazoeaigg\u00e1diidda bargat m\u00e1ksinv\u00e1lmma\u0161vuo\u0111a\u00e1rvvo\u0161tallamiid ja eal\u00e1huspl\u00e1naid \u00e1lggahandoarjja- ja ruhtadanohcamu\u0161aide. &nbsp; Lassedie\u0111ut: Boazodoallor\u00e1vvejeaddjit<\/p>\n","protected":false},"author":1,"featured_media":0,"parent":3944,"menu_order":1,"comment_status":"open","ping_status":"closed","template":"","meta":{"footnotes":""},"class_list":["post-385","page","type-page","status-publish","hentry"],"_links":{"self":[{"href":"https:\/\/paliskunnat.fi\/bo\/wp-json\/wp\/v2\/pages\/385","targetHints":{"allow":["GET"]}}],"collection":[{"href":"https:\/\/paliskunnat.fi\/bo\/wp-json\/wp\/v2\/pages"}],"about":[{"href":"https:\/\/paliskunnat.fi\/bo\/wp-json\/wp\/v2\/types\/page"}],"author":[{"embeddable":true,"href":"https:\/\/paliskunnat.fi\/bo\/wp-json\/wp\/v2\/users\/1"}],"replies":[{"embeddable":true,"href":"https:\/\/paliskunnat.fi\/bo\/wp-json\/wp\/v2\/comments?post=385"}],"version-history":[{"count":8,"href":"https:\/\/paliskunnat.fi\/bo\/wp-json\/wp\/v2\/pages\/385\/revisions"}],"predecessor-version":[{"id":5453,"href":"https:\/\/paliskunnat.fi\/bo\/wp-json\/wp\/v2\/pages\/385\/revisions\/5453"}],"up":[{"embeddable":true,"href":"https:\/\/paliskunnat.fi\/bo\/wp-json\/wp\/v2\/pages\/3944"}],"wp:attachment":[{"href":"https:\/\/paliskunnat.fi\/bo\/wp-json\/wp\/v2\/media?parent=385"}],"curies":[{"name":"wp","href":"https:\/\/api.w.org\/{rel}","templated":true}]}}