{"id":388,"date":"2014-10-20T10:38:23","date_gmt":"2014-10-20T07:38:23","guid":{"rendered":"http:\/\/80.69.171.23\/py\/?page_id=388"},"modified":"2019-04-07T15:48:01","modified_gmt":"2019-04-07T12:48:01","slug":"skuvlejupmi","status":"publish","type":"page","link":"https:\/\/paliskunnat.fi\/bo\/ravven\/skuvlejupmi\/","title":{"rendered":"Skuvlejupmi"},"content":{"rendered":"<h2>Skuvlejupmi<\/h2>\n<p>B\u00e1lgosiid ovttastus ordne o\u0111\u0111a ja easka\u00e1lgi boazoisidiidda ja r\u00e1\u0111\u0111ehusa lahtuide skuvlejumi b\u00e1lgosa h\u00e1lddahusas doaibmamis. Ruhtadolliid skuvlet d\u00e1rbba\u0161ettiin.<\/p>\n<p>B\u00e1lgosiid ovttastus ordne jahk\u00e1sa\u010d\u010dat boazoisidiid ja v\u00e1rreboazoisidiid skuvlenbeivviid ja njuovahathoavddaid skuvlenbeivviid. Lassin ordnet skuvlejumi ear\u00e1 joavkkuide johtolatvah\u00e1t\u00e1rvvo\u0161tallanalbm\u00e1 doaibmamis, bohccuid eallin jo\u0111iheamis ja ear\u00e1 boazodollui guoskeva\u0161 \u00e1\u0161\u0161iin.<\/p>\n<p>Jeara lassedie\u0111uid skuvlejumiin ja muital ideaid vejola\u0161 skuvlend\u00e1rbbuin: <a href=\"https:\/\/paliskunnat.fi\/bo\/organisasuvdna-ja-halddahus\/oktavuohtadiedut\/bargoveahka\/#boazodoallor\u00e1vvejeaddjit\">boazodoallor\u00e1vvejeaddjit<\/a><\/p>\n<h2><\/h2>\n","protected":false},"excerpt":{"rendered":"<p>Skuvlejupmi B\u00e1lgosiid ovttastus ordne o\u0111\u0111a ja easka\u00e1lgi boazoisidiidda ja r\u00e1\u0111\u0111ehusa lahtuide skuvlejumi b\u00e1lgosa h\u00e1lddahusas doaibmamis. Ruhtadolliid skuvlet d\u00e1rbba\u0161ettiin. B\u00e1lgosiid ovttastus ordne jahk\u00e1sa\u010d\u010dat boazoisidiid ja v\u00e1rreboazoisidiid skuvlenbeivviid ja njuovahathoavddaid skuvlenbeivviid. Lassin ordnet skuvlejumi ear\u00e1 joavkkuide johtolatvah\u00e1t\u00e1rvvo\u0161tallanalbm\u00e1 doaibmamis, bohccuid eallin jo\u0111iheamis ja ear\u00e1 boazodollui guoskeva\u0161 \u00e1\u0161\u0161iin. Jeara lassedie\u0111uid skuvlejumiin ja muital ideaid vejola\u0161 skuvlend\u00e1rbbuin: boazodoallor\u00e1vvejeaddjit<\/p>\n","protected":false},"author":1,"featured_media":0,"parent":3944,"menu_order":5,"comment_status":"open","ping_status":"closed","template":"","meta":{"footnotes":""},"class_list":["post-388","page","type-page","status-publish","hentry"],"_links":{"self":[{"href":"https:\/\/paliskunnat.fi\/bo\/wp-json\/wp\/v2\/pages\/388","targetHints":{"allow":["GET"]}}],"collection":[{"href":"https:\/\/paliskunnat.fi\/bo\/wp-json\/wp\/v2\/pages"}],"about":[{"href":"https:\/\/paliskunnat.fi\/bo\/wp-json\/wp\/v2\/types\/page"}],"author":[{"embeddable":true,"href":"https:\/\/paliskunnat.fi\/bo\/wp-json\/wp\/v2\/users\/1"}],"replies":[{"embeddable":true,"href":"https:\/\/paliskunnat.fi\/bo\/wp-json\/wp\/v2\/comments?post=388"}],"version-history":[{"count":8,"href":"https:\/\/paliskunnat.fi\/bo\/wp-json\/wp\/v2\/pages\/388\/revisions"}],"predecessor-version":[{"id":5461,"href":"https:\/\/paliskunnat.fi\/bo\/wp-json\/wp\/v2\/pages\/388\/revisions\/5461"}],"up":[{"embeddable":true,"href":"https:\/\/paliskunnat.fi\/bo\/wp-json\/wp\/v2\/pages\/3944"}],"wp:attachment":[{"href":"https:\/\/paliskunnat.fi\/bo\/wp-json\/wp\/v2\/media?parent=388"}],"curies":[{"name":"wp","href":"https:\/\/api.w.org\/{rel}","templated":true}]}}