{"id":393,"date":"2014-10-20T10:43:55","date_gmt":"2014-10-20T07:43:55","guid":{"rendered":"http:\/\/80.69.171.23\/py\/?page_id=393"},"modified":"2018-01-17T14:57:47","modified_gmt":"2018-01-17T12:57:47","slug":"baikediehtomaterialat","status":"publish","type":"page","link":"https:\/\/paliskunnat.fi\/bo\/ravven\/boazodoalloravven\/baikediehtomaterialat\/","title":{"rendered":"B\u00e1ikediehtomateri\u00e1lat"},"content":{"rendered":"<h2>Boazodoalu b\u00e1ikediehtomateri\u00e1lat<\/h2>\n<p>Boazodoalu b\u00e1ikediehtomateri\u00e1lat, poroGIS-materi\u00e1lat, leat \u010dohkkejuvvon buot b\u00e1lgosiin 2000-logu \u00e1lggus. Materi\u00e1lii leat merkejuvvon earret ear\u00e1 ie\u0161gu\u0111etl\u00e1gan bohccuid guhtoneatnamat, guohtunjohtin ja boazodoalu infrastruktuvra. Materi\u00e1laid rievttit gullet guskkola\u0161 b\u00e1lgosii ja daid s\u00e1htt\u00e1 oa\u017e\u017eut geavahussii b\u00e1lgosa \u010d\u00e1lala\u0161 lobiin. Materi\u00e1la ii leat buot b\u00e1lgosiid buohta o\u0111asmahttojuvvon.<\/p>\n<p>Geavahanlohpeohcamu\u0161a oa\u017e\u017eu B\u00e1lgosiid ovttastusas. Dan galg\u00e1 deavdit ja dasa galg\u00e1 oa\u017e\u017eut b\u00e1lgosa boazoisida vuoll\u00e1i\u010d\u00e1llosa. Devdojuvvon ohcamu\u0161 doaimmahuvvo B\u00e1lgosiid ovttastussii vuoll\u00e1i\u010d\u00e1llosiiddisguin. Ovttastus doaimmaha materi\u00e1la geavahanlobi h\u00e1ldda\u0161eaddj\u00e1i Shapefile-h\u00e1mis.<\/p>\n<p>B\u00e1lgosiid ovttastusas g\u00e1vdno maid b\u00e1lgosiid r\u00e1djemateri\u00e1la.<\/p>\n<p>Boazodoalu b\u00e1ikedie\u0111uid leat o\u0111asmahtt\u00e1n Suoma birasguovdd\u00e1\u017ea ja Fuo\u0111\u0111o- ja guolledoalu dutkanl\u00e1g\u00e1dusa (d\u00e1n \u00e1igge Luondduriggodatguovdd\u00e1\u0161) POROT-pro\u0161eavttas. Dan pro\u0161eaktaguovlun lei Roavvenj\u00e1rga ja Nuorta-Lappi eanangotti guovlu.<\/p>\n<p>Geavahanlohpeohcamu\u0161 <a href=\"https:\/\/paliskunnat.fi\/py\/wp-content\/uploads\/2014\/10\/tietopyynto_py_rekisterista.pdf\">tietopyynto_py_rekisterista<\/a><\/p>\n<p>&nbsp;<\/p>\n<p>Lassedie\u0111ut: <a href=\"https:\/\/paliskunnat.fi\/bo\/organisasuvdna-ja-halddahus\/oktavuohtadiedut\/bargoveahka\/#boazodoalloravvejeaddjit\">Boazodoallor\u00e1vvejeaddjit<\/a><\/p>\n<p>&nbsp;<\/p>\n<p>&nbsp;<\/p>\n","protected":false},"excerpt":{"rendered":"<p>[L\u00e4hde: Word 24.7.2014]<\/p>\n","protected":false},"author":1,"featured_media":0,"parent":385,"menu_order":3,"comment_status":"open","ping_status":"closed","template":"","meta":{"footnotes":""},"class_list":["post-393","page","type-page","status-publish","hentry"],"_links":{"self":[{"href":"https:\/\/paliskunnat.fi\/bo\/wp-json\/wp\/v2\/pages\/393","targetHints":{"allow":["GET"]}}],"collection":[{"href":"https:\/\/paliskunnat.fi\/bo\/wp-json\/wp\/v2\/pages"}],"about":[{"href":"https:\/\/paliskunnat.fi\/bo\/wp-json\/wp\/v2\/types\/page"}],"author":[{"embeddable":true,"href":"https:\/\/paliskunnat.fi\/bo\/wp-json\/wp\/v2\/users\/1"}],"replies":[{"embeddable":true,"href":"https:\/\/paliskunnat.fi\/bo\/wp-json\/wp\/v2\/comments?post=393"}],"version-history":[{"count":7,"href":"https:\/\/paliskunnat.fi\/bo\/wp-json\/wp\/v2\/pages\/393\/revisions"}],"predecessor-version":[{"id":5284,"href":"https:\/\/paliskunnat.fi\/bo\/wp-json\/wp\/v2\/pages\/393\/revisions\/5284"}],"up":[{"embeddable":true,"href":"https:\/\/paliskunnat.fi\/bo\/wp-json\/wp\/v2\/pages\/385"}],"wp:attachment":[{"href":"https:\/\/paliskunnat.fi\/bo\/wp-json\/wp\/v2\/media?parent=393"}],"curies":[{"name":"wp","href":"https:\/\/api.w.org\/{rel}","templated":true}]}}