{"id":3944,"date":"2014-08-05T17:17:00","date_gmt":"2014-08-05T17:17:00","guid":{"rendered":"http:\/\/80.69.171.23\/py\/?page_id=2"},"modified":"2017-10-17T20:35:23","modified_gmt":"2017-10-17T17:35:23","slug":"ravven","status":"publish","type":"page","link":"https:\/\/paliskunnat.fi\/bo\/ravven\/","title":{"rendered":"R\u00e1vven"},"content":{"rendered":"<h2>R\u00e1vven ja \u00e1\u0161\u0161edovdib\u00e1lvalusat<\/h2>\n<p>B\u00e1lgosiid ovttastus f\u00e1ll\u00e1 \u00e1\u0161\u0161edovdi boazodoalu r\u00e1vvema boazodolliide ja \u010danusjoavkkuide.<\/p>\n<p>Ovttastusa bargoveahka doaibm\u00e1 boazodoalu \u00e1\u0161\u0161edovdin ear\u00e1l\u00e1gan bargojoavkkuin ja r\u00e1\u0111\u0111\u00e1dallamiin ja ovdanbukt\u00e1 boazodoalu ie\u0161gu\u0111et geah\u010d\u010danguovlluin m\u00e1\u014bggal\u00e1gan d\u00e1hp\u00e1husain ja dil\u00e1la\u0161vuo\u0111ain. Boazodoalus bargi olbmuide f\u00e1llojuvvo skuvlejumi jahk\u00e1sa\u010d\u010dat d\u00e1rbbu ja dili mielde.<\/p>\n<p>&nbsp;<\/p>\n<p>Jeara lassedie\u0111uid ja evttot skuvlejumiid <a href=\"https:\/\/paliskunnat.fi\/bo\/organisasuvdna-ja-halddahus\/oktavuohtadiedut\/bargoveahka\/#boazodoalloravvejeaddjit\">boazodoallor\u00e1vvejeddjiide<\/a><\/p>\n<p>&nbsp;<\/p>\n","protected":false},"excerpt":{"rendered":"<p>R\u00e1vven ja \u00e1\u0161\u0161edovdib\u00e1lvalusat B\u00e1lgosiid ovttastus f\u00e1ll\u00e1 \u00e1\u0161\u0161edovdi boazodoalu r\u00e1vvema boazodolliide ja \u010danusjoavkkuide. Ovttastusa bargoveahka doaibm\u00e1 boazodoalu \u00e1\u0161\u0161edovdin ear\u00e1l\u00e1gan bargojoavkkuin ja r\u00e1\u0111\u0111\u00e1dallamiin ja ovdanbukt\u00e1 boazodoalu ie\u0161gu\u0111et geah\u010d\u010danguovlluin m\u00e1\u014bggal\u00e1gan d\u00e1hp\u00e1husain ja dil\u00e1la\u0161vuo\u0111ain. Boazodoalus bargi olbmuide f\u00e1llojuvvo skuvlejumi jahk\u00e1sa\u010d\u010dat d\u00e1rbbu ja dili mielde. &nbsp; Jeara lassedie\u0111uid ja evttot skuvlejumiid boazodoallor\u00e1vvejeddjiide &nbsp;<\/p>\n","protected":false},"author":1,"featured_media":0,"parent":0,"menu_order":3,"comment_status":"open","ping_status":"closed","template":"","meta":{"footnotes":""},"class_list":["post-3944","page","type-page","status-publish","hentry"],"_links":{"self":[{"href":"https:\/\/paliskunnat.fi\/bo\/wp-json\/wp\/v2\/pages\/3944","targetHints":{"allow":["GET"]}}],"collection":[{"href":"https:\/\/paliskunnat.fi\/bo\/wp-json\/wp\/v2\/pages"}],"about":[{"href":"https:\/\/paliskunnat.fi\/bo\/wp-json\/wp\/v2\/types\/page"}],"author":[{"embeddable":true,"href":"https:\/\/paliskunnat.fi\/bo\/wp-json\/wp\/v2\/users\/1"}],"replies":[{"embeddable":true,"href":"https:\/\/paliskunnat.fi\/bo\/wp-json\/wp\/v2\/comments?post=3944"}],"version-history":[{"count":9,"href":"https:\/\/paliskunnat.fi\/bo\/wp-json\/wp\/v2\/pages\/3944\/revisions"}],"predecessor-version":[{"id":5224,"href":"https:\/\/paliskunnat.fi\/bo\/wp-json\/wp\/v2\/pages\/3944\/revisions\/5224"}],"wp:attachment":[{"href":"https:\/\/paliskunnat.fi\/bo\/wp-json\/wp\/v2\/media?parent=3944"}],"curies":[{"name":"wp","href":"https:\/\/api.w.org\/{rel}","templated":true}]}}