{"id":397,"date":"2014-10-20T10:48:24","date_gmt":"2014-10-20T07:48:24","guid":{"rendered":"http:\/\/80.69.171.23\/py\/?page_id=397"},"modified":"2022-02-10T17:06:06","modified_gmt":"2022-02-10T15:06:06","slug":"boazomearkkat","status":"publish","type":"page","link":"https:\/\/paliskunnat.fi\/bo\/ravven\/boazomearkkat\/","title":{"rendered":"Boazomearkkat"},"content":{"rendered":"<h2>Boazomearkkat<\/h2>\n<p>Bohcco oamastuvvo ja juohke bohcco bealjit merkejuvvo oamasteaddjis registrerejuvvon virgg\u00e1la\u0161 boazomearkkain. B\u00e1lgosiid ovttastus doalaha boazomearkaregistera ja doaibm\u00e1 eisev\u00e1ldin boazomearka\u00e1\u0161\u0161iin (PHL <a href=\"http:\/\/www.finlex.fi\/fi\/laki\/ajantasa\/1990\/19900848\">848\/1990<\/a>).<\/p>\n<p>Boazomearkkaid s\u00e1nit govviduvvo sihke govain ja s\u00e1n\u00e1la\u010d\u010dat. Juohke boazomearka lea ie\u017easl\u00e1gan oktiibidju ie\u0161gu\u0111etl\u00e1gan s\u00e1niin. Bealljemearka lohkan \u00e1lggahuvvo olge\u0161 bealjis, bealji gea\u017eis m\u00e1ddagii. Geavahusas mearkkat leat sullii 12\u00a0000.<\/p>\n<p><a href=\"https:\/\/paliskunnat.fi\/bo\/wp-content\/uploads\/2018\/01\/boazomearkka_sanit.jpg\" rel=\"lightbox[397]\"><img loading=\"lazy\" decoding=\"async\" class=\"alignnone wp-image-5320\" src=\"https:\/\/paliskunnat.fi\/bo\/wp-content\/uploads\/2018\/01\/boazomearkka_sanit.jpg\" alt=\"\" width=\"460\" height=\"436\" srcset=\"https:\/\/paliskunnat.fi\/bo\/wp-content\/uploads\/2018\/01\/boazomearkka_sanit.jpg 845w, https:\/\/paliskunnat.fi\/bo\/wp-content\/uploads\/2018\/01\/boazomearkka_sanit-300x284.jpg 300w, https:\/\/paliskunnat.fi\/bo\/wp-content\/uploads\/2018\/01\/boazomearkka_sanit-768x727.jpg 768w\" sizes=\"auto, (max-width: 460px) 100vw, 460px\" \/><\/a><\/p>\n<p>Boazomearkkaid s\u00e1nit leat: s\u00e1rggis, bihtt\u00e1, gie\u0161ka, hoa\u014bka, rast\u00e1, guobir, luddestat, njavki, skivdnji, alddas, \u010dih\u010d\u010de, vatnja\/g\u00e1hpp\u00e1lat, luddestat ja r\u00e1igi, lottigazza, diila\/nihtta, guokte gie\u0161kka ma\u014b\u014b\u00e1laga, gie\u0161ka ja gie\u0161kka sisa ja stuorra bihtt\u00e1. S\u00e1niid ovttastallamin oa\u017e\u017eut ie\u0161gu\u0111etl\u00e1gan boazomearkkaid. Lassin s\u00e1httit geavahit B\u00e1lgosiid ovttastusa dohkkehan lassemearkka, biltt\u00e1.<\/p>\n<p>&nbsp;<\/p>\n<p>Lassedie\u0111ut boazomearkkain ja mearkaregisteris: <a href=\"https:\/\/paliskunnat.fi\/bo\/organisasuvdna-ja-halddahus\/oktavuohtadiedut\/bargoveahka\/#Konstig\">Njunno\u0161a \u010d\u00e1lli<\/a><\/p>\n<p>&nbsp;<\/p>\n<h2><\/h2>\n","protected":false},"excerpt":{"rendered":"<p>[L\u00e4hde: Word 24.7.2014]<\/p>\n","protected":false},"author":1,"featured_media":0,"parent":3944,"menu_order":3,"comment_status":"open","ping_status":"closed","template":"","meta":{"footnotes":""},"class_list":["post-397","page","type-page","status-publish","hentry"],"_links":{"self":[{"href":"https:\/\/paliskunnat.fi\/bo\/wp-json\/wp\/v2\/pages\/397","targetHints":{"allow":["GET"]}}],"collection":[{"href":"https:\/\/paliskunnat.fi\/bo\/wp-json\/wp\/v2\/pages"}],"about":[{"href":"https:\/\/paliskunnat.fi\/bo\/wp-json\/wp\/v2\/types\/page"}],"author":[{"embeddable":true,"href":"https:\/\/paliskunnat.fi\/bo\/wp-json\/wp\/v2\/users\/1"}],"replies":[{"embeddable":true,"href":"https:\/\/paliskunnat.fi\/bo\/wp-json\/wp\/v2\/comments?post=397"}],"version-history":[{"count":12,"href":"https:\/\/paliskunnat.fi\/bo\/wp-json\/wp\/v2\/pages\/397\/revisions"}],"predecessor-version":[{"id":5839,"href":"https:\/\/paliskunnat.fi\/bo\/wp-json\/wp\/v2\/pages\/397\/revisions\/5839"}],"up":[{"embeddable":true,"href":"https:\/\/paliskunnat.fi\/bo\/wp-json\/wp\/v2\/pages\/3944"}],"wp:attachment":[{"href":"https:\/\/paliskunnat.fi\/bo\/wp-json\/wp\/v2\/media?parent=397"}],"curies":[{"name":"wp","href":"https:\/\/api.w.org\/{rel}","templated":true}]}}