{"id":399,"date":"2014-10-20T10:49:31","date_gmt":"2014-10-20T07:49:31","guid":{"rendered":"http:\/\/80.69.171.23\/py\/?page_id=399"},"modified":"2024-09-03T10:50:19","modified_gmt":"2024-09-03T07:50:19","slug":"eanangeavaheapmi","status":"publish","type":"page","link":"https:\/\/paliskunnat.fi\/bo\/ravven\/eanangeavaheapmi\/","title":{"rendered":"Eanangeavaheapmi"},"content":{"rendered":"<h2>Eanangeavaheapmi boazodoalloguovllus<\/h2>\n<p>Boazu lea smirezasti, mii d\u00e1rbba\u0161a m\u00e1\u014bggal\u00e1gan borramu\u0161\u0161attuid jahkejohtimisttis sierra muttuin. Boazodoallu vuo\u0111\u0111uduvv\u00e1 luonddu guohtuneatnamiidda ja bohcco friddja guo\u0111oheapm\u00e1i dain: boazu ohc\u00e1 ja g\u00e1vdn\u00e1 borramu\u0161as ie\u0161 luonddus, boazu \u00e1vkk\u00e1stall\u00e1 sullii 350 sierra borramu\u0161\u0161attu. Mearkka\u0161ahtti oassi bohcco borramu\u0161\u0161attuin, erenoam\u00e1\u017eit jeagil, \u0161add\u00e1 mehciin. Bohccuid geasseguohtoneatnamat leat jeakkit, giettit ja \u0161attola\u0161 \u00e1jaguorat. \u010cak\u010dat bohccot \u010dohkiidit vuvddiide borrat guobbariid.<\/p>\n<p>Boazodoallu d\u00e1rbba\u0161a viiddes ja m\u00e1\u014bggabealat guohtuneatnamiid vai dat s\u00e1htt\u00e1 doaibmat ekologala\u010d\u010dat, sosi\u00e1lala\u010d\u010dat, kultuvrrala\u010d\u010dat ja ekonomala\u010d\u010dat heivvola\u0161 vugiin.<\/p>\n<p><a href=\"https:\/\/paliskunnat.fi\/bo\/wp-content\/uploads\/2014\/10\/poroja_Saarisel\u00e4ll\u00e4.jpg\" rel=\"lightbox[399]\"><img loading=\"lazy\" decoding=\"async\" class=\"alignnone wp-image-1749\" src=\"https:\/\/paliskunnat.fi\/bo\/wp-content\/uploads\/2014\/10\/poroja_Saarisel\u00e4ll\u00e4.jpg\" alt=\"Geasseguolggat bohccot Suolo\u010dielggi filttiin geasset 2013\" width=\"500\" height=\"321\" srcset=\"https:\/\/paliskunnat.fi\/bo\/wp-content\/uploads\/2014\/10\/poroja_Saarisel\u00e4ll\u00e4.jpg 1000w, https:\/\/paliskunnat.fi\/bo\/wp-content\/uploads\/2014\/10\/poroja_Saarisel\u00e4ll\u00e4-300x193.jpg 300w\" sizes=\"auto, (max-width: 500px) 100vw, 500px\" \/><\/a><\/p>\n<p>Ear\u00e1 eanangeavaheapmi v\u00e1ikkuha boazodollui earret ear\u00e1 borramu\u0161resurssaid dahje guohtuneatnamiid uhccuma ja cuovkaneami, bohccuid guohtunjohtima hehttehusaid ja nupp\u00e1stumiid, boazodoalu doaimma hehttema ja sierral\u00e1gan lihkuhisvuo\u0111aid lass\u00e1neami h\u00e1mis. Eanangeavaheamis eai leat \u010duovvumu\u0161at du\u0161\u0161e boazodoalloservodaga ekonomala\u0161 doaibmaeavttuide, muhto maidd\u00e1i kultuvrii.<\/p>\n<p>Boazodoallu lea sorjava\u0161 luonddus ja vuo\u0111\u0111uduvv\u00e1 o\u0111asmuvvi luondduriggodagaid nanaguoddeva\u0161 \u00e1vkk\u00e1stallamis. Boazodoalu eavttuide v\u00e1ikkuheaddji eanageavaheami h\u00e1mit leat prinsihpas buot boazodoalloguovllu luondduriggodagaid \u00e1vkk\u00e1stallamii guoskeva\u0161 doaimmat. Guovdd\u00e1\u0161 v\u00e1ikkuheaddjit leat vuovdedoallu, ruvkedoaibma, biegga- ja \u010d\u00e1hcef\u00e1pmu, lavdnjebuvttadeapmi, turisma ja sierral\u00e1gan suodjalanguovllut.<\/p>\n<p><a href=\"https:\/\/paliskunnat.fi\/bo\/wp-content\/uploads\/2024\/09\/Poronhoitoalueen_maankayttokartta-17062024.jpg\" rel=\"lightbox[399]\"><img loading=\"lazy\" decoding=\"async\" class=\"alignnone wp-image-6143\" src=\"https:\/\/paliskunnat.fi\/bo\/wp-content\/uploads\/2024\/09\/Poronhoitoalueen_maankayttokartta-17062024.jpg\" alt=\"Poronhoitoalueen maank\u00e4ytt\u00f6kartta\" width=\"460\" height=\"650\" srcset=\"https:\/\/paliskunnat.fi\/bo\/wp-content\/uploads\/2024\/09\/Poronhoitoalueen_maankayttokartta-17062024.jpg 566w, https:\/\/paliskunnat.fi\/bo\/wp-content\/uploads\/2024\/09\/Poronhoitoalueen_maankayttokartta-17062024-212x300.jpg 212w\" sizes=\"auto, (max-width: 460px) 100vw, 460px\" \/><\/a><\/p>\n<p>Buoremus guohtuneana lea doarv\u00e1i viiddis, oktila\u0161 ja m\u00e1\u014bggabealat. Boazu g\u00e1vdn\u00e1 doppe sierral\u00e1gan borramu\u0161\u0161attuid ja \u010diegarda juohke siivvus. Buorre guohtuneatnamis boazu oa\u017e\u017eu doarv\u00e1i borramu\u0161a ja doppe lea guohtunr\u00e1fi massiivvala\u0161 olbmodoaibmama haga. Bohccuid buoremus guohtuneatnamat leat suodjalanguovlluin, gos ear\u00e1 eanageavaheami leat r\u00e1djen. Boazodoallu lea aktiivvala\u010d\u010dat oas\u00e1la\u017e\u017ean sierral\u00e1gan l\u00e1gas mearriduvvon eanangeavaheami meannudemiin, dego l\u00e1vvar\u00e1hkadeami ear\u00e1 d\u00e1siin (eanagoddil\u00e1vvar\u00e1hkadeapmi, oppala\u0161 l\u00e1vvar\u00e1hkadeapmi, sadjel\u00e1vvar\u00e1hkadeapmi), pro\u0161eavttaid birasv\u00e1ikkuhusaid \u00e1rvvo\u0161tallamis, suodjalusguovlluid dik\u0161un- ja geavahanpl\u00e1nain, m\u00e1lmmaohcan- ja ruvkelohpeproseassain ja johtolaga pl\u00e1nemis (geaidnu- ja luoddapl\u00e1nat).<\/p>\n<p>B\u00e1lgosiid ovttastus doaibm\u00e1 boazodoallojearaldagaid \u00e1\u0161\u0161edovdin ja \u00e1\u0161\u0161\u00e1iosola\u0161 b\u00e1lgosiid veahkkin sierra eanageavaheami meannudeamis, add\u00e1 cealk\u00e1mu\u0161aid ja oass\u00e1last\u00e1 r\u00e1\u0111\u0111\u00e1dallamiidda, stivrenjoavkkuide ja ovd\u00e1nahttinbargojoavkkuide ja \u010doagg\u00e1 die\u0111uid sierral\u00e1gan eanangeavaheamih\u00e1miid v\u00e1ikkuhusas boazodollui.<\/p>\n<p><a href=\"https:\/\/www.finlex.fi\/fi\/laki\/ajantasa\/1990\/19900848#P53\">Boazodoallol\u00e1ga 53 \u00a7<\/a> mielde st\u00e1hta eatnamiid guoskeva\u0161, boazodollui \u010dielgasit v\u00e1ikkuheaddji doaibmabijuid pl\u00e1nedettiin galg\u00e1 \u00e1lo r\u00e1\u0111\u0111\u00e1dallat \u00e1\u0161\u0161\u00e1iosola\u0161 b\u00e1lgosa ovddasteddjiiguin. R\u00e1\u0111\u0111\u00e1dallamiin b\u00e1lgosa ovddasta boazoisit.<\/p>\n<p>&nbsp;<\/p>\n<p><!--more--><\/p>\n<h2>PoroYVA<\/h2>\n<p><a href=\"https:\/\/www.paliskunnat.fi\/poroyva\/\">PoroYVA-ofela\u0161<\/a>\u00a0 (suomagillii) lea ollisla\u0161 diehtog\u00e1ldu boazodoalu vuhtiiv\u00e1ldimis eanageavahanpro\u0161eavttain.<\/p>\n<h2>Boazodoalu b\u00e1ikediehtomateri\u00e1lat<\/h2>\n<p><a href=\"https:\/\/paliskunnat.fi\/bo\/ravven\/boazodoalloravven\/baikediehtomaterialat\/\">Boazodoalu b\u00e1ikediehtomateri\u00e1lat<\/a> leat \u010doggojuvvon 2000-logu \u00e1lggus ovttasbarggus b\u00e1lgosiiguin.<\/p>\n<p>&nbsp;<\/p>\n","protected":false},"excerpt":{"rendered":"<p>[L\u00e4hde: Word 24.7.2014]<\/p>\n","protected":false},"author":1,"featured_media":0,"parent":3944,"menu_order":2,"comment_status":"open","ping_status":"closed","template":"","meta":{"footnotes":""},"class_list":["post-399","page","type-page","status-publish","hentry"],"_links":{"self":[{"href":"https:\/\/paliskunnat.fi\/bo\/wp-json\/wp\/v2\/pages\/399","targetHints":{"allow":["GET"]}}],"collection":[{"href":"https:\/\/paliskunnat.fi\/bo\/wp-json\/wp\/v2\/pages"}],"about":[{"href":"https:\/\/paliskunnat.fi\/bo\/wp-json\/wp\/v2\/types\/page"}],"author":[{"embeddable":true,"href":"https:\/\/paliskunnat.fi\/bo\/wp-json\/wp\/v2\/users\/1"}],"replies":[{"embeddable":true,"href":"https:\/\/paliskunnat.fi\/bo\/wp-json\/wp\/v2\/comments?post=399"}],"version-history":[{"count":26,"href":"https:\/\/paliskunnat.fi\/bo\/wp-json\/wp\/v2\/pages\/399\/revisions"}],"predecessor-version":[{"id":6144,"href":"https:\/\/paliskunnat.fi\/bo\/wp-json\/wp\/v2\/pages\/399\/revisions\/6144"}],"up":[{"embeddable":true,"href":"https:\/\/paliskunnat.fi\/bo\/wp-json\/wp\/v2\/pages\/3944"}],"wp:attachment":[{"href":"https:\/\/paliskunnat.fi\/bo\/wp-json\/wp\/v2\/media?parent=399"}],"curies":[{"name":"wp","href":"https:\/\/api.w.org\/{rel}","templated":true}]}}