{"id":401,"date":"2014-10-20T10:51:15","date_gmt":"2014-10-20T07:51:15","guid":{"rendered":"http:\/\/80.69.171.23\/py\/?page_id=401"},"modified":"2021-01-18T11:51:19","modified_gmt":"2021-01-18T09:51:19","slug":"vuovdedoallu","status":"publish","type":"page","link":"https:\/\/paliskunnat.fi\/bo\/ravven\/eanangeavaheapmi\/vuovdedoallu\/","title":{"rendered":"Vuovdedoallu"},"content":{"rendered":"<h2>Vuovdedoallu<\/h2>\n<p>Boazodoallu gilvala deh\u00e1leamos resurssastis, viiddes guohtuneatnamiin, ear\u00e1 eanageavahemiin. Viid\u00e1mus v\u00e1ikkuheaddji eanangeavaheaddji lea vuovdedoallu. Meahcir\u00e1\u0111\u0111ehusa vuovdedoalu vuovdeeatnamiin 71 % leat boazodoalloguovllus.<\/p>\n<p>Vuovdeb\u00e1lgosiin vuvddiid mearkka\u0161upmi erenoam\u00e1\u017eit d\u00e1lveguohtuneatnamiin lea duo\u0111aid stuorra. Bohccot v\u00e1lljejit d\u00e1lvet borramu\u0161\u0161an vuosttamu\u017e\u017ean jeahk\u00e1la ja dak\u014basiid. Jeahk\u00e1la mearkka\u0161umi loktana d\u00e1lvvi mielde go jeahk\u00e1la lea \u00e1lki \u00e1vkk\u00e1stallat ja dat sisttisdoall\u00e1 ollu karbohydr\u00e1htaid. Fuo\u0111\u0111o- ja guolledoalu dutkanl\u00e1g\u00e1dusa ja Vuovdedutkanl\u00e1g\u00e1dusa (d\u00e1n \u00e1igge <a href=\"http:\/\/www.luke.fi\/kalat-ja-riista\/\">Luondduriggodatguovdd\u00e1\u0161<\/a>) m\u00e1\u014bggaid dutkamu\u0161aid mielde jeahk\u00e1la mearri lea stuor\u00e1t boares vuvddiin go nuorra \u0161addadanvuvddiin.<\/p>\n\n\t\t<style type=\"text\/css\">\n\t\t\t#gallery-1 {\n\t\t\t\tmargin: auto;\n\t\t\t}\n\t\t\t#gallery-1 .gallery-item {\n\t\t\t\tfloat: left;\n\t\t\t\tmargin-top: 10px;\n\t\t\t\ttext-align: center;\n\t\t\t\twidth: 33%;\n\t\t\t}\n\t\t\t#gallery-1 img {\n\t\t\t\tborder: 2px solid #cfcfcf;\n\t\t\t}\n\t\t\t#gallery-1 .gallery-caption {\n\t\t\t\tmargin-left: 0;\n\t\t\t}\n\t\t\t\/* see gallery_shortcode() in wp-includes\/media.php *\/\n\t\t<\/style>\n\t\t<div id='gallery-1' class='gallery galleryid-401 gallery-columns-3 gallery-size-thumbnail'><dl class='gallery-item'>\n\t\t\t<dt class='gallery-icon landscape'>\n\t\t\t\t<a href='https:\/\/paliskunnat.fi\/bo\/wp-content\/uploads\/2014\/10\/Metsanmuokkaus1.jpg' rel=\"lightbox[401]\"><img loading=\"lazy\" decoding=\"async\" width=\"150\" height=\"150\" src=\"https:\/\/paliskunnat.fi\/bo\/wp-content\/uploads\/2014\/10\/Metsanmuokkaus1-150x150.jpg\" class=\"attachment-thumbnail size-thumbnail\" alt=\"\" \/><\/a>\n\t\t\t<\/dt><\/dl><dl class='gallery-item'>\n\t\t\t<dt class='gallery-icon landscape'>\n\t\t\t\t<a href='https:\/\/paliskunnat.fi\/bo\/wp-content\/uploads\/2014\/10\/MetsanmuokkausB.jpg' rel=\"lightbox[401]\"><img loading=\"lazy\" decoding=\"async\" width=\"150\" height=\"150\" src=\"https:\/\/paliskunnat.fi\/bo\/wp-content\/uploads\/2014\/10\/MetsanmuokkausB-150x150.jpg\" class=\"attachment-thumbnail size-thumbnail\" alt=\"\" \/><\/a>\n\t\t\t<\/dt><\/dl><dl class='gallery-item'>\n\t\t\t<dt class='gallery-icon landscape'>\n\t\t\t\t<a href='https:\/\/paliskunnat.fi\/bo\/wp-content\/uploads\/2014\/10\/Porot_kaivoksella.jpg' rel=\"lightbox[401]\"><img loading=\"lazy\" decoding=\"async\" width=\"150\" height=\"150\" src=\"https:\/\/paliskunnat.fi\/bo\/wp-content\/uploads\/2014\/10\/Porot_kaivoksella-150x150.jpg\" class=\"attachment-thumbnail size-thumbnail\" alt=\"\" \/><\/a>\n\t\t\t<\/dt><\/dl><br style=\"clear: both\" \/><dl class='gallery-item'>\n\t\t\t<dt class='gallery-icon landscape'>\n\t\t\t\t<a href='https:\/\/paliskunnat.fi\/bo\/wp-content\/uploads\/2014\/10\/poroja_hakkuulla.jpg' rel=\"lightbox[401]\"><img loading=\"lazy\" decoding=\"async\" width=\"150\" height=\"150\" src=\"https:\/\/paliskunnat.fi\/bo\/wp-content\/uploads\/2014\/10\/poroja_hakkuulla-150x150.jpg\" class=\"attachment-thumbnail size-thumbnail\" alt=\"\" \/><\/a>\n\t\t\t<\/dt><\/dl>\n\t\t\t<br style='clear: both' \/>\n\t\t<\/div>\n\n<p>&nbsp;<\/p>\n<p>Gi\u0111\u0111ad\u00e1lvve, go cuo\u014bu lea menddo garas \u010diegardit borramu\u0161a g\u00e1vdnamii, boazu seast\u00e1 \u010diegardeapm\u00e1i golli energiija ja borragoaht\u00e1 lahpuid, mat leat Vuovdedutkanl\u00e1g\u00e1dusa dutkamu\u0161aid mielde eanemus boares goahccevuvddiin. Boazu \u00e1vkk\u00e1stall\u00e1 muora ovssiin ja ru\u014bggus \u0161addi lahpu lassin maid lahppoarvvi, nappo muohta ja biekka gah\u010dahan lahpu.<\/p>\n<p>Juohke b\u00e1lgosis bibmet oasi bohccuin lassebiepmuin d\u00e1lvet. Lassebiebmu d\u00e1rbu boaht\u00e1 juohke b\u00e1lgosa dahje siidda guohtuneatnamiin. Fitnodatvuovdeguovlluin lassebiebman lea vealtameahttun bohccuid doallan buorre ordnegis d\u00e1lvvi badjel. Lassebiebman addojuvvo oassin g\u00e1rddiin, oassin guohtuneatnamiin. Bohccot birgejit buorre ordnegis d\u00e1lvvi lassebiebmama haga lagamust\u00e1 doarv\u00e1i viiddes oktila\u0161 boares vuvddiid guovllus, dego ie\u0161gu\u0111etl\u00e1gan suodjalanguovlluin, gos jeagil ja lahppu \u0161addet ain bures.<\/p>\n<p><strong>Vuovdedoallu v\u00e1ikkuha boazodollui erenoam\u00e1\u017eit guohtuneatnamiid nupp\u00e1stuhttima bokte, go dat unnida bohccuide deh\u00e1la\u0161 d\u00e1lveguohtuneatnamiid viidodagaid ja heajuda daid dili:<\/strong><\/p>\n<ul>\n<li>Oktila\u0161 guohtuneatnamat cuovkanit<\/li>\n<li>Go vuvddiid \u010duohppat, lahpu \u0161addanvuo\u0111\u0111u j\u00e1vk\u00e1<\/li>\n<li>Eatnama gie\u0111ahallan: jeahk\u00e1lat ja dak\u014basat v\u00e1tnot<\/li>\n<li>\u010cuohpahatb\u00e1zahusat hehttejit jeahk\u00e1la \u0161addama<\/li>\n<li>\u010cuohpahagain suonjardan-, l\u00e1vttasvuohta-, liekkasvuohta- ja bieggadilit nupp\u00e1stuvvet. Jeahk\u00e1la gilvaleapmi ear\u00e1 \u0161attuin \u010davgana<\/li>\n<li>Jalges guovlluin muohta garr\u00e1 biekka v\u00e1ikkuhusas, mii hehtte bohcco \u010diegardeami (gi\u0111\u0111ad\u00e1lvi)<\/li>\n<\/ul>\n<h3>Vuovdedoallu v\u00e1ikkuha maid boazobargguide<\/h3>\n<ul>\n<li>Jalg\u014b\u00e1t, \u010duohpahatb\u00e1zahusat, h\u00e1rven, bovdnen, goivvohagaid roggan ja liigg\u00e1s suhkkes ves\u00e1g\u00e1rdi hehttejit bohccuid ja badjeolbmuid johtima guo\u0111ohagain.<\/li>\n<\/ul>\n<h3>Vuovdedoalu positiivvala\u0161 v\u00e1ikkuhusat boazodollui<\/h3>\n<ul>\n<li>H\u00e1rven\u010duohpahagat: oainnus buorr\u00e1na ja \u010duovgga mearri lass\u00e1na; jeagil \u00e1vka\u0161uvv\u00e1 ja johtin boazobargguin lea \u00e1lkit<\/li>\n<li>Meahccegeainnut \u00e1lkidahttet boazobargguid<\/li>\n<li>Add\u00e1 barggu seso\u014b\u014baid mielde maid boazodolliide (gilvin, nj\u00e1skan, m\u00e1\u0161enbarggut)<\/li>\n<\/ul>\n<h3>Boazodoalu vuhtiiv\u00e1ldin vuovdedoalus<\/h3>\n<p>O\u0111\u0111a <a href=\"http:\/\/www.finlex.fi\/fi\/laki\/ajantasa\/1996\/19961093\">vuovdel\u00e1gas<\/a> (1093\/1996) vuovdeoamasteaddjit s\u00e1httet mearridit \u010duohppama \u00e1lggaheamis ja vuvddiid johtin\u00e1iggiin. Maidd\u00e1i \u010doaggin\u010duohpahagat ja unnar\u00e1ige\u010duohpahagat leat vejola\u010d\u010dat ja lunddola\u0161 o\u0111asmahttima vejola\u0161vuo\u0111at ja sierrar\u00e1hkadusat vuovddi \u0161addadeamis o\u017e\u017eot n\u00e1 buoret eavttuid. \u010coaggin\u010duohpahagaid geavaheapmi vuovdedoalus lasihiv\u010d\u010de vuvddiid gok\u010daseami, ja n\u00e1 lahppu sird\u00e1seapmi o\u0111\u0111a muorrasohkabulvii liv\u010d\u010de \u00e1lkit. Maidd\u00e1i eatnama gie\u0111ahallama ii dalle d\u00e1rbba\u0161uvvo, go bohccuid guohtuneatnamat seilo\u0161edje buorebut maid vuovdefitnodateatnamiin.<\/p>\n<p>&nbsp;<\/p>\n<p>&nbsp;<\/p>\n<p><!--more--><\/p>\n<h2>B\u00e1lgosiid ovttastusa ja Meahcir\u00e1\u0111\u0111ehusa soahpamu\u0161<\/h2>\n<p><a href=\"https:\/\/paliskunnat.fi\/bo\/wp-content\/uploads\/2021\/01\/Paliskuntain_yhdistys_metsahallitus_sopimus_11-01-2021.pdf\">Soahpmu\u0161<\/a> (PDF-fiila). Soahpamu\u0161a vuost\u00e1las doaimmas galg\u00e1 almmuhit dal\u00e1n <a href=\"https:\/\/paliskunnat.fi\/bo\/organisasuvdna-ja-halddahus\/oktavuohtadiedut\/bargoveahka\/#boazodoalloravvejeaddjit\">boazodoallor\u00e1vvejeddjiide<\/a>.<\/p>\n<p>&nbsp;<\/p>\n<p>&nbsp;<\/p>\n","protected":false},"excerpt":{"rendered":"<p>L\u00e5hde Yammer<br \/>\nAnne Ollila, Rovaniemi 11\/2013[Mets\u00e4hallitus ja sopimusperusteinen yhteisty\u00f6]. PowerPoint.<\/p>\n","protected":false},"author":1,"featured_media":0,"parent":399,"menu_order":1,"comment_status":"open","ping_status":"closed","template":"","meta":{"footnotes":""},"class_list":["post-401","page","type-page","status-publish","hentry"],"_links":{"self":[{"href":"https:\/\/paliskunnat.fi\/bo\/wp-json\/wp\/v2\/pages\/401","targetHints":{"allow":["GET"]}}],"collection":[{"href":"https:\/\/paliskunnat.fi\/bo\/wp-json\/wp\/v2\/pages"}],"about":[{"href":"https:\/\/paliskunnat.fi\/bo\/wp-json\/wp\/v2\/types\/page"}],"author":[{"embeddable":true,"href":"https:\/\/paliskunnat.fi\/bo\/wp-json\/wp\/v2\/users\/1"}],"replies":[{"embeddable":true,"href":"https:\/\/paliskunnat.fi\/bo\/wp-json\/wp\/v2\/comments?post=401"}],"version-history":[{"count":8,"href":"https:\/\/paliskunnat.fi\/bo\/wp-json\/wp\/v2\/pages\/401\/revisions"}],"predecessor-version":[{"id":5660,"href":"https:\/\/paliskunnat.fi\/bo\/wp-json\/wp\/v2\/pages\/401\/revisions\/5660"}],"up":[{"embeddable":true,"href":"https:\/\/paliskunnat.fi\/bo\/wp-json\/wp\/v2\/pages\/399"}],"wp:attachment":[{"href":"https:\/\/paliskunnat.fi\/bo\/wp-json\/wp\/v2\/media?parent=401"}],"curies":[{"name":"wp","href":"https:\/\/api.w.org\/{rel}","templated":true}]}}