{"id":403,"date":"2014-10-20T10:52:13","date_gmt":"2014-10-20T07:52:13","guid":{"rendered":"http:\/\/80.69.171.23\/py\/?page_id=403"},"modified":"2019-04-07T15:46:35","modified_gmt":"2019-04-07T12:46:35","slug":"ruvkedoaibma","status":"publish","type":"page","link":"https:\/\/paliskunnat.fi\/bo\/ravven\/eanangeavaheapmi\/ruvkedoaibma\/","title":{"rendered":"Ruvkedoaibma"},"content":{"rendered":"<h2>Ruvkedoaibma<\/h2>\n<p>Ruvkeindustriija johtilis lass\u00e1neapmi davvin fuolastuhtt\u00e1. Erenoam\u00e1\u017eit balu mielddisbukt\u00e1 ma\u014bimu\u0161 jagiin d\u00e1hp\u00e1huvvan viiddis ruvkedoaimma dagahan biraskatastrofat Suomas ja m\u00e1ilmmis. Ruvkedoaibman boazodoalloguovllus lea \u00e1lo riska boazodollui. Riska sturrodat lea gitta ruvkedoaimmas ja dan saj\u00e1dagas.<\/p>\n\n\t\t<style type=\"text\/css\">\n\t\t\t#gallery-1 {\n\t\t\t\tmargin: auto;\n\t\t\t}\n\t\t\t#gallery-1 .gallery-item {\n\t\t\t\tfloat: left;\n\t\t\t\tmargin-top: 10px;\n\t\t\t\ttext-align: center;\n\t\t\t\twidth: 33%;\n\t\t\t}\n\t\t\t#gallery-1 img {\n\t\t\t\tborder: 2px solid #cfcfcf;\n\t\t\t}\n\t\t\t#gallery-1 .gallery-caption {\n\t\t\t\tmargin-left: 0;\n\t\t\t}\n\t\t\t\/* see gallery_shortcode() in wp-includes\/media.php *\/\n\t\t<\/style>\n\t\t<div id='gallery-1' class='gallery galleryid-403 gallery-columns-3 gallery-size-thumbnail'><dl class='gallery-item'>\n\t\t\t<dt class='gallery-icon landscape'>\n\t\t\t\t<a href='https:\/\/paliskunnat.fi\/bo\/wp-content\/uploads\/2014\/10\/kevitsa_1.jpg' rel=\"lightbox[403]\"><img loading=\"lazy\" decoding=\"async\" width=\"150\" height=\"150\" src=\"https:\/\/paliskunnat.fi\/bo\/wp-content\/uploads\/2014\/10\/kevitsa_1-150x150.jpg\" class=\"attachment-thumbnail size-thumbnail\" alt=\"\" \/><\/a>\n\t\t\t<\/dt><\/dl><dl class='gallery-item'>\n\t\t\t<dt class='gallery-icon landscape'>\n\t\t\t\t<a href='https:\/\/paliskunnat.fi\/bo\/wp-content\/uploads\/2014\/10\/kevitsa_2.jpg' rel=\"lightbox[403]\"><img loading=\"lazy\" decoding=\"async\" width=\"150\" height=\"150\" src=\"https:\/\/paliskunnat.fi\/bo\/wp-content\/uploads\/2014\/10\/kevitsa_2-150x150.jpg\" class=\"attachment-thumbnail size-thumbnail\" alt=\"\" \/><\/a>\n\t\t\t<\/dt><\/dl><dl class='gallery-item'>\n\t\t\t<dt class='gallery-icon landscape'>\n\t\t\t\t<a href='https:\/\/paliskunnat.fi\/bo\/wp-content\/uploads\/2014\/10\/Kemin_kromikaivos_2013a.jpg' rel=\"lightbox[403]\"><img loading=\"lazy\" decoding=\"async\" width=\"150\" height=\"150\" src=\"https:\/\/paliskunnat.fi\/bo\/wp-content\/uploads\/2014\/10\/Kemin_kromikaivos_2013a-150x150.jpg\" class=\"attachment-thumbnail size-thumbnail\" alt=\"\" \/><\/a>\n\t\t\t<\/dt><\/dl><br style=\"clear: both\" \/>\n\t\t<\/div>\n\n<p>&nbsp;<\/p>\n<p>Boazodoalloguovllus doibmet Agnico Eagle Gihttela golleruvke ja Soa\u0111igilis kanadala\u0161 First Quantum Minerals Kevitsa m\u00e1\u014bgamet\u00e1llaruvke, mas boltot nihkkela, veaikki, platina ja palladiuma. Kevitsa lea Suoma stuor\u00e1mus ruvke, go Kevitsas boltojuvvo jagis 10 miljovnna tonna m\u00e1lmma ja 63 miljovnna tonna siidogea\u0111ggi.<\/p>\n<p>Soa\u0111egili Pahtavaara golleruvke doaibman nogai konkursii 2014. Konkursa lei goalmm\u00e1t Pahtavaara historjj\u00e1s.<\/p>\n<p>Guhkes ovd\u00e1nan ruvkepro\u0161eavttaid v\u00e1lmma\u0161tallamat lea Hannukainen Kolaris, Ranua Suhankos, Suovvaguoikka Soklis, Guoss\u00e1ma Juomasuos ja Taivalkoski Mustavaaras. Lassin birra boazodoalloguovllu barget m\u00e1lmmaohcama.<\/p>\n<p>Ruvkedoaibma v\u00e1ikkuha mearkka\u0161ahtti ollu boazodollui. Garvemeahttun v\u00e1ikkuhusat leat njulges ja eahpenjulges guohtuneatnamiid manahusat, hehttehusat, guohtunjohtima moiven ja d\u00e1id mielde bargomeari ja goastt\u00e1dusaid loktaneapmi. Lass\u00e1nan johtolat dagaha ie\u017eas mearkka\u0161ahtti v\u00e1ttisvuo\u0111aid. V\u00e1dd\u00e1sepmosit ovddalgihtii leat v\u00e1ikkuhusat ja riskat lakt\u00e1sit rabasbolttohaga gavjemii ja guohtuneatnamiid\u00a0 ja \u010d\u00e1z\u00e1dagaid nuoskkideapm\u00e1i lossamet\u00e1llaid, suonjardeaddji \u00e1vnnasosiid ja ear\u00e1 birasnuoskk\u00e1id h\u00e1ldda\u0161keahtes leavvama mielde. Ruvkedoaimma v\u00e1ikkuhusaid ja riskkaid galg\u00e1ge ovddalgihtii \u00e1rvvo\u0161tallat d\u00e1rkilit.<\/p>\n<p>Boazodoalu boahtte\u00e1igi lea sorjava\u0161 doarv\u00e1i buhtes ja viiddes luondduguohtuneatnamiin. Daid seilon g\u00e1ibida buot industriijas ja erenoam\u00e1\u017eit stuorra birasriskkaid sisttisdoalli ruvkedoaimmain eakti ovddasv\u00e1st\u00e1dusa birasga\u017ealdagain ja l\u00e1vga ovttasbarggu \u00e1\u0161\u0161\u00e1iosola\u0161 b\u00e1lgosiiguin pro\u0161eaktapl\u00e1nemiin juohke pro\u0161eavtta \u00e1lgol\u00e1vkkiid r\u00e1jes.<\/p>\n<p>&nbsp;<\/p>\n<p>&nbsp;<\/p>\n","protected":false},"excerpt":{"rendered":"<p>Marjan juttu kaivoksista 3\/2011 Poromies-lehti?<\/p>\n","protected":false},"author":1,"featured_media":0,"parent":399,"menu_order":2,"comment_status":"open","ping_status":"closed","template":"","meta":{"footnotes":""},"class_list":["post-403","page","type-page","status-publish","hentry"],"_links":{"self":[{"href":"https:\/\/paliskunnat.fi\/bo\/wp-json\/wp\/v2\/pages\/403","targetHints":{"allow":["GET"]}}],"collection":[{"href":"https:\/\/paliskunnat.fi\/bo\/wp-json\/wp\/v2\/pages"}],"about":[{"href":"https:\/\/paliskunnat.fi\/bo\/wp-json\/wp\/v2\/types\/page"}],"author":[{"embeddable":true,"href":"https:\/\/paliskunnat.fi\/bo\/wp-json\/wp\/v2\/users\/1"}],"replies":[{"embeddable":true,"href":"https:\/\/paliskunnat.fi\/bo\/wp-json\/wp\/v2\/comments?post=403"}],"version-history":[{"count":6,"href":"https:\/\/paliskunnat.fi\/bo\/wp-json\/wp\/v2\/pages\/403\/revisions"}],"predecessor-version":[{"id":5456,"href":"https:\/\/paliskunnat.fi\/bo\/wp-json\/wp\/v2\/pages\/403\/revisions\/5456"}],"up":[{"embeddable":true,"href":"https:\/\/paliskunnat.fi\/bo\/wp-json\/wp\/v2\/pages\/399"}],"wp:attachment":[{"href":"https:\/\/paliskunnat.fi\/bo\/wp-json\/wp\/v2\/media?parent=403"}],"curies":[{"name":"wp","href":"https:\/\/api.w.org\/{rel}","templated":true}]}}