{"id":406,"date":"2014-10-20T10:53:14","date_gmt":"2014-10-20T07:53:14","guid":{"rendered":"http:\/\/80.69.171.23\/py\/?page_id=406"},"modified":"2019-04-07T15:46:49","modified_gmt":"2019-04-07T12:46:49","slug":"bieggafapmu","status":"publish","type":"page","link":"https:\/\/paliskunnat.fi\/bo\/ravven\/eanangeavaheapmi\/bieggafapmu\/","title":{"rendered":"Bieggaf\u00e1pmu"},"content":{"rendered":"<h2>Bieggaf\u00e1pmu<\/h2>\n<p>Bieggaf\u00e1pmorusttegiid v\u00e1ikkuhusa bohccuide ja boazodollui eai vel mis Suomas jur dovdda. Olosa bieggarusttegat lea turismaguovdd\u00e1\u017eis Muon\u00e1s ja Eanodaga Lammasoaivvis leat du\u0161\u0161e golbma unna f\u00e1pmorusttega. Tervola Varevaara f\u00e1pmorusttegat leat \u00e1ibbas njelje\u0161geainnu guoras, nugo maid Simo f\u00e1pmorusttegat. M\u00e1\u014bggat bieggaf\u00e1pmorusttetpro\u0161eavttat leat goittotgo jo\u0111us birra boazodoalloguovllu ja lagasjagiin oa\u017e\u017eut lasi v\u00e1s\u00e1husaid bohccuid reageremis f\u00e1pmorusttegiidda.<\/p>\n<p>Ruo\u0167as dahkkon GPS-\u010duovvundutkamu\u0161at ja bohccuid baikadutkamu\u0161at addet juo \u010dujuhusaid bohccuid reageremis. Bohccot geah\u010d\u010dalit garvit bieggaf\u00e1pmorusttetguovlluid sihke rusttegiid huksedettiin ja daid doaibmama \u00e1igge ja leat erenoam\u00e1\u017eit guoddin\u00e1igge hearkkit hehttehusaide. Bohccuid l\u00e1httemii v\u00e1ikkuhit goittotge m\u00e1\u014bggat dahkkit, dego guovllu ear\u00e1 infrastruktuvra dahje hehttehus, guohtuneanantiipa ja buhttejeaddji guohtuneatnamiid leahkin.<\/p>\n<p>Erenoam\u00e1\u017eit geasseguohtuneatnamiid, guoddinguovlluid, geavaheapmi ja bohccuid johtolagat s\u00e1httet rievdat bieggaf\u00e1pmorusttegiid dihte. F\u00e1pmorusttegiid saju\u0161teapmi gaskavuo\u0111as guohtuneatnamiidda ja daid geavahussii lea guovdd\u00e1\u0161 saj\u00e1dagas go \u00e1rvvo\u0161tallat f\u00e1pmorusttegiid v\u00e1ikkuhusaid. Bieggaf\u00e1pmorusttetpro\u0161eavttaid galg\u00e1ge geah\u010d\u010dat \u00e1lo ovttaskas d\u00e1hp\u00e1hussan. Pro\u0161eaktapl\u00e1nema \u00e1lgomuttuid r\u00e1jes galg\u00e1 \u010dielggadit, makk\u00e1r v\u00e1ikkuhusat vejola\u010d\u010dat leat ja s\u00e1htt\u00e1go daid pl\u00e1nemiin geahpedit. Bohccuid GPS-\u010duvvon ovdal pro\u0161eavtta, huksedettiin ja f\u00e1pmorusttegiid geavahusa \u00e1igge boaht\u00e1 lagasboahttevuo\u0111as lasihit mearkka\u0161ahtti ollu die\u0111u bohccuid reageremis ja guohtuneatnamiid geavahusa nupp\u00e1stumiin<\/p>\n<p>Jagi 2014 loahpas Suomas ledje doaimmas 230 bieggaf\u00e1pmorusttega, maid ollisla\u0161 kapasitehta lea 627 MW. Dat buvttadedje sullii 1,3 proseanta Suomas jagis 2014 geavahuvvon \u0161lea\u0111ggas (Suoma bieggaf\u00e1pmorusttetovttastus rs). Bieggaf\u00e1pmorusttegat leat oassi bargo- ja eal\u00e1husministeriija guhkes \u00e1igegaskka d\u00e1lkk\u00e1dat- ja energiijastrategiija. Dan ulbmilin lea loktet bieggaf\u00e1pmorusttega ollisla\u0161 kapasitehta 2500 megawattii jahk\u00e1i 2020 r\u00e1dj\u00e1i.<\/p>\n<p>Buot boazodoalloguovllus pl\u00e1nejuvvon bieggaf\u00e1pmopro\u0161eavttat eai g\u00e1ibit birasv\u00e1ikkuhusaid \u00e1rvvo\u0161tallama. Unnit mihttol\u00e1vva pro\u0161eavttaid geah\u010d\u010dalit olla\u0161uhttit du\u0161\u0161e l\u00e1vvar\u00e1hkademiin. V\u00e1ikkuhusat boazodollui galg\u00e1 goittotge \u00e1lo \u00e1rvvo\u0161tallat ja vuhtiiv\u00e1ldit pro\u0161eaktapl\u00e1na \u00e1lgomuttuid r\u00e1jes. Boazodoalu ja luonddu geah\u010d\u010danguovllus unnimusat hehtte bieggaf\u00e1mu saj\u00e1idahttin juo ovddalgihtii huksejuvvon guvlui.<\/p>\n<p>&nbsp;<\/p>\n<p>&nbsp;<\/p>\n","protected":false},"excerpt":{"rendered":"<p>Bieggaf\u00e1pmu Bieggaf\u00e1pmorusttegiid v\u00e1ikkuhusa bohccuide ja boazodollui eai vel mis Suomas jur dovdda. Olosa bieggarusttegat lea turismaguovdd\u00e1\u017eis Muon\u00e1s ja Eanodaga Lammasoaivvis leat du\u0161\u0161e golbma unna f\u00e1pmorusttega. Tervola Varevaara f\u00e1pmorusttegat leat \u00e1ibbas njelje\u0161geainnu guoras, nugo maid Simo f\u00e1pmorusttegat. M\u00e1\u014bggat bieggaf\u00e1pmorusttetpro\u0161eavttat leat goittotgo jo\u0111us birra boazodoalloguovllu ja lagasjagiin oa\u017e\u017eut lasi v\u00e1s\u00e1husaid bohccuid reageremis f\u00e1pmorusttegiidda. Ruo\u0167as dahkkon GPS-\u010duovvundutkamu\u0161at ja [&hellip;]<\/p>\n","protected":false},"author":1,"featured_media":0,"parent":399,"menu_order":3,"comment_status":"open","ping_status":"closed","template":"","meta":{"footnotes":""},"class_list":["post-406","page","type-page","status-publish","hentry"],"_links":{"self":[{"href":"https:\/\/paliskunnat.fi\/bo\/wp-json\/wp\/v2\/pages\/406","targetHints":{"allow":["GET"]}}],"collection":[{"href":"https:\/\/paliskunnat.fi\/bo\/wp-json\/wp\/v2\/pages"}],"about":[{"href":"https:\/\/paliskunnat.fi\/bo\/wp-json\/wp\/v2\/types\/page"}],"author":[{"embeddable":true,"href":"https:\/\/paliskunnat.fi\/bo\/wp-json\/wp\/v2\/users\/1"}],"replies":[{"embeddable":true,"href":"https:\/\/paliskunnat.fi\/bo\/wp-json\/wp\/v2\/comments?post=406"}],"version-history":[{"count":6,"href":"https:\/\/paliskunnat.fi\/bo\/wp-json\/wp\/v2\/pages\/406\/revisions"}],"predecessor-version":[{"id":5457,"href":"https:\/\/paliskunnat.fi\/bo\/wp-json\/wp\/v2\/pages\/406\/revisions\/5457"}],"up":[{"embeddable":true,"href":"https:\/\/paliskunnat.fi\/bo\/wp-json\/wp\/v2\/pages\/399"}],"wp:attachment":[{"href":"https:\/\/paliskunnat.fi\/bo\/wp-json\/wp\/v2\/media?parent=406"}],"curies":[{"name":"wp","href":"https:\/\/api.w.org\/{rel}","templated":true}]}}