{"id":408,"date":"2014-10-20T10:54:36","date_gmt":"2014-10-20T07:54:36","guid":{"rendered":"http:\/\/80.69.171.23\/py\/?page_id=408"},"modified":"2019-04-07T15:47:00","modified_gmt":"2019-04-07T12:47:00","slug":"lavdnjebuvttadeapmi","status":"publish","type":"page","link":"https:\/\/paliskunnat.fi\/bo\/ravven\/eanangeavaheapmi\/lavdnjebuvttadeapmi\/","title":{"rendered":"Lavdnjebuvttadeapmi"},"content":{"rendered":"<h2>Lavdnjebuvttadeapmi<\/h2>\n<p>Jeakkit leat guovdd\u00e1\u0161 geasseguohtuneatnamat bohccuide ja guoddinguovllut. \u0160attola\u0161 jekkiin lea valjit borramu\u0161. Jalges ja biekkas eatnamiin dat geasuhit bohccuid ohcat suodji divrriin.<\/p>\n<p>Lavdnjebuvttadanguovlluide roggojuvvo d\u00e1b\u00e1la\u010d\u010dat \u010diek\u014balis, ceakkoravddat goivvohagat, main \u010d\u00e1hceoaivi loktana baj\u00e1s. Goivvohagain r\u00e1ves bohcco juolggit eai ole mo\u0111i \u010da\u0111a bodn\u00e1i, guhkkin eret vel miesi. Bohccuid johtolagaid botkejeaddji goivvohagaide gah\u010d\u010dan bohcco lea d\u00e1vj\u00e1 v\u00e1ttis dahje veadjemeahttun beassat goivvohagas eret. Erenoam\u00e1\u017eit miesit heavvanit lavdnjebuvttadanguovlluid goivvohagaide.<\/p>\n<p><a href=\"https:\/\/paliskunnat.fi\/bo\/wp-content\/uploads\/2014\/10\/turvesuon_oja.jpg\" rel=\"lightbox[408]\"><img loading=\"lazy\" decoding=\"async\" class=\"alignnone wp-image-1779\" src=\"https:\/\/paliskunnat.fi\/bo\/wp-content\/uploads\/2014\/10\/turvesuon_oja.jpg\" alt=\"Lavdnjejeakki ceakkoravddat ja v\u00e1rala\u0161 goivvohat\" width=\"500\" height=\"362\" srcset=\"https:\/\/paliskunnat.fi\/bo\/wp-content\/uploads\/2014\/10\/turvesuon_oja.jpg 900w, https:\/\/paliskunnat.fi\/bo\/wp-content\/uploads\/2014\/10\/turvesuon_oja-300x217.jpg 300w\" sizes=\"auto, (max-width: 500px) 100vw, 500px\" \/><\/a><\/p>\n<p>Lavdnjebuvttadeami pl\u00e1nedettiin \u00e1\u0161\u0161\u00e1iosola\u0161 b\u00e1lgosa mielde lean lea deh\u00e1la\u0161 pro\u0161eavtta \u00e1lgomuttuid r\u00e1jes. Bohccuid vah\u00e1giid galg\u00e1 geah\u010d\u010dalit eastit huksemin gorg\u014bestagaid doarv\u00e1i d\u00e1vj\u00e1. Muhtumin s\u00e1htt\u00e1 maid buvttadanguovllu \u00e1idun d\u00e1rbba\u0161la\u0161. \u00c1iduma d\u00e1rbba\u0161la\u0161vuo\u0111as ja v\u00e1ikkuhusain lea \u00e1lo buorre s\u00e1gastallat \u00e1\u0161\u0161\u00e1iosola\u0161 b\u00e1lgosiin.<\/p>\n<p>Lavdnjebuvttadanguovllu ma\u014b\u014begeavaheami stivrejuvvo l\u00e1vvar\u00e1hkadeami ja ear\u00e1 eanangeavaheami pl\u00e1nema vugiin nu, ahte dat ii dagat lassehehttehusaid boazodollui. Lavdnjebuvttadeamis geass\u00e1duvvon eatnamat galget ovdasajis m\u00e1hcahit luonddudill\u00e1i. Ear\u00e1 d\u00e1rkkuhussii v\u00e1ldojuvvon guovlluid geavahusas ii oa\u010d\u010do boahtit b\u00e1lgosii golut dahje bissova\u0161 eanamanahusat.<\/p>\n<p>Lavdnjebuvttadanguovlluid ma\u014b\u014begeavaheapmi eanandoalloeanan ii heive boazodoalloguvlui, dasgo dat s\u00e1ht\u00e1\u0161ii dagahit meariheapme \u00e1idungeatnegasvuo\u0111aid ja goluid \u00e1\u0161\u0161\u00e1iosola\u0161 b\u00e1lgosii.<\/p>\n<p>&nbsp;<\/p>\n<p>&nbsp;<\/p>\n","protected":false},"excerpt":{"rendered":"<p>Lavdnjebuvttadeapmi Jeakkit leat guovdd\u00e1\u0161 geasseguohtuneatnamat bohccuide ja guoddinguovllut. \u0160attola\u0161 jekkiin lea valjit borramu\u0161. Jalges ja biekkas eatnamiin dat geasuhit bohccuid ohcat suodji divrriin. Lavdnjebuvttadanguovlluide roggojuvvo d\u00e1b\u00e1la\u010d\u010dat \u010diek\u014balis, ceakkoravddat goivvohagat, main \u010d\u00e1hceoaivi loktana baj\u00e1s. Goivvohagain r\u00e1ves bohcco juolggit eai ole mo\u0111i \u010da\u0111a bodn\u00e1i, guhkkin eret vel miesi. Bohccuid johtolagaid botkejeaddji goivvohagaide gah\u010d\u010dan bohcco lea d\u00e1vj\u00e1 v\u00e1ttis [&hellip;]<\/p>\n","protected":false},"author":1,"featured_media":0,"parent":399,"menu_order":4,"comment_status":"open","ping_status":"closed","template":"","meta":{"footnotes":""},"class_list":["post-408","page","type-page","status-publish","hentry"],"_links":{"self":[{"href":"https:\/\/paliskunnat.fi\/bo\/wp-json\/wp\/v2\/pages\/408","targetHints":{"allow":["GET"]}}],"collection":[{"href":"https:\/\/paliskunnat.fi\/bo\/wp-json\/wp\/v2\/pages"}],"about":[{"href":"https:\/\/paliskunnat.fi\/bo\/wp-json\/wp\/v2\/types\/page"}],"author":[{"embeddable":true,"href":"https:\/\/paliskunnat.fi\/bo\/wp-json\/wp\/v2\/users\/1"}],"replies":[{"embeddable":true,"href":"https:\/\/paliskunnat.fi\/bo\/wp-json\/wp\/v2\/comments?post=408"}],"version-history":[{"count":5,"href":"https:\/\/paliskunnat.fi\/bo\/wp-json\/wp\/v2\/pages\/408\/revisions"}],"predecessor-version":[{"id":5458,"href":"https:\/\/paliskunnat.fi\/bo\/wp-json\/wp\/v2\/pages\/408\/revisions\/5458"}],"up":[{"embeddable":true,"href":"https:\/\/paliskunnat.fi\/bo\/wp-json\/wp\/v2\/pages\/399"}],"wp:attachment":[{"href":"https:\/\/paliskunnat.fi\/bo\/wp-json\/wp\/v2\/media?parent=408"}],"curies":[{"name":"wp","href":"https:\/\/api.w.org\/{rel}","templated":true}]}}