{"id":412,"date":"2014-10-20T10:56:19","date_gmt":"2014-10-20T07:56:19","guid":{"rendered":"http:\/\/80.69.171.23\/py\/?page_id=412"},"modified":"2019-04-07T15:47:33","modified_gmt":"2019-04-07T12:47:33","slug":"cahcefapmu","status":"publish","type":"page","link":"https:\/\/paliskunnat.fi\/bo\/ravven\/eanangeavaheapmi\/cahcefapmu\/","title":{"rendered":"\u010c\u00e1hcef\u00e1pmu"},"content":{"rendered":"<h2>\u010c\u00e1hcef\u00e1pmu<\/h2>\n<p>Lokka ja Porttipahta dahkuj\u00e1vrriid vuoll\u00e1i b\u00e1hce viiddes guohtuneatnamat jagiin 1967 ja 1970. Eatnamiid geavaheapm\u00e1i h\u00e1rj\u00e1nan bohccot vulge johttit. Daid vi\u017e\u017ee jagiid \u00e1igge juoba \u010du\u0111iid kilomehteriid gea\u017ees. Bohccot vuojadedje dahkuj\u00e1vrriid lavdnjelahtaide ja heavvanedje. Dahkuj\u00e1vrrit rievdadedje eretgeassemeahttun d\u00e1biin guovllu birrasa, kultuvrra ja sosi\u00e1lala\u0161 r\u00e1hkadusa. Njulges ekonomala\u0161 manahusat ledje viiddis, eaige buhtadusaid manahusain leat goassige \u00e1\u0161\u0161\u00e1la\u010d\u010dat fuolahan. Jahkelogiid mielde guovllu eal\u00e1husat lea h\u00e1rj\u00e1nan dil\u00e1la\u0161vuhtii b\u00e1kku ovddas, muhto dahkuj\u00e1vrriid r\u00e1hkadeapmi gu\u0111ii b\u00e1ikk\u00e1la\u0161 olbmuid eallimii bissova\u0161 \u00e1rppaid.<\/p>\n<p>Viiddes v\u00e1sihuvvon dahkuj\u00e1vrevah\u00e1giin fuolakeahtt\u00e1 boazodoalloguovllus s\u00e1gastahttet d\u00e1vj\u00e1 dulvadanj\u00e1vrrit Kollaja ja Kemihaara (ovdde\u0161 Vuotos). Goabb\u00e1ge dahkuj\u00e1vrriin liv\u010d\u010de bissova\u0161, viiddes ja mearkka\u0161ahtti vah\u00e1tla\u0161 birasv\u00e1ikkuhusat. Kollajan dulvadan\u00e1lddis g\u00e1ibidiv\u010d\u010de guoikkaidsuodjalanl\u00e1ga rahpama. Kemihaara \u00e1ld\u00e1 vuoll\u00e1i b\u00e1z\u00e1\u0161edje ollu Natura-guovllut.<\/p>\n<p>Kollaja \u00e1lddespl\u00e1na lea Pudasj\u00e4rvis, Kollaja b\u00e1lgosa eatnamiin. Kemihaara \u00e1lddis fas Hirvasniemi b\u00e1lgosa eatnamiin Pelkosenniemis. \u00c1ld\u00e1id vuoll\u00e1i b\u00e1hcci eatnamiid mearkka\u0161umi boazodoalu geah\u010d\u010danguovllus lasiha daid r\u00e1f\u00e1la\u0161vuohta. \u00c1ld\u00e1t dolvvo\u0161edje b\u00e1lgosiid guovdd\u00e1\u0161 geasseguohtun- ja guoddineatnamiid ja sehkke\u0161edje oll\u00e1sit eatnamiid guohtunjohtima. Hirvasniemi b\u00e1lggus s\u00e1ht\u00e1\u0161ii Kemihaara \u00e1ld\u00e1 dihte juohk\u00e1sit guovtti oass\u00e1i, ja dalle guovllu boazodoalu galgga\u0161ii organiseret oll\u00e1sit o\u0111\u0111asit.<\/p>\n<p>V\u00e1ikko \u00e1lddespl\u00e1nat leat eana\u0161oass\u00e1i Hirvasniemi ja Kollaja b\u00e1lgosiid guovlluin, v\u00e1ikkuhusat ol\u00e1\u0161edje maid r\u00e1nnj\u00e1b\u00e1lgosiidda. Boazodollui \u010duohcci d\u00e1b\u00e1la\u0161 v\u00e1ikkuhusat liv\u010d\u010de: boazodoalu easta\u0161uvvan, boazodoallobargguid v\u00e1tt\u00e1smuvvan ja lass\u00e1neapmi ja boazodoalus geavahuvvon giddes opmodahkii guoski vah\u00e1gat. Guohtuneatnamiid manahusat dagahiv\u010d\u010de boazomeriid njiedjama. Lassin \u00e1ld\u00e1id stuorra \u010d\u00e1hcegierraga d\u00e1si molsa\u0161uddan bargga\u0161edje jie\u014bain \u00e1rvitmeahttumat johttit nu bohccuide go badjeolbmuide. Maidd\u00e1i johtolat lass\u00e1niv\u010d\u010de guovllus ja dagahiv\u010d\u010de lihkuhisvuo\u0111aid.<\/p>\n<p>Boazodoalu geah\u010d\u010danguovllus \u00e1lddespro\u0161eavttain leat m\u00e1\u014bggat negatiiva v\u00e1ikkuhusat, eaige daid dagahan ekonomala\u0161 manahusaid eal\u00e1hussii s\u00e1hte hilgut. Boazodoallu vuost\u00e1last\u00e1 guktuid \u00e1lddespro\u0161eavttaid. Pro\u0161eavttat leat maid f\u00e1mus leahkki l\u00e1hka\u00e1saheami vuost\u00e1.<\/p>\n<p>&nbsp;<\/p>\n<p>&nbsp;<\/p>\n<p>&nbsp;<\/p>\n","protected":false},"excerpt":{"rendered":"<p>\u010c\u00e1hcef\u00e1pmu Lokka ja Porttipahta dahkuj\u00e1vrriid vuoll\u00e1i b\u00e1hce viiddes guohtuneatnamat jagiin 1967 ja 1970. Eatnamiid geavaheapm\u00e1i h\u00e1rj\u00e1nan bohccot vulge johttit. Daid vi\u017e\u017ee jagiid \u00e1igge juoba \u010du\u0111iid kilomehteriid gea\u017ees. Bohccot vuojadedje dahkuj\u00e1vrriid lavdnjelahtaide ja heavvanedje. Dahkuj\u00e1vrrit rievdadedje eretgeassemeahttun d\u00e1biin guovllu birrasa, kultuvrra ja sosi\u00e1lala\u0161 r\u00e1hkadusa. Njulges ekonomala\u0161 manahusat ledje viiddis, eaige buhtadusaid manahusain leat goassige \u00e1\u0161\u0161\u00e1la\u010d\u010dat fuolahan. [&hellip;]<\/p>\n","protected":false},"author":1,"featured_media":0,"parent":399,"menu_order":6,"comment_status":"open","ping_status":"closed","template":"","meta":{"footnotes":""},"class_list":["post-412","page","type-page","status-publish","hentry"],"_links":{"self":[{"href":"https:\/\/paliskunnat.fi\/bo\/wp-json\/wp\/v2\/pages\/412","targetHints":{"allow":["GET"]}}],"collection":[{"href":"https:\/\/paliskunnat.fi\/bo\/wp-json\/wp\/v2\/pages"}],"about":[{"href":"https:\/\/paliskunnat.fi\/bo\/wp-json\/wp\/v2\/types\/page"}],"author":[{"embeddable":true,"href":"https:\/\/paliskunnat.fi\/bo\/wp-json\/wp\/v2\/users\/1"}],"replies":[{"embeddable":true,"href":"https:\/\/paliskunnat.fi\/bo\/wp-json\/wp\/v2\/comments?post=412"}],"version-history":[{"count":6,"href":"https:\/\/paliskunnat.fi\/bo\/wp-json\/wp\/v2\/pages\/412\/revisions"}],"predecessor-version":[{"id":5459,"href":"https:\/\/paliskunnat.fi\/bo\/wp-json\/wp\/v2\/pages\/412\/revisions\/5459"}],"up":[{"embeddable":true,"href":"https:\/\/paliskunnat.fi\/bo\/wp-json\/wp\/v2\/pages\/399"}],"wp:attachment":[{"href":"https:\/\/paliskunnat.fi\/bo\/wp-json\/wp\/v2\/media?parent=412"}],"curies":[{"name":"wp","href":"https:\/\/api.w.org\/{rel}","templated":true}]}}