{"id":420,"date":"2014-10-20T13:32:53","date_gmt":"2014-10-20T10:32:53","guid":{"rendered":"http:\/\/80.69.171.23\/py\/?page_id=420"},"modified":"2022-02-10T17:07:39","modified_gmt":"2022-02-10T15:07:39","slug":"balgosiid-diedut","status":"publish","type":"page","link":"https:\/\/paliskunnat.fi\/bo\/balgosat\/balgosiid-diedut\/","title":{"rendered":"B\u00e1lgosiid die\u0111ut"},"content":{"rendered":"<h2>B\u00e1lgosat<\/h2>\n<p>B\u00e1lgosat leat nummirastojuvvon ortnetnummiriin 1-57. B\u00e1lgosiid mearri molsa\u0161uvv\u00e1 b\u00e1lgosiid ovttastumiid ja juohk\u00e1semiid mielde. Boazodoallojagi 2014-2015 loahpas (10\/2015) b\u00e1lgosat ledje 54.<\/p>\n<p><a href=\"https:\/\/paliskunnat.fi\/bo\/wp-content\/uploads\/2018\/01\/balgosat.jpg\" rel=\"lightbox[420]\"><img loading=\"lazy\" decoding=\"async\" class=\"alignnone wp-image-5280\" src=\"https:\/\/paliskunnat.fi\/bo\/wp-content\/uploads\/2018\/01\/balgosat.jpg\" alt=\"B\u00e1lgosat nummiriinnis\" width=\"460\" height=\"472\" srcset=\"https:\/\/paliskunnat.fi\/bo\/wp-content\/uploads\/2018\/01\/balgosat.jpg 900w, https:\/\/paliskunnat.fi\/bo\/wp-content\/uploads\/2018\/01\/balgosat-293x300.jpg 293w, https:\/\/paliskunnat.fi\/bo\/wp-content\/uploads\/2018\/01\/balgosat-768x788.jpg 768w\" sizes=\"auto, (max-width: 460px) 100vw, 460px\" \/><\/a><\/p>\n<p>&nbsp;<\/p>\n<p>&nbsp;<\/p>\n<p>&nbsp;<\/p>\n","protected":false},"excerpt":{"rendered":"<p>B\u00e1lgosat B\u00e1lgosat leat nummirastojuvvon ortnetnummiriin 1-57. B\u00e1lgosiid mearri molsa\u0161uvv\u00e1 b\u00e1lgosiid ovttastumiid ja juohk\u00e1semiid mielde. Boazodoallojagi 2014-2015 loahpas (10\/2015) b\u00e1lgosat ledje 54. &nbsp; &nbsp; &nbsp;<\/p>\n","protected":false},"author":1,"featured_media":0,"parent":6,"menu_order":2,"comment_status":"open","ping_status":"closed","template":"paliskuntasivut.php","meta":{"footnotes":""},"class_list":["post-420","page","type-page","status-publish","hentry"],"_links":{"self":[{"href":"https:\/\/paliskunnat.fi\/bo\/wp-json\/wp\/v2\/pages\/420","targetHints":{"allow":["GET"]}}],"collection":[{"href":"https:\/\/paliskunnat.fi\/bo\/wp-json\/wp\/v2\/pages"}],"about":[{"href":"https:\/\/paliskunnat.fi\/bo\/wp-json\/wp\/v2\/types\/page"}],"author":[{"embeddable":true,"href":"https:\/\/paliskunnat.fi\/bo\/wp-json\/wp\/v2\/users\/1"}],"replies":[{"embeddable":true,"href":"https:\/\/paliskunnat.fi\/bo\/wp-json\/wp\/v2\/comments?post=420"}],"version-history":[{"count":8,"href":"https:\/\/paliskunnat.fi\/bo\/wp-json\/wp\/v2\/pages\/420\/revisions"}],"predecessor-version":[{"id":5841,"href":"https:\/\/paliskunnat.fi\/bo\/wp-json\/wp\/v2\/pages\/420\/revisions\/5841"}],"up":[{"embeddable":true,"href":"https:\/\/paliskunnat.fi\/bo\/wp-json\/wp\/v2\/pages\/6"}],"wp:attachment":[{"href":"https:\/\/paliskunnat.fi\/bo\/wp-json\/wp\/v2\/media?parent=420"}],"curies":[{"name":"wp","href":"https:\/\/api.w.org\/{rel}","templated":true}]}}