{"id":422,"date":"2014-10-20T13:35:32","date_gmt":"2014-10-20T10:35:32","guid":{"rendered":"http:\/\/80.69.171.23\/py\/?page_id=422"},"modified":"2022-02-10T16:56:42","modified_gmt":"2022-02-10T14:56:42","slug":"balgosa-doaimmat","status":"publish","type":"page","link":"https:\/\/paliskunnat.fi\/bo\/balgosat\/balgosa-doaimmat\/","title":{"rendered":"B\u00e1lgosa doaimmat"},"content":{"rendered":"<h2>B\u00e1lgosa doaimmat ja siskk\u00e1ldas organisa\u0161uvdna<\/h2>\n<p>B\u00e1lgosa doaimmaide gullet boazodoalol\u00e1ga (<a href=\"http:\/\/www.finlex.fi\/fi\/laki\/ajantasa\/1990\/19900848#P7\">PHL 7 \u00a7<\/a>) mielde fuolahit b\u00e1lgosa osola\u010d\u010daid bohccuid guo\u0111oheames b\u00e1lgosa eatnamiin, gohcit boazodollui gulleva\u0161 doaimmaid olla\u0161umis, eastit b\u00e1lgosa osola\u010d\u010daid bohccuid dahkamis vah\u00e1ga ja johtimis nubbi b\u00e1lgosa eatnamiidda ja \u010da\u0111ahit ear\u00e1 l\u00e1gas, njuolggadusain ja mearr\u00e1dusain addon doaimmaid.<\/p>\n<p><a href=\"https:\/\/paliskunnat.fi\/bo\/wp-content\/uploads\/2018\/11\/Pieni_organisaatio_inarin_saame.png\" rel=\"lightbox[422]\"><img loading=\"lazy\" decoding=\"async\" class=\"alignnone wp-image-5393\" src=\"https:\/\/paliskunnat.fi\/bo\/wp-content\/uploads\/2018\/11\/Pieni_organisaatio_inarin_saame.png\" alt=\"B\u00e1lgosa h\u00e1lddahus\" width=\"450\" height=\"223\" srcset=\"https:\/\/paliskunnat.fi\/bo\/wp-content\/uploads\/2018\/11\/Pieni_organisaatio_inarin_saame.png 1100w, https:\/\/paliskunnat.fi\/bo\/wp-content\/uploads\/2018\/11\/Pieni_organisaatio_inarin_saame-300x148.png 300w, https:\/\/paliskunnat.fi\/bo\/wp-content\/uploads\/2018\/11\/Pieni_organisaatio_inarin_saame-768x380.png 768w, https:\/\/paliskunnat.fi\/bo\/wp-content\/uploads\/2018\/11\/Pieni_organisaatio_inarin_saame-1024x506.png 1024w\" sizes=\"auto, (max-width: 450px) 100vw, 450px\" \/><\/a><\/p>\n<p>Doaibmaolbmot nammaduvvojit b\u00e1lgosiid siste sierral\u00e1gan boazodoalu doaimmaide. Boazoisit gohc\u00e1 doaibmaolbmuid doaimmaid. Ovdal doaibmaseaset \u00e1lgima boazoisit, v\u00e1rreboazoisit, bargojo\u0111iheaddji ja big\u00e1lusaid lohkki \u00a0galget vuoll\u00e1i\u010d\u00e1llit d\u00e1hk\u00e1dusa (<a href=\"http:\/\/www.finlex.fi\/fi\/laki\/ajantasa\/1990\/19900848#P51\">PHL 51 \u00a7<\/a>), mii muddejuvvo d\u00e1rkilut boazodoallo\u00e1sahusa (883\/1990) <a href=\"http:\/\/www.finlex.fi\/fi\/laki\/ajantasa\/1990\/19900883#P10\">10 \u00a7:s<\/a>.<\/p>\n<p>&nbsp;<\/p>\n<p>&nbsp;<\/p>\n","protected":false},"excerpt":{"rendered":"<p>B\u00e1lgosa doaimmat ja siskk\u00e1ldas organisa\u0161uvdna B\u00e1lgosa doaimmaide gullet boazodoalol\u00e1ga (PHL 7 \u00a7) mielde fuolahit b\u00e1lgosa osola\u010d\u010daid bohccuid guo\u0111oheames b\u00e1lgosa eatnamiin, gohcit boazodollui gulleva\u0161 doaimmaid olla\u0161umis, eastit b\u00e1lgosa osola\u010d\u010daid bohccuid dahkamis vah\u00e1ga ja johtimis nubbi b\u00e1lgosa eatnamiidda ja \u010da\u0111ahit ear\u00e1 l\u00e1gas, njuolggadusain ja mearr\u00e1dusain addon doaimmaid. Doaibmaolbmot nammaduvvojit b\u00e1lgosiid siste sierral\u00e1gan boazodoalu doaimmaide. Boazoisit gohc\u00e1 doaibmaolbmuid [&hellip;]<\/p>\n","protected":false},"author":1,"featured_media":0,"parent":6,"menu_order":1,"comment_status":"open","ping_status":"closed","template":"","meta":{"footnotes":""},"class_list":["post-422","page","type-page","status-publish","hentry"],"_links":{"self":[{"href":"https:\/\/paliskunnat.fi\/bo\/wp-json\/wp\/v2\/pages\/422","targetHints":{"allow":["GET"]}}],"collection":[{"href":"https:\/\/paliskunnat.fi\/bo\/wp-json\/wp\/v2\/pages"}],"about":[{"href":"https:\/\/paliskunnat.fi\/bo\/wp-json\/wp\/v2\/types\/page"}],"author":[{"embeddable":true,"href":"https:\/\/paliskunnat.fi\/bo\/wp-json\/wp\/v2\/users\/1"}],"replies":[{"embeddable":true,"href":"https:\/\/paliskunnat.fi\/bo\/wp-json\/wp\/v2\/comments?post=422"}],"version-history":[{"count":8,"href":"https:\/\/paliskunnat.fi\/bo\/wp-json\/wp\/v2\/pages\/422\/revisions"}],"predecessor-version":[{"id":5828,"href":"https:\/\/paliskunnat.fi\/bo\/wp-json\/wp\/v2\/pages\/422\/revisions\/5828"}],"up":[{"embeddable":true,"href":"https:\/\/paliskunnat.fi\/bo\/wp-json\/wp\/v2\/pages\/6"}],"wp:attachment":[{"href":"https:\/\/paliskunnat.fi\/bo\/wp-json\/wp\/v2\/media?parent=422"}],"curies":[{"name":"wp","href":"https:\/\/api.w.org\/{rel}","templated":true}]}}