{"id":578,"date":"2014-11-05T14:17:40","date_gmt":"2014-11-05T12:17:40","guid":{"rendered":"http:\/\/80.69.171.23\/py\/?page_id=578"},"modified":"2026-03-04T11:46:04","modified_gmt":"2026-03-04T09:46:04","slug":"spirevahagat","status":"publish","type":"page","link":"https:\/\/paliskunnat.fi\/bo\/boazovahagat\/spirevahagat\/","title":{"rendered":"Spirevah\u00e1gat"},"content":{"rendered":"<h2>Spirevah\u00e1gat<\/h2>\n<p>Boazodoalloguovllus leat \u00e1iggiid \u010da\u0111a leama\u0161 spiret. Geatkkit, guov\u017e\u017eat, gumppet ja goaskimat leat \u00e1lo v\u00e1ld\u00e1n bohccuin oasiset. Ma\u014bimu\u0161 jahkelogiid \u00e1igge olles boazodoalloguvlui lea leavvan maid albbas.<\/p>\n<p>Albbas ja geatki leat boazodoalloguovllus oal\u00e1t sorjava\u010d\u010dat bohccuin, dasgo ear\u00e1 lunddola\u0161 biebmu ii g\u00e1vdno daidda guovllus. Maidd\u00e1i gumpe ja guov\u017ea oidet \u00e1lkit s\u00e1lla\u0161a bohcco.<\/p>\n<p>Spirevah\u00e1gat gullet lunddola\u0161 oassin boazodollui. Boazoeaigg\u00e1t barg\u00e1 konkrehtala\u0161 boraspiriid suodjalanbarggu f\u00e1llamin boraspiriide biepmu ie\u017eas opmodagain. St\u00e1hta kompensere buhtadusaid h\u00e1mis badjeolbmui oasi boraspiriid godd\u00e1n bohccuid. V\u00e1ldooassi ekonomala\u0161 manahusain b\u00e1hc\u00e1 goittotge badjeolbmo badjelii. Badjeolbmot leatge Suomas boraspiriid suodjaleami stuor\u00e1mus ruhtadeaddji.<\/p>\n<p><a href=\"https:\/\/paliskunnat.fi\/bo\/wp-content\/uploads\/2026\/03\/boraspiriid-goddin-gavdnon-bohccot.jpg\" rel=\"lightbox[578]\"><img loading=\"lazy\" decoding=\"async\" class=\"alignnone wp-image-6241\" src=\"https:\/\/paliskunnat.fi\/bo\/wp-content\/uploads\/2026\/03\/boraspiriid-goddin-gavdnon-bohccot.jpg\" alt=\"Boraspiriid goddin ja g\u00e1vdnon bohccot 1991-2025.\" width=\"460\" height=\"281\" srcset=\"https:\/\/paliskunnat.fi\/bo\/wp-content\/uploads\/2026\/03\/boraspiriid-goddin-gavdnon-bohccot.jpg 1200w, https:\/\/paliskunnat.fi\/bo\/wp-content\/uploads\/2026\/03\/boraspiriid-goddin-gavdnon-bohccot-300x184.jpg 300w, https:\/\/paliskunnat.fi\/bo\/wp-content\/uploads\/2026\/03\/boraspiriid-goddin-gavdnon-bohccot-1024x626.jpg 1024w, https:\/\/paliskunnat.fi\/bo\/wp-content\/uploads\/2026\/03\/boraspiriid-goddin-gavdnon-bohccot-768x470.jpg 768w\" sizes=\"auto, (max-width: 460px) 100vw, 460px\" \/><\/a><\/p>\n<p>Beaktilis ja guhkk\u00e1 joatka\u0161uvvan boraspiriid suodjalanpolitihka dihte spiren\u00e1lit leat lass\u00e1nan mearkka\u0161ahtti ollu ja d\u00e1n dihte maid boazodoalu v\u00e1ttisvuo\u0111at boraspiriiguin leat lass\u00e1nan. Dilit ear\u00e1 spire\u0161l\u00e1jaiguin boazodoalloguovllu sierr\u00e1 osiin rivdet sakka. Stuorra v\u00e1ikkuheaddjit \u00e1\u0161\u0161is leat v\u00e1ldegottiid gaskasa\u0161 r\u00e1djeguovllut ja boazodoalloguovllu m\u00e1ttar\u00e1dji, maid badjel spiret johtet \u010dehpet. Lassin eatnandilit ja ie\u0161gu\u0111etl\u00e1gan suodjalanguovllut v\u00e1ikkuhit diliide ie\u0161gu\u0111et l\u00e1hkai ear\u00e1 guovlluin. Mearrideaddji v\u00e1ikkuheaddji lea spirepolitihka, mii vuo\u0111\u0111uduvv\u00e1 EU-mearr\u00e1dusaide ja ear\u00e1 riikkaidgaskasa\u0161 soahpamu\u0161aide.<\/p>\n<p>Spiriid goddin bohccuin g\u00e1vdno dutkiid \u00e1rvalusaid mielde sullii vi\u0111\u00e1das. Oppala\u0161 vah\u00e1gat molsa\u0161uddet jahk\u00e1sa\u010d\u010dat 25 000-35\u00a0000 spiriide borahallojuvvon bohcco gaskkas. Erenoam\u00e1\u017eit suttes eatnama \u00e1igge vah\u00e1giid g\u00e1vdnon viiddes eatnamiin lea soittola\u0161. Geatkki dagahan vah\u00e1gat g\u00e1vdnojit beaktilamosit, go geatkki v\u00e1ldogoddin\u00e1igodat lea muohtanaga \u00e1ig\u00e1i. Guov\u017eavah\u00e1gat fas b\u00e1hcet g\u00e1vdnokeahtt\u00e1, go guov\u017e\u017ea goddin\u00e1igodat deaiv\u00e1 seamma \u00e1ig\u00e1i go bohccuid guoddin\u00e1igi gi\u0111\u0111agease.<\/p>\n<p>&nbsp;<\/p>\n<p><!--more--><\/p>\n<h2>Luondudirektiiva<\/h2>\n<p><a href=\"http:\/\/eur-lex.europa.eu\/LexUriServ\/LexUriServ.do?uri=CELEX:31992L0043:FI:HTML\">Luontodirektiivi 92\/43\/ETY<\/a><\/p>\n<h2>EU Large Carnivores<\/h2>\n<p><a href=\"http:\/\/ec.europa.eu\/environment\/nature\/conservation\/species\/carnivores\/index_en.htm\">EU Large Carnivores information<\/a><\/p>\n<h2>Suurpedot.fi<\/h2>\n<p><a href=\"https:\/\/www.suurpedot.fi\/\">www.suurpedot.fi<\/a><\/p>\n<h2>Spirepro\u0161eakta<\/h2>\n<p>Miessem\u00e1nus 2014 nohkan Spirepro\u0161eavtta <a href=\"http:\/\/www.petohanke.fi\">siidu<\/a> ja ofela\u010d\u010dat<\/p>\n","protected":false},"excerpt":{"rendered":"<p>Spirevah\u00e1gat Boazodoalloguovllus leat \u00e1iggiid \u010da\u0111a leama\u0161 spiret. Geatkkit, guov\u017e\u017eat, gumppet ja goaskimat leat \u00e1lo v\u00e1ld\u00e1n bohccuin oasiset. Ma\u014bimu\u0161 jahkelogiid \u00e1igge olles boazodoalloguvlui lea leavvan maid albbas. Albbas ja geatki leat boazodoalloguovllus oal\u00e1t sorjava\u010d\u010dat bohccuin, dasgo ear\u00e1 lunddola\u0161 biebmu ii g\u00e1vdno daidda guovllus. Maidd\u00e1i gumpe ja guov\u017ea oidet \u00e1lkit s\u00e1lla\u0161a bohcco. Spirevah\u00e1gat gullet lunddola\u0161 oassin boazodollui. [&hellip;]<\/p>\n","protected":false},"author":1,"featured_media":0,"parent":177,"menu_order":1,"comment_status":"open","ping_status":"closed","template":"","meta":{"footnotes":""},"class_list":["post-578","page","type-page","status-publish","hentry"],"_links":{"self":[{"href":"https:\/\/paliskunnat.fi\/bo\/wp-json\/wp\/v2\/pages\/578","targetHints":{"allow":["GET"]}}],"collection":[{"href":"https:\/\/paliskunnat.fi\/bo\/wp-json\/wp\/v2\/pages"}],"about":[{"href":"https:\/\/paliskunnat.fi\/bo\/wp-json\/wp\/v2\/types\/page"}],"author":[{"embeddable":true,"href":"https:\/\/paliskunnat.fi\/bo\/wp-json\/wp\/v2\/users\/1"}],"replies":[{"embeddable":true,"href":"https:\/\/paliskunnat.fi\/bo\/wp-json\/wp\/v2\/comments?post=578"}],"version-history":[{"count":29,"href":"https:\/\/paliskunnat.fi\/bo\/wp-json\/wp\/v2\/pages\/578\/revisions"}],"predecessor-version":[{"id":6242,"href":"https:\/\/paliskunnat.fi\/bo\/wp-json\/wp\/v2\/pages\/578\/revisions\/6242"}],"up":[{"embeddable":true,"href":"https:\/\/paliskunnat.fi\/bo\/wp-json\/wp\/v2\/pages\/177"}],"wp:attachment":[{"href":"https:\/\/paliskunnat.fi\/bo\/wp-json\/wp\/v2\/media?parent=578"}],"curies":[{"name":"wp","href":"https:\/\/api.w.org\/{rel}","templated":true}]}}