{"id":582,"date":"2014-11-05T14:24:07","date_gmt":"2014-11-05T12:24:07","guid":{"rendered":"http:\/\/80.69.171.23\/py\/?page_id=582"},"modified":"2022-02-10T17:03:14","modified_gmt":"2022-02-10T15:03:14","slug":"geatki","status":"publish","type":"page","link":"https:\/\/paliskunnat.fi\/bo\/boazovahagat\/spirevahagat\/geatki\/","title":{"rendered":"Geatki"},"content":{"rendered":"<h2>Geatki (Gulo gulo)<\/h2>\n<p>Geatki godd\u00e1 bohccuid birra jagi. Beaktilamosit dat godd\u00e1 gi\u0111\u0111ad\u00e1lvve. Geatk\u00e1i heivvola\u0161 luonddudilis oktonas geatki s\u00e1htt\u00e1 gaikkodit nuppelohk\u00e1i bohcco ovtta ijas. D\u00e1b\u00e1la\u010d\u010dat geatki g\u00e1sk\u00e1 bohcco nisk\u00e1i, doalvu ealli bohccos njuok\u010dama ja guo\u0111\u0111\u00e1 l\u00e1pma\u0161uvvan bohcco biidna\u0161uvvat. N\u00e1 geatki fuolaha borramu\u0161as goddindil\u00e1la\u0161vuo\u0111aid hedjoneami v\u00e1r\u00e1s. Geatki \u010doagg\u00e1 alcces ja besso\u0161is bierggu fuones beaivvi v\u00e1r\u00e1s.<\/p>\n<p><a href=\"https:\/\/paliskunnat.fi\/bo\/wp-content\/uploads\/2014\/11\/ahma_eu_kuva_01.jpg\" rel=\"lightbox[582]\"><img loading=\"lazy\" decoding=\"async\" class=\"alignnone wp-image-1711\" src=\"https:\/\/paliskunnat.fi\/bo\/wp-content\/uploads\/2014\/11\/ahma_eu_kuva_01.jpg\" alt=\"Geatki (Gulo gulo)\" width=\"460\" height=\"345\" srcset=\"https:\/\/paliskunnat.fi\/bo\/wp-content\/uploads\/2014\/11\/ahma_eu_kuva_01.jpg 1000w, https:\/\/paliskunnat.fi\/bo\/wp-content\/uploads\/2014\/11\/ahma_eu_kuva_01-300x225.jpg 300w\" sizes=\"auto, (max-width: 460px) 100vw, 460px\" \/><\/a><\/p>\n<p>Geatki lihkada viiddes eatnamiin. Mearr\u00e1i guoskeva\u010d\u010dat geatkevah\u00e1gat d\u00e1hp\u00e1huvvet eanemus Duottar-Lappi guovllus. Vah\u00e1tmearit leat lass\u00e1nan ma\u014bimu\u0161 jagiin erenoam\u00e1\u017eit b\u00e1lgosiin, mat leat Norgga ja Ruo\u0161\u0161a vuostt\u00e1la\u0161 r\u00e1jiin.<\/p>\n<p>&nbsp;<\/p>\n<p>&nbsp;<\/p>\n<p><!--more--><\/p>\n<h2>Geatken\u00e1li dik\u0161unpl\u00e1na<\/h2>\n<p>EVM 19.6.2014 &#8211; suomagillii (<a href=\"http:\/\/mmm.fi\/documents\/1410837\/1516659\/Ahmakannan_hoitosuunnitelma.pdf\/5138edc3-ed8d-4221-938e-6c41feab57d3\">PDF<\/a> 551 kt)<\/p>\n<h2>Geatki vuorku eallin<\/h2>\n<p>Geatki gaikkodan boazu ii beasa lihkadit, muhto s\u00e1htt\u00e1 seailut heakkas, varasin ja suttisin geatkki borramu\u0161\u0161an m\u00e1\u014bggaid beivviid. Geah\u010da <a href=\"http:\/\/vimeo.com\/54998054\">Vimeo-video<\/a>, govvejeaddji Aslak Paltto.<\/p>\n<h2>Geatkki ma\u014bis Giehtaruohttasis<\/h2>\n<p>Giehtaruohttasa b\u00e1lgosa boazoisida Tuomas I. Paloj\u00e4rvi mielde guorramin geatkki luottaid Eanodaga B\u00e1loj\u00e1vrris (<a href=\"https:\/\/www.youtube.com\/watch?v=QyOfrgpPtjw\">Youtube<\/a>). Lapin Kansa \u2013 almmuhuvvon 3\/2013.<\/p>\n<p>&nbsp;<\/p>\n<p>&nbsp;<\/p>\n<p>&nbsp;<\/p>\n","protected":false},"excerpt":{"rendered":"<p>Geatki (Gulo gulo) Geatki godd\u00e1 bohccuid birra jagi. Beaktilamosit dat godd\u00e1 gi\u0111\u0111ad\u00e1lvve. Geatk\u00e1i heivvola\u0161 luonddudilis oktonas geatki s\u00e1htt\u00e1 gaikkodit nuppelohk\u00e1i bohcco ovtta ijas. D\u00e1b\u00e1la\u010d\u010dat geatki g\u00e1sk\u00e1 bohcco nisk\u00e1i, doalvu ealli bohccos njuok\u010dama ja guo\u0111\u0111\u00e1 l\u00e1pma\u0161uvvan bohcco biidna\u0161uvvat. N\u00e1 geatki fuolaha borramu\u0161as goddindil\u00e1la\u0161vuo\u0111aid hedjoneami v\u00e1r\u00e1s. Geatki \u010doagg\u00e1 alcces ja besso\u0161is bierggu fuones beaivvi v\u00e1r\u00e1s. Geatki lihkada [&hellip;]<\/p>\n","protected":false},"author":1,"featured_media":0,"parent":578,"menu_order":1,"comment_status":"open","ping_status":"closed","template":"","meta":{"footnotes":""},"class_list":["post-582","page","type-page","status-publish","hentry"],"_links":{"self":[{"href":"https:\/\/paliskunnat.fi\/bo\/wp-json\/wp\/v2\/pages\/582","targetHints":{"allow":["GET"]}}],"collection":[{"href":"https:\/\/paliskunnat.fi\/bo\/wp-json\/wp\/v2\/pages"}],"about":[{"href":"https:\/\/paliskunnat.fi\/bo\/wp-json\/wp\/v2\/types\/page"}],"author":[{"embeddable":true,"href":"https:\/\/paliskunnat.fi\/bo\/wp-json\/wp\/v2\/users\/1"}],"replies":[{"embeddable":true,"href":"https:\/\/paliskunnat.fi\/bo\/wp-json\/wp\/v2\/comments?post=582"}],"version-history":[{"count":23,"href":"https:\/\/paliskunnat.fi\/bo\/wp-json\/wp\/v2\/pages\/582\/revisions"}],"predecessor-version":[{"id":5835,"href":"https:\/\/paliskunnat.fi\/bo\/wp-json\/wp\/v2\/pages\/582\/revisions\/5835"}],"up":[{"embeddable":true,"href":"https:\/\/paliskunnat.fi\/bo\/wp-json\/wp\/v2\/pages\/578"}],"wp:attachment":[{"href":"https:\/\/paliskunnat.fi\/bo\/wp-json\/wp\/v2\/media?parent=582"}],"curies":[{"name":"wp","href":"https:\/\/api.w.org\/{rel}","templated":true}]}}