{"id":590,"date":"2014-11-05T14:47:40","date_gmt":"2014-11-05T12:47:40","guid":{"rendered":"http:\/\/80.69.171.23\/py\/?page_id=590"},"modified":"2022-02-12T15:11:32","modified_gmt":"2022-02-12T13:11:32","slug":"albbas","status":"publish","type":"page","link":"https:\/\/paliskunnat.fi\/bo\/boazovahagat\/spirevahagat\/albbas\/","title":{"rendered":"Albbas"},"content":{"rendered":"<h2>Albbas (Lynx lynx)<\/h2>\n<p>Albbas lea leavvan olles boazodoalloguvlui, guovllu davimus osiidege. Davvin ovdal dovdameahttun buss\u00e1ealli lea \u0161addan d\u00e1b\u00e1la\u017e\u017ean jo\u0111\u00e1nit. Seamma \u00e1igge albasa dagahan boazovah\u00e1giid mearri lea lass\u00e1nan. Boazodoalloguovllus albbas lea sorjava\u0161 bohccos, go ear\u00e1 borramu\u0161 lea unn\u00e1n f\u00e1llun.<\/p>\n<p><a href=\"https:\/\/paliskunnat.fi\/bo\/wp-content\/uploads\/2022\/02\/albbas-lynx-lynx.jpg\" rel=\"lightbox[590]\"><img loading=\"lazy\" decoding=\"async\" class=\"alignnone wp-image-5847\" src=\"https:\/\/paliskunnat.fi\/bo\/wp-content\/uploads\/2022\/02\/albbas-lynx-lynx.jpg\" alt=\"Lynx - Pexels - David Selbert\" width=\"460\" height=\"307\" srcset=\"https:\/\/paliskunnat.fi\/bo\/wp-content\/uploads\/2022\/02\/albbas-lynx-lynx.jpg 1200w, https:\/\/paliskunnat.fi\/bo\/wp-content\/uploads\/2022\/02\/albbas-lynx-lynx-300x200.jpg 300w, https:\/\/paliskunnat.fi\/bo\/wp-content\/uploads\/2022\/02\/albbas-lynx-lynx-1024x683.jpg 1024w, https:\/\/paliskunnat.fi\/bo\/wp-content\/uploads\/2022\/02\/albbas-lynx-lynx-768x512.jpg 768w\" sizes=\"auto, (max-width: 460px) 100vw, 460px\" \/><\/a><\/p>\n<p>Albbas godd\u00e1 bohccuid birra jagi. S\u00e1la\u0161mearit lass\u00e1nit d\u00e1lvet sakka, go albbas ii s\u00e1hte \u00e1vkk\u00e1stallat jik\u014bon bierggu. Heajosollolat buss\u00e1ealli galg\u00e1 goddit jik\u014bon s\u00e1lla\u0161a sadj\u00e1i o\u0111\u0111a. Nuba albbas godd\u00e1 buolla\u0161iid \u00e1igge bohccuid aktiivvala\u010d\u010dat.<\/p>\n<p>Albasis lea maid \u00e1vki, go dat dik\u0161u beaktilit guovllu sm\u00e1vvaspiren\u00e1liid. N\u00e1li sturrodaga dik\u0161umis galg\u00e1 goittotge olla\u0161uhttit aktiivvala\u0161 n\u00e1lleh\u00e1ldda\u0161eami boazovah\u00e1giid doalaheami dihte.<\/p>\n<p>&nbsp;<\/p>\n<p><!--more--><\/p>\n<h2>Albbasn\u00e1li dik\u0161unpl\u00e1na<\/h2>\n<p>EVM 1\/2007 \u00a0(<a href=\"http:\/\/mmm.fi\/documents\/1410837\/1516659\/Ilveskannan+hoitosuunnitelma\/ab66f292-1d32-45f6-a78d-6ee228d89deb\">PDF<\/a> 498 kt, suomagillii)<\/p>\n<h2>Meahc\u00e1stan\u00e1sahusat<\/h2>\n<p>\u00c1iged\u00e1ssidis \u00e1sahusat <a href=\"http:\/\/mmm.fi\/riista\/metsastyksen-rajoittaminen-ja-ministerion-asetukset\">EVM siidduin<\/a>, suomagillii<\/p>\n<p>&nbsp;<\/p>\n","protected":false},"excerpt":{"rendered":"<p>Albbas (Lynx lynx) Albbas lea leavvan olles boazodoalloguvlui, guovllu davimus osiidege. Davvin ovdal dovdameahttun buss\u00e1ealli lea \u0161addan d\u00e1b\u00e1la\u017e\u017ean jo\u0111\u00e1nit. Seamma \u00e1igge albasa dagahan boazovah\u00e1giid mearri lea lass\u00e1nan. Boazodoalloguovllus albbas lea sorjava\u0161 bohccos, go ear\u00e1 borramu\u0161 lea unn\u00e1n f\u00e1llun. Albbas godd\u00e1 bohccuid birra jagi. S\u00e1la\u0161mearit lass\u00e1nit d\u00e1lvet sakka, go albbas ii s\u00e1hte \u00e1vkk\u00e1stallat jik\u014bon bierggu. Heajosollolat [&hellip;]<\/p>\n","protected":false},"author":1,"featured_media":0,"parent":578,"menu_order":2,"comment_status":"open","ping_status":"closed","template":"","meta":{"footnotes":""},"class_list":["post-590","page","type-page","status-publish","hentry"],"_links":{"self":[{"href":"https:\/\/paliskunnat.fi\/bo\/wp-json\/wp\/v2\/pages\/590","targetHints":{"allow":["GET"]}}],"collection":[{"href":"https:\/\/paliskunnat.fi\/bo\/wp-json\/wp\/v2\/pages"}],"about":[{"href":"https:\/\/paliskunnat.fi\/bo\/wp-json\/wp\/v2\/types\/page"}],"author":[{"embeddable":true,"href":"https:\/\/paliskunnat.fi\/bo\/wp-json\/wp\/v2\/users\/1"}],"replies":[{"embeddable":true,"href":"https:\/\/paliskunnat.fi\/bo\/wp-json\/wp\/v2\/comments?post=590"}],"version-history":[{"count":11,"href":"https:\/\/paliskunnat.fi\/bo\/wp-json\/wp\/v2\/pages\/590\/revisions"}],"predecessor-version":[{"id":5851,"href":"https:\/\/paliskunnat.fi\/bo\/wp-json\/wp\/v2\/pages\/590\/revisions\/5851"}],"up":[{"embeddable":true,"href":"https:\/\/paliskunnat.fi\/bo\/wp-json\/wp\/v2\/pages\/578"}],"wp:attachment":[{"href":"https:\/\/paliskunnat.fi\/bo\/wp-json\/wp\/v2\/media?parent=590"}],"curies":[{"name":"wp","href":"https:\/\/api.w.org\/{rel}","templated":true}]}}