{"id":595,"date":"2014-11-05T14:54:35","date_gmt":"2014-11-05T12:54:35","guid":{"rendered":"http:\/\/80.69.171.23\/py\/?page_id=595"},"modified":"2022-02-12T15:20:28","modified_gmt":"2022-02-12T13:20:28","slug":"guovza","status":"publish","type":"page","link":"https:\/\/paliskunnat.fi\/bo\/boazovahagat\/spirevahagat\/guovza\/","title":{"rendered":"Guov\u017ea"},"content":{"rendered":"<h2>Guov\u017ea (Ursus arctos)<\/h2>\n<p>Guov\u017ea godd\u00e1 bohccuid olles boazodoalloguovllus birra jahk\u00e1sa\u0161 gozuid alde \u00e1iggis, muhto erenoam\u00e1\u0161 stuorra vah\u00e1giid dat barg\u00e1 ealuin gi\u0111\u0111at ja \u00e1lgogeasis. Guov\u017e\u017ea borramu\u0161listtus leat valjit miesit, go bohccuid biergguborran \u00e1igodat ja bohccuid guoddin\u00e1igi deivet seamma jahke\u00e1ig\u00e1i, miesse- ja geassem\u00e1nnui.<\/p>\n<p><a href=\"https:\/\/paliskunnat.fi\/bo\/wp-content\/uploads\/2022\/02\/guovza-ursus-arcos-pexels-rasmus-svinding.jpg\" rel=\"lightbox[595]\"><img loading=\"lazy\" decoding=\"async\" class=\"alignnone wp-image-5852\" src=\"https:\/\/paliskunnat.fi\/bo\/wp-content\/uploads\/2022\/02\/guovza-ursus-arcos-pexels-rasmus-svinding.jpg\" alt=\"Guov\u017ea - ruskea karhu - Pexels - Rasmus Svinding\" width=\"460\" height=\"305\" srcset=\"https:\/\/paliskunnat.fi\/bo\/wp-content\/uploads\/2022\/02\/guovza-ursus-arcos-pexels-rasmus-svinding.jpg 1200w, https:\/\/paliskunnat.fi\/bo\/wp-content\/uploads\/2022\/02\/guovza-ursus-arcos-pexels-rasmus-svinding-300x199.jpg 300w, https:\/\/paliskunnat.fi\/bo\/wp-content\/uploads\/2022\/02\/guovza-ursus-arcos-pexels-rasmus-svinding-1024x679.jpg 1024w, https:\/\/paliskunnat.fi\/bo\/wp-content\/uploads\/2022\/02\/guovza-ursus-arcos-pexels-rasmus-svinding-768x509.jpg 768w\" sizes=\"auto, (max-width: 460px) 100vw, 460px\" \/><\/a><\/p>\n<p>Guov\u017ea borr\u00e1 s\u00e1lla\u0161is d\u00e1vj\u00e1 oll\u00e1sit, mii v\u00e1ikkuha rehkenaston guov\u017eavah\u00e1giid mearr\u00e1i. Guov\u017e\u017ea borran bohccos, erenoam\u00e1\u017eit ruksesmiesis, ii d\u00e1b\u00e1la\u010d\u010dat b\u00e1ze mihkkige iige n\u00e1 boa\u0111e vah\u00e1gin statistihkaide. Guov\u017e\u017ea v\u00e1ikkuhus bohccuide oidnoge \u010dielgamosat miessed\u00e1hpaga ja ear\u00e1 boazod\u00e1hpaga h\u00e1mis.<\/p>\n<p><!--more--><\/p>\n<h2>Guov\u017ean\u00e1li dik\u0161unpl\u00e1na<\/h2>\n<p>MMM 2\/2007 (<a href=\"http:\/\/mmm.fi\/documents\/1410837\/1516659\/Karhukannan+hoitosuunnitelma+2_2007\/00bc40c6-1801-451f-8915-d8801b8b1286\">PDF<\/a>\u00a01374 kt, suomagillii)<\/p>\n<h2>Meahc\u00e1stan\u00e1sahusat<\/h2>\n<p>\u00c1iged\u00e1ssidis \u00e1sahusat <a href=\"http:\/\/mmm.fi\/riista\/metsastyksen-rajoittaminen-ja-ministerion-asetukset\">EVM siidduin<\/a>, suomagillii<\/p>\n","protected":false},"excerpt":{"rendered":"<p>Guov\u017ea (Ursus arctos) Guov\u017ea godd\u00e1 bohccuid olles boazodoalloguovllus birra jahk\u00e1sa\u0161 gozuid alde \u00e1iggis, muhto erenoam\u00e1\u0161 stuorra vah\u00e1giid dat barg\u00e1 ealuin gi\u0111\u0111at ja \u00e1lgogeasis. Guov\u017e\u017ea borramu\u0161listtus leat valjit miesit, go bohccuid biergguborran \u00e1igodat ja bohccuid guoddin\u00e1igi deivet seamma jahke\u00e1ig\u00e1i, miesse- ja geassem\u00e1nnui. Guov\u017ea borr\u00e1 s\u00e1lla\u0161is d\u00e1vj\u00e1 oll\u00e1sit, mii v\u00e1ikkuha rehkenaston guov\u017eavah\u00e1giid mearr\u00e1i. Guov\u017e\u017ea borran bohccos, erenoam\u00e1\u017eit [&hellip;]<\/p>\n","protected":false},"author":1,"featured_media":0,"parent":578,"menu_order":3,"comment_status":"open","ping_status":"closed","template":"","meta":{"footnotes":""},"class_list":["post-595","page","type-page","status-publish","hentry"],"_links":{"self":[{"href":"https:\/\/paliskunnat.fi\/bo\/wp-json\/wp\/v2\/pages\/595","targetHints":{"allow":["GET"]}}],"collection":[{"href":"https:\/\/paliskunnat.fi\/bo\/wp-json\/wp\/v2\/pages"}],"about":[{"href":"https:\/\/paliskunnat.fi\/bo\/wp-json\/wp\/v2\/types\/page"}],"author":[{"embeddable":true,"href":"https:\/\/paliskunnat.fi\/bo\/wp-json\/wp\/v2\/users\/1"}],"replies":[{"embeddable":true,"href":"https:\/\/paliskunnat.fi\/bo\/wp-json\/wp\/v2\/comments?post=595"}],"version-history":[{"count":9,"href":"https:\/\/paliskunnat.fi\/bo\/wp-json\/wp\/v2\/pages\/595\/revisions"}],"predecessor-version":[{"id":5854,"href":"https:\/\/paliskunnat.fi\/bo\/wp-json\/wp\/v2\/pages\/595\/revisions\/5854"}],"up":[{"embeddable":true,"href":"https:\/\/paliskunnat.fi\/bo\/wp-json\/wp\/v2\/pages\/578"}],"wp:attachment":[{"href":"https:\/\/paliskunnat.fi\/bo\/wp-json\/wp\/v2\/media?parent=595"}],"curies":[{"name":"wp","href":"https:\/\/api.w.org\/{rel}","templated":true}]}}