{"id":597,"date":"2014-11-05T14:56:57","date_gmt":"2014-11-05T12:56:57","guid":{"rendered":"http:\/\/80.69.171.23\/py\/?page_id=597"},"modified":"2019-04-07T15:49:00","modified_gmt":"2019-04-07T12:49:00","slug":"gumpe","status":"publish","type":"page","link":"https:\/\/paliskunnat.fi\/bo\/boazovahagat\/spirevahagat\/gumpe\/","title":{"rendered":"Gumpe"},"content":{"rendered":"<h2>Gumpe (Canis lupus)<\/h2>\n<p>Gumpe godd\u00e1 bohccuid jagi birra doppe, gos goassige lihkada. Eanemusat vah\u00e1gat d\u00e1hp\u00e1huvvet nuorttamus boazodoalloguovllus, gos v\u00e1ttisvuo\u0111aid dagaha Ruo\u0161\u0161a valjis ja r\u00e1djeguovllu beaktilit \u00e1vkk\u00e1stalli gumpen\u00e1lli.<\/p>\n<p>Gumppiid ja bohccuid guhkes\u00e1ig\u00e1sa\u0161 ovttaseallin seamma guovllus lea veadjemeahttun. Boazu lea gumpii menddo \u00e1lkis s\u00e1la\u0161 ja vah\u00e1gat lass\u00e1nit jo\u0111\u00e1nit gierdameahttun mihttogorr\u00e1i. Gumppiid dagahan boazovah\u00e1giid mearri lea sorjava\u0161 boazodoalloguvlui mie\u0111ihuvvon gumppiid j\u00e1vkadanlobiin ja j\u00e1vkadanproseassa lihkostumis. Juos mearr\u00e1dusa dahkan ja geavatla\u0161 bargu doibmet beaktilit, maidd\u00e1i vah\u00e1tmeari bissu gierdeva\u0161 d\u00e1sis.<\/p>\n<p>Gumpe gull\u00e1 boazodoalloguovllus, nuppe l\u00e1hk\u00e1i go ear\u00e1 guovllus riikkas, <a href=\"http:\/\/eur-lex.europa.eu\/legal-content\/EN\/TXT\/?uri=CELEX:31992L0043\">luonddudirektiivva<\/a> mildosii V (92\/43\/EEC), nappo dan lea vuolggasajis vejola\u0161 meahc\u00e1stit. Gumpen\u00e1li suodjalan dihte gumppiid lihkadeami oarjer\u00e1ji badjel Ru\u0167\u0167ii leat oaidn\u00e1n deh\u00e1la\u0161 ulbmilin. N\u00e1 geah\u010d\u010dalit eastadit ruo\u0167\u0167ela\u0161-norgala\u0161 gumpen\u00e1li sissagaheami. Johtti nuorra gumppiin lea cakkakeahtes vejola\u0161vuohta lihkadit Suomas Skandin\u00e1viai, dasgo muohtahis eatnama \u00e1igge gumppebivdin ii prinsihpas lihkostuva oba spiehkastatlobiin. Gumppet lihkaditge dutkamu\u0161aid mielde jahk\u00e1sa\u010d\u010dat r\u00e1ji badjel d\u00e1l\u00e1 \u00e1igge suodjalanulbmiliid geah\u010d\u010danguovllus doarv\u00e1i.<\/p>\n<p>&nbsp;<\/p>\n<p>&nbsp;<\/p>\n<p><!--more--><\/p>\n<h2>Gumpen\u00e1li dik\u0161unpl\u00e1na<\/h2>\n<p>EVM 11\/2005 (<a href=\"http:\/\/mmm.fi\/documents\/1410837\/1516659\/Susikannan_hoitosuunnitelma.pdf\/7fd2acc9-9cdf-4b06-a22e-55c07182883e\">PDF<\/a>\u00a01860 kt, suomagillii)<\/p>\n<h2>Meahc\u00e1stan\u00e1sahusat<\/h2>\n<p>\u00c1iged\u00e1ssidis \u00e1sahusat <a href=\"http:\/\/mmm.fi\/riista\/metsastyksen-rajoittaminen-ja-ministerion-asetukset\">EVM siidduin<\/a>, suomagillii.<\/p>\n<p>&nbsp;<\/p>\n<p>&nbsp;<\/p>\n<p>&nbsp;<\/p>\n","protected":false},"excerpt":{"rendered":"<p>Gumpe (Canis lupus) Gumpe godd\u00e1 bohccuid jagi birra doppe, gos goassige lihkada. Eanemusat vah\u00e1gat d\u00e1hp\u00e1huvvet nuorttamus boazodoalloguovllus, gos v\u00e1ttisvuo\u0111aid dagaha Ruo\u0161\u0161a valjis ja r\u00e1djeguovllu beaktilit \u00e1vkk\u00e1stalli gumpen\u00e1lli. Gumppiid ja bohccuid guhkes\u00e1ig\u00e1sa\u0161 ovttaseallin seamma guovllus lea veadjemeahttun. Boazu lea gumpii menddo \u00e1lkis s\u00e1la\u0161 ja vah\u00e1gat lass\u00e1nit jo\u0111\u00e1nit gierdameahttun mihttogorr\u00e1i. Gumppiid dagahan boazovah\u00e1giid mearri lea sorjava\u0161 boazodoalloguvlui [&hellip;]<\/p>\n","protected":false},"author":1,"featured_media":0,"parent":578,"menu_order":4,"comment_status":"open","ping_status":"closed","template":"","meta":{"footnotes":""},"class_list":["post-597","page","type-page","status-publish","hentry"],"_links":{"self":[{"href":"https:\/\/paliskunnat.fi\/bo\/wp-json\/wp\/v2\/pages\/597","targetHints":{"allow":["GET"]}}],"collection":[{"href":"https:\/\/paliskunnat.fi\/bo\/wp-json\/wp\/v2\/pages"}],"about":[{"href":"https:\/\/paliskunnat.fi\/bo\/wp-json\/wp\/v2\/types\/page"}],"author":[{"embeddable":true,"href":"https:\/\/paliskunnat.fi\/bo\/wp-json\/wp\/v2\/users\/1"}],"replies":[{"embeddable":true,"href":"https:\/\/paliskunnat.fi\/bo\/wp-json\/wp\/v2\/comments?post=597"}],"version-history":[{"count":8,"href":"https:\/\/paliskunnat.fi\/bo\/wp-json\/wp\/v2\/pages\/597\/revisions"}],"predecessor-version":[{"id":5464,"href":"https:\/\/paliskunnat.fi\/bo\/wp-json\/wp\/v2\/pages\/597\/revisions\/5464"}],"up":[{"embeddable":true,"href":"https:\/\/paliskunnat.fi\/bo\/wp-json\/wp\/v2\/pages\/578"}],"wp:attachment":[{"href":"https:\/\/paliskunnat.fi\/bo\/wp-json\/wp\/v2\/media?parent=597"}],"curies":[{"name":"wp","href":"https:\/\/api.w.org\/{rel}","templated":true}]}}