{"id":599,"date":"2014-11-05T14:57:50","date_gmt":"2014-11-05T12:57:50","guid":{"rendered":"http:\/\/80.69.171.23\/py\/?page_id=599"},"modified":"2019-04-07T15:49:31","modified_gmt":"2019-04-07T12:49:31","slug":"goaskin","status":"publish","type":"page","link":"https:\/\/paliskunnat.fi\/bo\/boazovahagat\/spirevahagat\/goaskin\/","title":{"rendered":"Goaskin"},"content":{"rendered":"<h2>Goaskin (Aquila chrysaetos)<\/h2>\n<p>Goaskimiid mearri boazodoalloguovllus lea lass\u00e1nan lahka dan alimus meari: goaskimiid reviirrat leat dievva. D\u00e1n mielde maid goaskimiid dagahan boazovah\u00e1gat leat lass\u00e1nan. Goaskin bivd\u00e1 v\u00e1ldo\u00e1\u0161\u0161is misiid, maid dat s\u00e1htt\u00e1 fievrridit beass\u00e1sis. Goaskin s\u00e1htt\u00e1 goittotge goddit maid r\u00e1ves bohcco girdimin dan sealg\u00e1i ja bea\u0111\u0111amin gaccaidis bohcco siiddu \u010da\u0111a geahpp\u00e1ide.<\/p>\n<p>Suoma nannoseamos goaskinn\u00e1lli lea boazodoalloguovllus. Beassi goaskimiid dagahan vah\u00e1giin m\u00e1ksojuvvo b\u00e1lgosii reviiravu\u0111\u0111osa\u0161 buhtadusa. Mearragoaskimat eai gula buhtadusa birrasii. Mearragoaskinn\u00e1lit lea lass\u00e1nan erenoam\u00e1\u017eit davi stuorra j\u00e1vrriid ja dahkuj\u00e1vrriid guovllus ma\u014bimu\u0161 jagiin fuom\u00e1\u0161ahtti ollu. Mearragoaskima oaive\u00e1\u0161\u0161\u00e1la\u0161 borramu\u0161 lea guolli, muhto Lappis guolle\u010d\u00e1zit leat jik\u014bon stuorra oasi jagis. Mearragoaskima dihtet davvin geavahit borramu\u0161\u0161an bohcco r\u00e1ppiid lassin maid ie\u0161 bivd\u00e1n bohccuid. Dutkamu\u0161die\u0111ut \u00e1\u0161\u0161is eai goittotge leat.<\/p>\n<p>&nbsp;<\/p>\n<p>&nbsp;<\/p>\n<p>&nbsp;<\/p>\n","protected":false},"excerpt":{"rendered":"<p>Goaskin (Aquila chrysaetos) Goaskimiid mearri boazodoalloguovllus lea lass\u00e1nan lahka dan alimus meari: goaskimiid reviirrat leat dievva. D\u00e1n mielde maid goaskimiid dagahan boazovah\u00e1gat leat lass\u00e1nan. Goaskin bivd\u00e1 v\u00e1ldo\u00e1\u0161\u0161is misiid, maid dat s\u00e1htt\u00e1 fievrridit beass\u00e1sis. Goaskin s\u00e1htt\u00e1 goittotge goddit maid r\u00e1ves bohcco girdimin dan sealg\u00e1i ja bea\u0111\u0111amin gaccaidis bohcco siiddu \u010da\u0111a geahpp\u00e1ide. Suoma nannoseamos goaskinn\u00e1lli lea boazodoalloguovllus. [&hellip;]<\/p>\n","protected":false},"author":1,"featured_media":0,"parent":578,"menu_order":5,"comment_status":"open","ping_status":"closed","template":"","meta":{"footnotes":""},"class_list":["post-599","page","type-page","status-publish","hentry"],"_links":{"self":[{"href":"https:\/\/paliskunnat.fi\/bo\/wp-json\/wp\/v2\/pages\/599","targetHints":{"allow":["GET"]}}],"collection":[{"href":"https:\/\/paliskunnat.fi\/bo\/wp-json\/wp\/v2\/pages"}],"about":[{"href":"https:\/\/paliskunnat.fi\/bo\/wp-json\/wp\/v2\/types\/page"}],"author":[{"embeddable":true,"href":"https:\/\/paliskunnat.fi\/bo\/wp-json\/wp\/v2\/users\/1"}],"replies":[{"embeddable":true,"href":"https:\/\/paliskunnat.fi\/bo\/wp-json\/wp\/v2\/comments?post=599"}],"version-history":[{"count":10,"href":"https:\/\/paliskunnat.fi\/bo\/wp-json\/wp\/v2\/pages\/599\/revisions"}],"predecessor-version":[{"id":5466,"href":"https:\/\/paliskunnat.fi\/bo\/wp-json\/wp\/v2\/pages\/599\/revisions\/5466"}],"up":[{"embeddable":true,"href":"https:\/\/paliskunnat.fi\/bo\/wp-json\/wp\/v2\/pages\/578"}],"wp:attachment":[{"href":"https:\/\/paliskunnat.fi\/bo\/wp-json\/wp\/v2\/media?parent=599"}],"curies":[{"name":"wp","href":"https:\/\/api.w.org\/{rel}","templated":true}]}}