{"id":606,"date":"2014-11-05T15:20:23","date_gmt":"2014-11-05T13:20:23","guid":{"rendered":"http:\/\/80.69.171.23\/py\/?page_id=606"},"modified":"2022-02-10T17:04:04","modified_gmt":"2022-02-10T15:04:04","slug":"cuovvumusat","status":"publish","type":"page","link":"https:\/\/paliskunnat.fi\/bo\/boazovahagat\/spirevahagat\/cuovvumusat\/","title":{"rendered":"Vah\u00e1giid \u010duovvumu\u0161at"},"content":{"rendered":"<h2>Vah\u00e1giid \u010duovvumu\u0161at<\/h2>\n<p>Suomas spiriid dagahan g\u00e1vdnojuvvon vah\u00e1giin measta 95 proseantta \u010duohc\u00e1 bohccuide. Bohccuid manahit spiriide jahk\u00e1sa\u010d\u010dat buohkanassii sullii 25\u00a0000-35\u00a0000. D\u00e1in \u00e1rvaluvvo g\u00e1vdnot sullii vi\u0111\u00e1das meahcis.<\/p>\n<p>Bohccot guhtot viiddes guovlluin ie\u0161gu\u0111etl\u00e1gan eatnamiin. R\u00e1bbi l\u00e1hppo meahcis jo\u0111\u00e1nit spiriid ja ear\u00e1 r\u00e1bbeborri nj\u00e1lbm\u00e1i. D\u00e1n dihte stuor\u00e1mus oassi spiriid goddin bohccuin b\u00e1hc\u00e1 g\u00e1vdnokeahtt\u00e1. Lassin spirebuhtadusaid o\u017e\u017eon g\u00e1ibida bohcco j\u00e1pminsiva \u010dielggadeami, mii bealistis g\u00e1ibida r\u00e1bbi g\u00e1vdnoma oalle varasin. Boarr\u00e1sut r\u00e1ppi j\u00e1pminsiva lea d\u00e1vj\u00e1 veadjemeahttun duo\u0111a\u0161tit, ja dalle maidd\u00e1i buhtadusaid ii leat vejola\u0161 oa\u017e\u017eut.<\/p>\n<p><a href=\"https:\/\/paliskunnat.fi\/bo\/wp-content\/uploads\/2014\/11\/petojentappamatporot.jpg\" rel=\"lightbox[606]\"><img loading=\"lazy\" decoding=\"async\" class=\"alignnone wp-image-1661\" src=\"https:\/\/paliskunnat.fi\/bo\/wp-content\/uploads\/2014\/11\/petojentappamatporot.jpg\" alt=\"Spiriid goddin bohccuid oaivvit \u010doggojuvvon duo\u0111a\u0161tussan vah\u00e1giin\" width=\"500\" height=\"282\" srcset=\"https:\/\/paliskunnat.fi\/bo\/wp-content\/uploads\/2014\/11\/petojentappamatporot.jpg 1000w, https:\/\/paliskunnat.fi\/bo\/wp-content\/uploads\/2014\/11\/petojentappamatporot-300x169.jpg 300w\" sizes=\"auto, (max-width: 500px) 100vw, 500px\" \/><\/a><\/p>\n\n\t\t<style type=\"text\/css\">\n\t\t\t#gallery-1 {\n\t\t\t\tmargin: auto;\n\t\t\t}\n\t\t\t#gallery-1 .gallery-item {\n\t\t\t\tfloat: left;\n\t\t\t\tmargin-top: 10px;\n\t\t\t\ttext-align: center;\n\t\t\t\twidth: 33%;\n\t\t\t}\n\t\t\t#gallery-1 img {\n\t\t\t\tborder: 2px solid #cfcfcf;\n\t\t\t}\n\t\t\t#gallery-1 .gallery-caption {\n\t\t\t\tmargin-left: 0;\n\t\t\t}\n\t\t\t\/* see gallery_shortcode() in wp-includes\/media.php *\/\n\t\t<\/style>\n\t\t<div id='gallery-1' class='gallery galleryid-606 gallery-columns-3 gallery-size-thumbnail'><dl class='gallery-item'>\n\t\t\t<dt class='gallery-icon landscape'>\n\t\t\t\t<a href='https:\/\/paliskunnat.fi\/bo\/wp-content\/uploads\/2014\/11\/mielenosoitus_a.jpg' rel=\"lightbox[606]\"><img loading=\"lazy\" decoding=\"async\" width=\"150\" height=\"150\" src=\"https:\/\/paliskunnat.fi\/bo\/wp-content\/uploads\/2014\/11\/mielenosoitus_a-150x150.jpg\" class=\"attachment-thumbnail size-thumbnail\" alt=\"\" \/><\/a>\n\t\t\t<\/dt><\/dl><dl class='gallery-item'>\n\t\t\t<dt class='gallery-icon landscape'>\n\t\t\t\t<a href='https:\/\/paliskunnat.fi\/bo\/wp-content\/uploads\/2014\/11\/mielenosoitus_c.jpg' rel=\"lightbox[606]\"><img loading=\"lazy\" decoding=\"async\" width=\"150\" height=\"150\" src=\"https:\/\/paliskunnat.fi\/bo\/wp-content\/uploads\/2014\/11\/mielenosoitus_c-150x150.jpg\" class=\"attachment-thumbnail size-thumbnail\" alt=\"\" \/><\/a>\n\t\t\t<\/dt><\/dl><dl class='gallery-item'>\n\t\t\t<dt class='gallery-icon landscape'>\n\t\t\t\t<a href='https:\/\/paliskunnat.fi\/bo\/wp-content\/uploads\/2014\/11\/mielenosoitus_b.jpg' rel=\"lightbox[606]\"><img loading=\"lazy\" decoding=\"async\" width=\"150\" height=\"150\" src=\"https:\/\/paliskunnat.fi\/bo\/wp-content\/uploads\/2014\/11\/mielenosoitus_b-150x150.jpg\" class=\"attachment-thumbnail size-thumbnail\" alt=\"\" \/><\/a>\n\t\t\t<\/dt><\/dl><br style=\"clear: both\" \/>\n\t\t<\/div>\n\n<p>&nbsp;<\/p>\n<p>D\u00e1lvvit muohtaluottat vejola\u0161tet buorebut spiriid \u010duovvuma ja r\u00e1ppiid ohcama. Muohtahis \u00e1igge spiriid lihkademiid lea goittotge measta veadjemeahttun \u010duovvut, go luottat eai vuhtto meahcis. Spiriid goddin bohccuid g\u00e1vdnetge dalle oaive\u00e1\u0161\u0161is soaitt\u00e1hagas. Moadde boazodoalloguovllu m\u00e1ttab\u00e1lgosiin leat geavahusas ng. j\u00e1pminbiellut j\u00e1pm\u00e1n bohccuid g\u00e1vdnama v\u00e1r\u00e1s. Bielluid mielde r\u00e1bbi g\u00e1vdno johtilit ja dan j\u00e1pminsiva lea vejola\u0161 duo\u0111a\u0161tit. Boazomeriin ja heajos teknologiija gullama dihte d\u00e1l\u00e1teknologiija ii goittotge f\u00e1la vel veahki v\u00e1ttisvuhtii buot b\u00e1ikkiin. Spirevah\u00e1giid lass\u00e1neapmi boazodoalloguovllus lea oaive\u00e1\u0161\u0161is \u010duovvumu\u0161 sturron spiren\u00e1liin. Jahk\u00e1sa\u0161 molsa\u0161uddama \u010duozahit oaive\u00e1\u0161\u0161is d\u00e1lkkit, nappo bivdindilit ja ear\u00e1 borramu\u0161\u0161an heivvola\u0161 s\u00e1la\u0161elliid oa\u017e\u017eun. Valjis s\u00e1hp\u00e1njagiid ma\u014b\u014b\u00e1 spiriid dagahan vah\u00e1gat orrot lass\u00e1neamen ollu. D\u00e1t leat \u010duovvumu\u0161 spiriid \u010divggaid erenoam\u00e1\u0161 buorre seailumis heakkas.<\/p>\n<p>Ma\u014bimu\u0161 jagiin erenoam\u00e1\u017eit geatkki dagahan boazovah\u00e1giid mearri lea lass\u00e1nan sakka. Jagis 2013 spiriid goddin g\u00e1vdnon bohccuin 68 proseantta lei godd\u00e1n geatki. Mearis stuor\u00e1mus vah\u00e1gat ledje S\u00e1pmela\u010d\u010daid ruovttuguovllu duottarb\u00e1lgosiin. Maidd\u00e1i nuortar\u00e1j\u00e1 b\u00e1lgosiin gitta An\u00e1ris Suomussalmii vah\u00e1gat ledje stuorr\u00e1.<\/p>\n<p>Spiriid dagahan vah\u00e1gat v\u00e1ikkuhit boazodollui m\u00e1\u014bgga vugiin. Vearr\u00e1mus vah\u00e1tguovlluin spirev\u00e1ttisvuo\u0111a \u010duozihan ekonomala\u0161, sosi\u00e1lala\u0161 ja psyhkala\u0161 deaddu lea fuom\u00e1\u0161ahtti.<\/p>\n<p>&nbsp;<\/p>\n<p>&nbsp;<\/p>\n<p><!--more--><\/p>\n<h2>Boazodolliid buresbirgejumi \u00e1itagat ja veahki d\u00e1rbbut<\/h2>\n<p><a href=\"https:\/\/lauda.ulapland.fi\/bitstream\/handle\/10024\/61819\/Porohoitajien_hyvinvoinnin_uhat_ja_avun_tarpeetpdfA.pdf?sequence=4\">Anneli Pohjola &amp; Jarno Valkonen (toim.) 2012, Lapin yliopisto<\/a><\/p>\n<h2>\u010cielggadeapmi spiriid dagahan vah\u00e1giid v\u00e1ikkuhusain boazodollui ja doaibmabijut spiriin dagahan v\u00e1ttisvuo\u0111aid \u010doavdimii<\/h2>\n<p><a href=\"http:\/\/www.lappi.fi\/lapinliitto\/c\/document_library\/get_file?folderId=223971&amp;name=DLFE-6999.pdf\">Lapin liitto 2011 (PDF)<\/a><\/p>\n","protected":false},"excerpt":{"rendered":"<p>Vah\u00e1giid \u010duovvumu\u0161at Suomas spiriid dagahan g\u00e1vdnojuvvon vah\u00e1giin measta 95 proseantta \u010duohc\u00e1 bohccuide. Bohccuid manahit spiriide jahk\u00e1sa\u010d\u010dat buohkanassii sullii 25\u00a0000-35\u00a0000. D\u00e1in \u00e1rvaluvvo g\u00e1vdnot sullii vi\u0111\u00e1das meahcis. Bohccot guhtot viiddes guovlluin ie\u0161gu\u0111etl\u00e1gan eatnamiin. R\u00e1bbi l\u00e1hppo meahcis jo\u0111\u00e1nit spiriid ja ear\u00e1 r\u00e1bbeborri nj\u00e1lbm\u00e1i. D\u00e1n dihte stuor\u00e1mus oassi spiriid goddin bohccuin b\u00e1hc\u00e1 g\u00e1vdnokeahtt\u00e1. Lassin spirebuhtadusaid o\u017e\u017eon g\u00e1ibida bohcco j\u00e1pminsiva [&hellip;]<\/p>\n","protected":false},"author":1,"featured_media":0,"parent":578,"menu_order":6,"comment_status":"open","ping_status":"closed","template":"","meta":{"footnotes":""},"class_list":["post-606","page","type-page","status-publish","hentry"],"_links":{"self":[{"href":"https:\/\/paliskunnat.fi\/bo\/wp-json\/wp\/v2\/pages\/606","targetHints":{"allow":["GET"]}}],"collection":[{"href":"https:\/\/paliskunnat.fi\/bo\/wp-json\/wp\/v2\/pages"}],"about":[{"href":"https:\/\/paliskunnat.fi\/bo\/wp-json\/wp\/v2\/types\/page"}],"author":[{"embeddable":true,"href":"https:\/\/paliskunnat.fi\/bo\/wp-json\/wp\/v2\/users\/1"}],"replies":[{"embeddable":true,"href":"https:\/\/paliskunnat.fi\/bo\/wp-json\/wp\/v2\/comments?post=606"}],"version-history":[{"count":8,"href":"https:\/\/paliskunnat.fi\/bo\/wp-json\/wp\/v2\/pages\/606\/revisions"}],"predecessor-version":[{"id":5837,"href":"https:\/\/paliskunnat.fi\/bo\/wp-json\/wp\/v2\/pages\/606\/revisions\/5837"}],"up":[{"embeddable":true,"href":"https:\/\/paliskunnat.fi\/bo\/wp-json\/wp\/v2\/pages\/578"}],"wp:attachment":[{"href":"https:\/\/paliskunnat.fi\/bo\/wp-json\/wp\/v2\/media?parent=606"}],"curies":[{"name":"wp","href":"https:\/\/api.w.org\/{rel}","templated":true}]}}