{"id":608,"date":"2014-11-05T15:21:55","date_gmt":"2014-11-05T13:21:55","guid":{"rendered":"http:\/\/80.69.171.23\/py\/?page_id=608"},"modified":"2025-03-11T10:12:26","modified_gmt":"2025-03-11T08:12:26","slug":"buhtadusat","status":"publish","type":"page","link":"https:\/\/paliskunnat.fi\/bo\/boazovahagat\/spirevahagat\/buhtadusat\/","title":{"rendered":"Buhtadusat"},"content":{"rendered":"<h2>Spirevah\u00e1tbuhtadusat<\/h2>\n<p>D\u00e1l\u00e1 buhtadussystema r\u00e1mas \u00e1rvvo\u0161tallamiid mielde sullii bealli spiriid boazodollui dagahan njuolgga vah\u00e1giin buhtaduvvo vah\u00e1gagill\u00e1deaddj\u00e1i.<\/p>\n<p>Spire goddin bohcco eaigg\u00e1dii dahje b\u00e1lgosii, goas eaigg\u00e1da ii s\u00e1hte \u010dielggadit, m\u00e1ksojuvvo buhtadusaid spiriid dagahan vah\u00e1giin. Njuolgga ollisvah\u00e1giidda gullet manahuvvon bohccuid ja sagahanvuoittu lassin badjelmear\u00e1la\u0161 guo\u0111oheamis dahje \u00e1idumis, vah\u00e1giid ohcamis ja vah\u00e1ga dagahan spire j\u00e1vkadanproseassain \u0161addi goluid.<\/p>\n<p>Spiriid dagahan boazovah\u00e1giid buhtadan\u00e1kkat juhkkojuvvo golmma oass\u00e1i: boazovah\u00e1giidda, miessel\u00e1hppomii ja erenoam\u00e1\u0161 stuorra boazovah\u00e1giidda. Boazovah\u00e1gat buhtaduvvojit <a href=\"https:\/\/www.finlex.fi\/fi\/laki\/ajantasa\/2009\/20090105\">Fuo\u0111\u0111ovah\u00e1tl\u00e1ga<\/a> (105\/2009) mielde boazoeaigg\u00e1dii dahje b\u00e1lgosii st\u00e1hta bu\u0161eahtta\u00e1rvalusa olis. Juos buhtadusa ii s\u00e1hte m\u00e1ksitt dievasla\u010d\u010dat buhtadus\u00e1rvalusa olis, geahpiduvvo juohke buhtadussii vuoigatvuo\u0111ala\u010d\u010das seamma veardde. Lassin Suoma EU:s bivd\u00e1n jahk\u00e1sa\u0161 stuor\u00e1mus mearri boazovah\u00e1giid buhtadeapm\u00e1i na\u0161un\u00e1la v\u00e1riin lea d\u00e1l 10 miljovnna euro.<\/p>\n<p><a href=\"https:\/\/paliskunnat.fi\/bo\/wp-content\/uploads\/2025\/03\/spirevahatbuhtadusat-boazovahagiin-2000-2024.jpg\" rel=\"lightbox[608]\"><img loading=\"lazy\" decoding=\"async\" class=\"alignnone wp-image-6173\" src=\"https:\/\/paliskunnat.fi\/bo\/wp-content\/uploads\/2025\/03\/spirevahatbuhtadusat-boazovahagiin-2000-2024.jpg\" alt=\"Spirevah\u00e1tbuhtadusat boazovah\u00e1giin 2000-2024.\" width=\"460\" height=\"292\" srcset=\"https:\/\/paliskunnat.fi\/bo\/wp-content\/uploads\/2025\/03\/spirevahatbuhtadusat-boazovahagiin-2000-2024.jpg 1200w, https:\/\/paliskunnat.fi\/bo\/wp-content\/uploads\/2025\/03\/spirevahatbuhtadusat-boazovahagiin-2000-2024-300x191.jpg 300w, https:\/\/paliskunnat.fi\/bo\/wp-content\/uploads\/2025\/03\/spirevahatbuhtadusat-boazovahagiin-2000-2024-1024x650.jpg 1024w, https:\/\/paliskunnat.fi\/bo\/wp-content\/uploads\/2025\/03\/spirevahatbuhtadusat-boazovahagiin-2000-2024-768x488.jpg 768w\" sizes=\"auto, (max-width: 460px) 100vw, 460px\" \/><\/a><\/p>\n<p>Boazovah\u00e1giin s\u00e1httit buhtadit eanemust\u00e1 spire goddin dahje spirevah\u00e1ga dihte goddon bohcco \u00e1rvvu \u00e1rvosa\u0161 meari beannotgeard\u00e1sa\u017e\u017ean. Lassin b\u00e1lgosii s\u00e1httit m\u00e1ksit boazoeaigg\u00e1diidda d\u00e1rkkuhuvvon guoddima ja sk\u00e1bmam\u00e1nu ma\u014bimu\u0161 beaivvi gaskasa\u0161 \u00e1iggis rehkenaston \u00e1kkain mearriduvvon buhtadusa spiriid dagahan vah\u00e1giid dihte l\u00e1hppon misiin (<a href=\"https:\/\/www.finlex.fi\/fi\/laki\/ajantasa\/2009\/20090105\">Fuo\u0111\u0111ovah\u00e1tl\u00e1hka<\/a> 14 \u00a7 1 mom.).<\/p>\n<p>D\u00e1longuovlodoaimmahat add\u00e1 d\u00e1rkilut mearr\u00e1dusaid boazovah\u00e1giid buhtadeamis geavahuvvon \u00e1rvvuin bohcco\u0161l\u00e1jaid mielde unnimust\u00e1 juohke vi\u0111\u00e1t jagi. \u00c1rvu mero\u0161tallojuvvo boazo\u0161l\u00e1ja gaskamearala\u0161 deattu ja boazo\u0161l\u00e1ja sagahangearduma ja bohccobierggu buvttadeaddjihatti mielde. (<a href=\"https:\/\/www.finlex.fi\/fi\/laki\/ajantasa\/2009\/20090105\">Fuo\u0111\u0111ovah\u00e1tl\u00e1hka<\/a> 13 \u00a7 3 mom.) Miessevah\u00e1giid rehkenastimis geavahuvvon bohccobierggu buvttadeaddjihaddi galg\u00e1 mearriduvvot golbma ma\u014bimu\u0161 boazodoallojagi buvttadeaddjihaddi gaska\u00e1rvvus. (<a href=\"https:\/\/www.finlex.fi\/fi\/laki\/ajantasa\/2009\/20090105\">Fuo\u0111\u0111ovah\u00e1tl\u00e1hka<\/a> 14 \u00a7 3 mom.)<\/p>\n<p>Miessevah\u00e1tbuhtadus rehkenastojuvvo b\u00e1lgosiid mielde bohccobierggu buvttadeaddjihaddi ja boazodoalloguvlui \u00e1rvvo\u0161tallojuvvon guoddinproseantta ja b\u00e1lgosa guovllu \u00e1ldduid meari ja b\u00e1lgosa guvlui \u00e1rvvo\u0161tallojuvvon spiriid dagahan miessej\u00e1pminproseantta vuo\u0111ul. (<a href=\"https:\/\/www.finlex.fi\/fi\/laki\/ajantasa\/2009\/20090105\">Fuo\u0111\u0111ovah\u00e1tl\u00e1hka<\/a> 14 \u00a7 2 mom.) D\u00e1rkilut mearr\u00e1dusat boazodoalloguvlui \u00e1rvvo\u0161tallojuvvon guoddinproseanttas ja b\u00e1lgosiid mielde \u00e1rvvo\u0161tallojuvvon miessej\u00e1pminproseanttain addojuvvo st\u00e1htar\u00e1\u0111i \u00e1sahusain unnimust\u00e1 juohke goalmm\u00e1t jagi.<\/p>\n<p>Erenoam\u00e1\u0161 stuorra boazovah\u00e1giin s\u00e1httit m\u00e1ksit erenoam\u00e1\u0161 buhtadusa, go b\u00e1lgosa boazovah\u00e1giid mearri golbma ma\u014bimu\u0161 jagis mann\u00e1 badjel st\u00e1htar\u00e1\u0111i \u00e1sahusain d\u00e1rkilut mero\u0161tallojuvvon unnimusmeari. (<a href=\"https:\/\/www.finlex.fi\/fi\/laki\/ajantasa\/2009\/20090105\">Fuo\u0111\u0111ovah\u00e1tl\u00e1hka<\/a> 15 \u00a7 1 mom.) D\u00e1lle boazovah\u00e1giin s\u00e1httit buhtadit eanemust\u00e1 spire goddin dahje spirevah\u00e1ga dihte goddojuvvon boazu guovtte geard\u00e1sa\u017e\u017ean. Buhtadussii vuog\u00e1idahtton b\u00e1lgosat nannejuvvojit jahk\u00e1sa\u010d\u010dat eana- ja vuovdedoalloministeriija h\u00e1lddahusmearr\u00e1dusain. Jagis 2014 unnimusmearri lei 3 % ja buhtadussii vuog\u00e1idahtton b\u00e1lgosat ledje g\u00e1vcci.<\/p>\n<p>Eanaspiriid dagahan boazovah\u00e1tbuhtadusaid mearr\u00e1i v\u00e1ikkuhit njuolga 1) spiriid mearis boahtti boazovah\u00e1giid mearri ja erenoam\u00e1\u0161 stuorra boazovah\u00e1giid leavvan ja 2) bohccobierggu haddi.<\/p>\n<p>Boazovah\u00e1gat ja dan mielde vah\u00e1giid buhtadansupmit leat leama\u0161 lass\u00e1neamen olles Suoma EU-lahttuvuo\u0111a ja dan mielde nupp\u00e1stuvvan suodjalanpolitihka \u00e1igge. Jahkeduh\u00e1ha molsa\u0161uddamis vah\u00e1giid buhtadansupmit ledje botta vuollega\u0161 d\u00e1sis, muhto jagis 2004 vuolg\u00e1n vah\u00e1tbuhtademiid loktaneapmi lea leama\u0161 fuom\u00e1\u0161ahtti. D\u00e1t boaht\u00e1 sihke vah\u00e1tmeriid lass\u00e1neamis ja bohccobierggu buorre haddeloktaneamis.<\/p>\n<p>&nbsp;<\/p>\n<p>&nbsp;<\/p>\n<p>&nbsp;<\/p>\n","protected":false},"excerpt":{"rendered":"<p>Spirevah\u00e1tbuhtadusat D\u00e1l\u00e1 buhtadussystema r\u00e1mas \u00e1rvvo\u0161tallamiid mielde sullii bealli spiriid boazodollui dagahan njuolgga vah\u00e1giin buhtaduvvo vah\u00e1gagill\u00e1deaddj\u00e1i. Spire goddin bohcco eaigg\u00e1dii dahje b\u00e1lgosii, goas eaigg\u00e1da ii s\u00e1hte \u010dielggadit, m\u00e1ksojuvvo buhtadusaid spiriid dagahan vah\u00e1giin. Njuolgga ollisvah\u00e1giidda gullet manahuvvon bohccuid ja sagahanvuoittu lassin badjelmear\u00e1la\u0161 guo\u0111oheamis dahje \u00e1idumis, vah\u00e1giid ohcamis ja vah\u00e1ga dagahan spire j\u00e1vkadanproseassain \u0161addi goluid. Spiriid dagahan boazovah\u00e1giid [&hellip;]<\/p>\n","protected":false},"author":1,"featured_media":0,"parent":578,"menu_order":7,"comment_status":"open","ping_status":"closed","template":"","meta":{"footnotes":""},"class_list":["post-608","page","type-page","status-publish","hentry"],"_links":{"self":[{"href":"https:\/\/paliskunnat.fi\/bo\/wp-json\/wp\/v2\/pages\/608","targetHints":{"allow":["GET"]}}],"collection":[{"href":"https:\/\/paliskunnat.fi\/bo\/wp-json\/wp\/v2\/pages"}],"about":[{"href":"https:\/\/paliskunnat.fi\/bo\/wp-json\/wp\/v2\/types\/page"}],"author":[{"embeddable":true,"href":"https:\/\/paliskunnat.fi\/bo\/wp-json\/wp\/v2\/users\/1"}],"replies":[{"embeddable":true,"href":"https:\/\/paliskunnat.fi\/bo\/wp-json\/wp\/v2\/comments?post=608"}],"version-history":[{"count":21,"href":"https:\/\/paliskunnat.fi\/bo\/wp-json\/wp\/v2\/pages\/608\/revisions"}],"predecessor-version":[{"id":6174,"href":"https:\/\/paliskunnat.fi\/bo\/wp-json\/wp\/v2\/pages\/608\/revisions\/6174"}],"up":[{"embeddable":true,"href":"https:\/\/paliskunnat.fi\/bo\/wp-json\/wp\/v2\/pages\/578"}],"wp:attachment":[{"href":"https:\/\/paliskunnat.fi\/bo\/wp-json\/wp\/v2\/media?parent=608"}],"curies":[{"name":"wp","href":"https:\/\/api.w.org\/{rel}","templated":true}]}}