{"id":611,"date":"2014-11-05T15:23:42","date_gmt":"2014-11-05T13:23:42","guid":{"rendered":"http:\/\/80.69.171.23\/py\/?page_id=611"},"modified":"2019-04-07T15:50:17","modified_gmt":"2019-04-07T12:50:17","slug":"rabbegovvideapmi","status":"publish","type":"page","link":"https:\/\/paliskunnat.fi\/bo\/boazovahagat\/spirevahagat\/rabbegovvideapmi\/","title":{"rendered":"R\u00e1bbegovvideapmi"},"content":{"rendered":"<h2>R\u00e1bbegovvideapmi<\/h2>\n<p>D\u00e1l\u00e1 spiriid r\u00e1bbegovvidandoaibma lea Suomas muddekeahtes, iige dutkandie\u0111ut doaimma dagahan vah\u00e1giin ja hehttehusain leat. Dilli dagaha stuora v\u00e1ttisvuo\u0111aid erenoam\u00e1\u017eit m\u00e1tta boazodoalloguovllus, gos r\u00e1bbegovvideami aktiivvala\u010d\u010dat barget. Guovlluin, gos spiren\u00e1lit leat nana, juo ovttaskas r\u00e1bbegovvidanb\u00e1iki \u010doagg\u00e1 birrasis hui deahtta spire\u010dohkkema.<\/p>\n<p>Spire\u010dohkkema guovlluin ja lagas birrasis boazovah\u00e1giid mearri lass\u00e1na. D\u00e1n dihte r\u00e1bbegovvidanb\u00e1ikkit dagahit fuom\u00e1\u0161ahtti manahusaid boazodollui. Meahcir\u00e1\u0111\u0111ehus ii mie\u0111it st\u00e1hta eatnamiidda r\u00e1bbegovvidanlobiid. Priv\u00e1htaeatnamiid oasis \u00e1\u0161\u0161i jo\u0111\u00e1nis mudden lea vealtameahttun. Maidd\u00e1i dutkamu\u0161die\u0111uid \u00e1\u0161\u0161is d\u00e1rbba\u0161it muddema vuo\u0111\u0111un.<\/p>\n<p>&nbsp;<\/p>\n<p>&nbsp;<\/p>\n","protected":false},"excerpt":{"rendered":"<p>R\u00e1bbegovvideapmi D\u00e1l\u00e1 spiriid r\u00e1bbegovvidandoaibma lea Suomas muddekeahtes, iige dutkandie\u0111ut doaimma dagahan vah\u00e1giin ja hehttehusain leat. Dilli dagaha stuora v\u00e1ttisvuo\u0111aid erenoam\u00e1\u017eit m\u00e1tta boazodoalloguovllus, gos r\u00e1bbegovvideami aktiivvala\u010d\u010dat barget. Guovlluin, gos spiren\u00e1lit leat nana, juo ovttaskas r\u00e1bbegovvidanb\u00e1iki \u010doagg\u00e1 birrasis hui deahtta spire\u010dohkkema. Spire\u010dohkkema guovlluin ja lagas birrasis boazovah\u00e1giid mearri lass\u00e1na. D\u00e1n dihte r\u00e1bbegovvidanb\u00e1ikkit dagahit fuom\u00e1\u0161ahtti manahusaid boazodollui. Meahcir\u00e1\u0111\u0111ehus [&hellip;]<\/p>\n","protected":false},"author":1,"featured_media":0,"parent":578,"menu_order":8,"comment_status":"open","ping_status":"closed","template":"","meta":{"footnotes":""},"class_list":["post-611","page","type-page","status-publish","hentry"],"_links":{"self":[{"href":"https:\/\/paliskunnat.fi\/bo\/wp-json\/wp\/v2\/pages\/611","targetHints":{"allow":["GET"]}}],"collection":[{"href":"https:\/\/paliskunnat.fi\/bo\/wp-json\/wp\/v2\/pages"}],"about":[{"href":"https:\/\/paliskunnat.fi\/bo\/wp-json\/wp\/v2\/types\/page"}],"author":[{"embeddable":true,"href":"https:\/\/paliskunnat.fi\/bo\/wp-json\/wp\/v2\/users\/1"}],"replies":[{"embeddable":true,"href":"https:\/\/paliskunnat.fi\/bo\/wp-json\/wp\/v2\/comments?post=611"}],"version-history":[{"count":3,"href":"https:\/\/paliskunnat.fi\/bo\/wp-json\/wp\/v2\/pages\/611\/revisions"}],"predecessor-version":[{"id":5468,"href":"https:\/\/paliskunnat.fi\/bo\/wp-json\/wp\/v2\/pages\/611\/revisions\/5468"}],"up":[{"embeddable":true,"href":"https:\/\/paliskunnat.fi\/bo\/wp-json\/wp\/v2\/pages\/578"}],"wp:attachment":[{"href":"https:\/\/paliskunnat.fi\/bo\/wp-json\/wp\/v2\/media?parent=611"}],"curies":[{"name":"wp","href":"https:\/\/api.w.org\/{rel}","templated":true}]}}