{"id":740,"date":"2014-11-08T20:09:18","date_gmt":"2014-11-08T18:09:18","guid":{"rendered":"http:\/\/80.69.171.23\/py\/?page_id=740"},"modified":"2023-12-28T11:57:20","modified_gmt":"2023-12-28T09:57:20","slug":"balgguskarttat","status":"publish","type":"page","link":"https:\/\/paliskunnat.fi\/bo\/balgosat\/balgguskarttat\/","title":{"rendered":"B\u00e1lggusk\u00e1rttat"},"content":{"rendered":"<h2>B\u00e1lgosat k\u00e1rttas<\/h2>\n<p>B\u00e1lgosat Leaflet-k\u00e1rttas (<a href=\"https:\/\/paliskunnat.fi\/map\/\" target=\"_blank\" rel=\"noopener noreferrer\">li\u014bka<\/a> rahp\u00e1 k\u00e1rtta o\u0111\u0111a neahttaruvttos).<\/p>\n<p>Virgg\u00e1la\u0161 b\u00e1lggosr\u00e1jiid s\u00e1n\u00e1la\u0161 govv\u00e1dusaid g\u00e1vnnat GHD <a href=\"https:\/\/avi.fi\/asioi\/yritys-tai-yhteiso\/luvat-ilmoitukset-ja-hakemukset\/elaimet\/poroasiat\">neahttasiidduin<\/a>.<\/p>\n<p>&nbsp;<\/p>\n<p>&nbsp;<\/p>\n","protected":false},"excerpt":{"rendered":"<p>B\u00e1lgosat k\u00e1rttas B\u00e1lgosat Leaflet-k\u00e1rttas (li\u014bka rahp\u00e1 k\u00e1rtta o\u0111\u0111a neahttaruvttos). Virgg\u00e1la\u0161 b\u00e1lggosr\u00e1jiid s\u00e1n\u00e1la\u0161 govv\u00e1dusaid g\u00e1vnnat GHD neahttasiidduin. &nbsp; &nbsp;<\/p>\n","protected":false},"author":1,"featured_media":0,"parent":6,"menu_order":4,"comment_status":"open","ping_status":"closed","template":"","meta":{"footnotes":""},"class_list":["post-740","page","type-page","status-publish","hentry"],"_links":{"self":[{"href":"https:\/\/paliskunnat.fi\/bo\/wp-json\/wp\/v2\/pages\/740","targetHints":{"allow":["GET"]}}],"collection":[{"href":"https:\/\/paliskunnat.fi\/bo\/wp-json\/wp\/v2\/pages"}],"about":[{"href":"https:\/\/paliskunnat.fi\/bo\/wp-json\/wp\/v2\/types\/page"}],"author":[{"embeddable":true,"href":"https:\/\/paliskunnat.fi\/bo\/wp-json\/wp\/v2\/users\/1"}],"replies":[{"embeddable":true,"href":"https:\/\/paliskunnat.fi\/bo\/wp-json\/wp\/v2\/comments?post=740"}],"version-history":[{"count":15,"href":"https:\/\/paliskunnat.fi\/bo\/wp-json\/wp\/v2\/pages\/740\/revisions"}],"predecessor-version":[{"id":6062,"href":"https:\/\/paliskunnat.fi\/bo\/wp-json\/wp\/v2\/pages\/740\/revisions\/6062"}],"up":[{"embeddable":true,"href":"https:\/\/paliskunnat.fi\/bo\/wp-json\/wp\/v2\/pages\/6"}],"wp:attachment":[{"href":"https:\/\/paliskunnat.fi\/bo\/wp-json\/wp\/v2\/media?parent=740"}],"curies":[{"name":"wp","href":"https:\/\/api.w.org\/{rel}","templated":true}]}}