{"id":774,"date":"2014-11-09T21:27:03","date_gmt":"2014-11-09T19:27:03","guid":{"rendered":"http:\/\/80.69.171.23\/py\/?page_id=774"},"modified":"2025-02-23T12:21:30","modified_gmt":"2025-02-23T10:21:30","slug":"johtolatvahagat","status":"publish","type":"page","link":"https:\/\/paliskunnat.fi\/bo\/boazovahagat\/johtolatvahagat\/","title":{"rendered":"Johtolatvah\u00e1gat"},"content":{"rendered":"<h2>Johtolatvah\u00e1gat<\/h2>\n<p>Luottat ja ruovdegeainnut luddot bohccuid eallinbirrasiid ja guohtuneatnamiid. Boazob\u00e1rttit d\u00e1hp\u00e1huvvet jahk\u00e1sa\u010d\u010dat sihke luodda- ja ruovdegeaidnojohtolagas. B\u00e1rtemearit molsa\u0161uddet sakka, dasgo earret ear\u00e1 d\u00e1lkkit v\u00e1ikkuhit ollu bohccuid johtimii luottaid ja ruovdegeainnuid alde. Stuor\u00e1mus riska b\u00e1rtidit bohccuin leat sk\u00e1bmam\u00e1nnu, juovlam\u00e1nnu ja o\u0111\u0111ajagim\u00e1nnu.<\/p>\n<h3>Leage erenoam\u00e1\u0161 v\u00e1rrugas d\u00e1in stuorra b\u00e1rteriskka luottain:<\/h3>\n<ul>\n<li>Riikkageaidnu 20 gaskkal Panumanj\u00e1vri-Taivalkoski<\/li>\n<li>Riikkageaidnu 5 gaskkal Guoss\u00e1n-Ruka<\/li>\n<li>M\u00e1ttageaidnu 82 gaskkal Vikaj\u00e1vri-Giemaj\u00e1vri<\/li>\n<li>Riikkageaidnu 4 gaskkal Roavvenj\u00e1rga-Soa\u0111egilli<\/li>\n<li>M\u00e1ttageaidnu 79 gaskkal Roavvenj\u00e1rga-Gihttel<\/li>\n<li>Riikkageaidnu 21 gaskkal Kihlanki-Muon\u00e1<\/li>\n<li>Riikkageaidnu 4 gaskkal Vuoh\u010d\u010du-Avvil<\/li>\n<\/ul>\n<p><a href=\"https:\/\/paliskunnat.fi\/bo\/wp-content\/uploads\/2014\/11\/suuri_kolaririski.png\" rel=\"lightbox[825]\"><img loading=\"lazy\" decoding=\"async\" class=\"alignnone wp-image-1010\" src=\"https:\/\/paliskunnat.fi\/bo\/wp-content\/uploads\/2014\/11\/suuri_kolaririski.png\" alt=\"Stuorra boazob\u00e1rte\u00e1itta\" width=\"400\" height=\"513\" srcset=\"https:\/\/paliskunnat.fi\/bo\/wp-content\/uploads\/2014\/11\/suuri_kolaririski.png 1000w, https:\/\/paliskunnat.fi\/bo\/wp-content\/uploads\/2014\/11\/suuri_kolaririski-234x300.png 234w, https:\/\/paliskunnat.fi\/bo\/wp-content\/uploads\/2014\/11\/suuri_kolaririski-799x1024.png 799w\" sizes=\"auto, (max-width: 400px) 100vw, 400px\" \/><\/a><\/p>\n<p>Suomas <a href=\"http:\/\/www.lvk.fi\/fi\/liikennevahingon-korvaukset\/liikennevakuutuskeskuksen-korvaamat-vahingot\/\">Johtolatvah\u00e1tguovdd\u00e1\u0161<\/a> (JVG) buhtte boazoeaigg\u00e1dii johtolatvah\u00e1gis manahuvvon bohcco. Juos bohcco eaigg\u00e1da ii s\u00e1hte \u010dielggadit, buhtadusa oa\u017e\u017eu d\u00e1hp\u00e1husb\u00e1ikki b\u00e1lggus.<\/p>\n<p>Vah\u00e1ga dagaheaddji ii leat buhtadusovddasv\u00e1st\u00e1dus bohccos.<\/p>\n<p>JVG buhtte maidd\u00e1i olgoriikkala\u0161 fievrru dagahan boazovah\u00e1giid. Boazob\u00e1rttis dagahan fievrru vah\u00e1giin dahje olmmo\u0161vah\u00e1giin ohccojuvvo buhtadus fievrru ie\u017eas johtolat- ja k\u00e1skod\u00e1hk\u00e1dusas. Prinsihpas biilla dahje g\u00e1rgga vuoll\u00e1i b\u00e1hc\u00e1n bohccos boahtti manahus lea boazoeaigg\u00e1dii \u00e1lo stuor\u00e1t go lihkohisvuo\u0111as manahuvvon bohcco buhtten\u00e1rvu. Erenoam\u00e1\u017eit produktivitehta agis manahuvvon sagahanboazu buhtten o\u0111\u0111a bohccuin lea njoazes homm\u00e1: nji\u014b\u014b\u00e1lasmiesi sagahanahk\u00e1i \u0161addadeapmi goll\u00e1 unnimust\u00e1 golbma jagi.<\/p>\n<p>&nbsp;<\/p>\n\n\t\t<style type=\"text\/css\">\n\t\t\t#gallery-1 {\n\t\t\t\tmargin: auto;\n\t\t\t}\n\t\t\t#gallery-1 .gallery-item {\n\t\t\t\tfloat: left;\n\t\t\t\tmargin-top: 10px;\n\t\t\t\ttext-align: center;\n\t\t\t\twidth: 33%;\n\t\t\t}\n\t\t\t#gallery-1 img {\n\t\t\t\tborder: 2px solid #cfcfcf;\n\t\t\t}\n\t\t\t#gallery-1 .gallery-caption {\n\t\t\t\tmargin-left: 0;\n\t\t\t}\n\t\t\t\/* see gallery_shortcode() in wp-includes\/media.php *\/\n\t\t<\/style>\n\t\t<div id='gallery-1' class='gallery galleryid-774 gallery-columns-3 gallery-size-thumbnail'><dl class='gallery-item'>\n\t\t\t<dt class='gallery-icon landscape'>\n\t\t\t\t<a href='https:\/\/paliskunnat.fi\/bo\/wp-content\/uploads\/2014\/11\/poroja_tiella.jpg' rel=\"lightbox[774]\"><img loading=\"lazy\" decoding=\"async\" width=\"150\" height=\"150\" src=\"https:\/\/paliskunnat.fi\/bo\/wp-content\/uploads\/2014\/11\/poroja_tiella-150x150.jpg\" class=\"attachment-thumbnail size-thumbnail\" alt=\"\" \/><\/a>\n\t\t\t<\/dt><\/dl><dl class='gallery-item'>\n\t\t\t<dt class='gallery-icon landscape'>\n\t\t\t\t<a href='https:\/\/paliskunnat.fi\/bo\/wp-content\/uploads\/2014\/11\/porovarotius.jpg' rel=\"lightbox[774]\"><img loading=\"lazy\" decoding=\"async\" width=\"150\" height=\"150\" src=\"https:\/\/paliskunnat.fi\/bo\/wp-content\/uploads\/2014\/11\/porovarotius-150x150.jpg\" class=\"attachment-thumbnail size-thumbnail\" alt=\"\" \/><\/a>\n\t\t\t<\/dt><\/dl><dl class='gallery-item'>\n\t\t\t<dt class='gallery-icon landscape'>\n\t\t\t\t<a href='https:\/\/paliskunnat.fi\/bo\/wp-content\/uploads\/2014\/11\/porot_tiella.jpg' rel=\"lightbox[774]\"><img loading=\"lazy\" decoding=\"async\" width=\"150\" height=\"150\" src=\"https:\/\/paliskunnat.fi\/bo\/wp-content\/uploads\/2014\/11\/porot_tiella-150x150.jpg\" class=\"attachment-thumbnail size-thumbnail\" alt=\"\" \/><\/a>\n\t\t\t<\/dt><\/dl><br style=\"clear: both\" \/>\n\t\t<\/div>\n\n<p>&nbsp;<\/p>\n<p>B\u00e1lgosiid ovttastus, b\u00e1lgosat ja badjeolbmot geah\u010d\u010dalit aktiivvala\u010d\u010dat g\u00e1vnnahit vugiid boazob\u00e1rttiid geahpedeapm\u00e1i. Bohccuid guo\u0111ohit eret geainnuid lahkosis. Jagiid mielde leat geah\u010d\u010dalan m\u00e1\u014bggal\u00e1gan vugiid vah\u00e1giid caggamii, muhto beaktilis vuogi eai leat vel lihkostuvvan g\u00e1vdnat.<\/p>\n<p>Bohccuid rusten \u0161le\u0111ggoniiguin s\u00e1htt\u00e1 juoba lasihit vah\u00e1triskka, go vuoddji g\u00e1dd\u00e1 \u0161le\u0111ggonbohcco olbmon.<\/p>\n<p>Ma\u014bimu\u0161 \u0161le\u0111ggoniskkadeapmi dahkui jagis 2014, goas m\u00e1liimet bohccuid \u010dorvviid \u0161le\u0111ggonm\u00e1lain. \u0160le\u0111ggonm\u00e1laiskkadeapmi lea o\u017e\u017eon fuom\u00e1\u0161umi medias m\u00e1ilmmi viidosa\u010d\u010dat (Helsingin Sanomat <a href=\"http:\/\/nyt.fi\/a1305788334608\">NYT<\/a> 17.2.2014), nu ahte dat doaimmai buot gok\u010daseames johtolat\u010duvgehus\u00e1\u014bggirdeapmi. M\u00e1la nanusvuo\u0111as ja geavaheamis leat v\u00e1ttisvuo\u0111at, danin doaibmi buktaga buvttaovddideami joatkit ain \u00e1\u0161\u0161in bero\u0161tuvvan fitnodagaiguin.<\/p>\n<p>Jo\u0111us lea maid Boazob\u00e1rtev\u00e1ruhusaid v\u00e1ikkuhusat -gieddeiskkus, mainna johtolatvah\u00e1tv\u00e1ttisvuo\u0111aid geah\u010d\u010dalit \u010doavdit teknologiijain.<\/p>\n<p>&nbsp;<\/p>\n<p><!--more--><\/p>\n<h2>Boazu johtolagas<\/h2>\n<p>Boazu johtolagas -ofela\u0161 (<a href=\"https:\/\/paliskunnat.fi\/bo\/wp-content\/uploads\/2014\/11\/poro_liikenteessa.pdf\">PDF<\/a>\u00a01822 kt, suomiagillii)<\/p>\n<h2>JVG Boazovah\u00e1gat<\/h2>\n<p><a href=\"http:\/\/www.lvk.fi\/fi\/liikennevahingon-korvaukset\/liikennevakuutuskeskuksen-korvaamat-vahingot\/\">Johtolatvah\u00e1tguovdd\u00e1\u0161<\/a><\/p>\n","protected":false},"excerpt":{"rendered":"<p>Johtolatvah\u00e1gat Luottat ja ruovdegeainnut luddot bohccuid eallinbirrasiid ja guohtuneatnamiid. Boazob\u00e1rttit d\u00e1hp\u00e1huvvet jahk\u00e1sa\u010d\u010dat sihke luodda- ja ruovdegeaidnojohtolagas. B\u00e1rtemearit molsa\u0161uddet sakka, dasgo earret ear\u00e1 d\u00e1lkkit v\u00e1ikkuhit ollu bohccuid johtimii luottaid ja ruovdegeainnuid alde. Stuor\u00e1mus riska b\u00e1rtidit bohccuin leat sk\u00e1bmam\u00e1nnu, juovlam\u00e1nnu ja o\u0111\u0111ajagim\u00e1nnu. Leage erenoam\u00e1\u0161 v\u00e1rrugas d\u00e1in stuorra b\u00e1rteriskka luottain: Riikkageaidnu 20 gaskkal Panumanj\u00e1vri-Taivalkoski Riikkageaidnu 5 gaskkal Guoss\u00e1n-Ruka [&hellip;]<\/p>\n","protected":false},"author":1,"featured_media":0,"parent":177,"menu_order":2,"comment_status":"open","ping_status":"closed","template":"","meta":{"footnotes":""},"class_list":["post-774","page","type-page","status-publish","hentry"],"_links":{"self":[{"href":"https:\/\/paliskunnat.fi\/bo\/wp-json\/wp\/v2\/pages\/774","targetHints":{"allow":["GET"]}}],"collection":[{"href":"https:\/\/paliskunnat.fi\/bo\/wp-json\/wp\/v2\/pages"}],"about":[{"href":"https:\/\/paliskunnat.fi\/bo\/wp-json\/wp\/v2\/types\/page"}],"author":[{"embeddable":true,"href":"https:\/\/paliskunnat.fi\/bo\/wp-json\/wp\/v2\/users\/1"}],"replies":[{"embeddable":true,"href":"https:\/\/paliskunnat.fi\/bo\/wp-json\/wp\/v2\/comments?post=774"}],"version-history":[{"count":28,"href":"https:\/\/paliskunnat.fi\/bo\/wp-json\/wp\/v2\/pages\/774\/revisions"}],"predecessor-version":[{"id":6161,"href":"https:\/\/paliskunnat.fi\/bo\/wp-json\/wp\/v2\/pages\/774\/revisions\/6161"}],"up":[{"embeddable":true,"href":"https:\/\/paliskunnat.fi\/bo\/wp-json\/wp\/v2\/pages\/177"}],"wp:attachment":[{"href":"https:\/\/paliskunnat.fi\/bo\/wp-json\/wp\/v2\/media?parent=774"}],"curies":[{"name":"wp","href":"https:\/\/api.w.org\/{rel}","templated":true}]}}