{"id":825,"date":"2014-11-12T13:37:17","date_gmt":"2014-11-12T11:37:17","guid":{"rendered":"http:\/\/80.69.171.23\/py\/?page_id=825"},"modified":"2019-12-10T12:57:31","modified_gmt":"2019-12-10T10:57:31","slug":"boazobarti-deaivida","status":"publish","type":"page","link":"https:\/\/paliskunnat.fi\/bo\/boazovahagat\/johtolatvahagat\/boazobarti-deaivida\/","title":{"rendered":"Juos boazob\u00e1rti deaivida"},"content":{"rendered":"<h2>Doaimma n\u00e1 juos boazob\u00e1rti deaivida<\/h2>\n<ul>\n<li><strong><strong>Eastte lassevah\u00e1giid d\u00e1hp\u00e1huvvan. Bija v\u00e1ruhusgolbma\u010diegahasa luotta ala v\u00e1ruhit ear\u00e1id.<\/strong><\/strong><\/li>\n<li><strong><strong>Fuolat l\u00e1pma\u0161uvvan olbmuid vuostta\u0161veahkis ja ri\u014bge heahteguovdd\u00e1\u017eii (112).<\/strong><\/strong><\/li>\n<li><strong><strong>Gotte l\u00e1pma\u0161uvvan bohcco dahje h\u00e1ga b\u00e1rtidanb\u00e1ik\u00e1i olbmo, gii barg\u00e1 dan.<\/strong><\/strong><\/li>\n<li><strong><strong>Almmut heahteguovdd\u00e1\u017eii (112) \u00e1lo, juos rok\u010det bohcco. Vaikko boazu joatk\u00e1 m\u00e1tkkistis, dat lea j\u00e1hkehahtti l\u00e1pma\u0161uvvan. ALE GUO\u0110E BOHCCO GILL\u00c1T!<\/strong><\/strong><\/li>\n<li><strong><strong>Sirdde rohpa geaidnogurrii ja merke b\u00e1ikki nu oinnola\u010d\u010dat go vejola\u0161. Rohpa ii oa\u010d\u010do v\u00e1ldit mielde.<\/strong><\/strong><\/li>\n<li><strong>Almmut d\u00e1hk\u00e1dusfitnodagaset, juos bea\u0161kkeheamis lea boaht\u00e1n olmmo\u0161- dahje opmodatvah\u00e1gat.<\/strong><\/li>\n<\/ul>\n<p>Guovllu b\u00e1lgosii oa\u017e\u017eu oktavuo\u0111a boazoisida bokte.<\/p>\n<p>&nbsp;<\/p>\n<p>&nbsp;<\/p>\n<h2><\/h2>\n","protected":false},"excerpt":{"rendered":"<p>Doaimma n\u00e1 juos boazob\u00e1rti deaivida Eastte lassevah\u00e1giid d\u00e1hp\u00e1huvvan. Bija v\u00e1ruhusgolbma\u010diegahasa luotta ala v\u00e1ruhit ear\u00e1id. Fuolat l\u00e1pma\u0161uvvan olbmuid vuostta\u0161veahkis ja ri\u014bge heahteguovdd\u00e1\u017eii (112). Gotte l\u00e1pma\u0161uvvan bohcco dahje h\u00e1ga b\u00e1rtidanb\u00e1ik\u00e1i olbmo, gii barg\u00e1 dan. Almmut heahteguovdd\u00e1\u017eii (112) \u00e1lo, juos rok\u010det bohcco. Vaikko boazu joatk\u00e1 m\u00e1tkkistis, dat lea j\u00e1hkehahtti l\u00e1pma\u0161uvvan. ALE GUO\u0110E BOHCCO GILL\u00c1T! Sirdde rohpa geaidnogurrii ja [&hellip;]<\/p>\n","protected":false},"author":1,"featured_media":0,"parent":774,"menu_order":1,"comment_status":"open","ping_status":"closed","template":"","meta":{"footnotes":""},"class_list":["post-825","page","type-page","status-publish","hentry"],"_links":{"self":[{"href":"https:\/\/paliskunnat.fi\/bo\/wp-json\/wp\/v2\/pages\/825","targetHints":{"allow":["GET"]}}],"collection":[{"href":"https:\/\/paliskunnat.fi\/bo\/wp-json\/wp\/v2\/pages"}],"about":[{"href":"https:\/\/paliskunnat.fi\/bo\/wp-json\/wp\/v2\/types\/page"}],"author":[{"embeddable":true,"href":"https:\/\/paliskunnat.fi\/bo\/wp-json\/wp\/v2\/users\/1"}],"replies":[{"embeddable":true,"href":"https:\/\/paliskunnat.fi\/bo\/wp-json\/wp\/v2\/comments?post=825"}],"version-history":[{"count":7,"href":"https:\/\/paliskunnat.fi\/bo\/wp-json\/wp\/v2\/pages\/825\/revisions"}],"predecessor-version":[{"id":5611,"href":"https:\/\/paliskunnat.fi\/bo\/wp-json\/wp\/v2\/pages\/825\/revisions\/5611"}],"up":[{"embeddable":true,"href":"https:\/\/paliskunnat.fi\/bo\/wp-json\/wp\/v2\/pages\/774"}],"wp:attachment":[{"href":"https:\/\/paliskunnat.fi\/bo\/wp-json\/wp\/v2\/media?parent=825"}],"curies":[{"name":"wp","href":"https:\/\/api.w.org\/{rel}","templated":true}]}}