{"id":830,"date":"2014-11-12T13:44:43","date_gmt":"2014-11-12T11:44:43","guid":{"rendered":"http:\/\/80.69.171.23\/py\/?page_id=830"},"modified":"2025-03-18T09:08:17","modified_gmt":"2025-03-18T07:08:17","slug":"johtolatvahatarvvostalli","status":"publish","type":"page","link":"https:\/\/paliskunnat.fi\/bo\/boazovahagat\/johtolatvahagat\/johtolatvahatarvvostalli\/","title":{"rendered":"Johtolatvah\u00e1t\u00e1rvvo\u0161talli"},"content":{"rendered":"<h2>Johtolatvah\u00e1t\u00e1rvvo\u0161talli<\/h2>\n<p>Johtolatvah\u00e1t\u00e1rvvo\u0161talli lea b\u00e1lgosa almmola\u0161 \u010doahkkima v\u00e1lljen olmmo\u0161, gii doaibm\u00e1 <a href=\"http:\/\/www.finlex.fi\/fi\/laki\/ajantasa\/1990\/19900848#P51\">boazodoallol\u00e1ga 51 \u00a7<\/a> mielde d\u00e1hk\u00e1dusain.<\/p>\n<p>Boazob\u00e1rttis almmuhuvvo juogo njuolga dahje bolesa dahje boazoisida bokte vah\u00e1giid \u00e1rvvo\u0161tall\u00e1i. \u00c1rvvo\u0161talli fitn\u00e1 j\u00e1vkatkeahtt\u00e1 d\u00e1hp\u00e1husb\u00e1ikkis d\u00e1rkkisteamen almmuhusa l\u00e1pma\u0161uvvan bohccos ja v\u00e1ld\u00e1 muitui vah\u00e1ga oassebeliid die\u0111uid, barg\u00e1 vah\u00e1talmmuhusa ja almmuha d\u00e1hp\u00e1husas \u00e1\u0161\u0161\u00e1iosola\u0161 boazoeaigg\u00e1dii.<\/p>\n<p>B\u00e1rttis l\u00e1pma\u0161uvvan bohcco geah\u010d\u010dalit g\u00e1vdnat nu jo\u0111\u00e1nit go vejola\u0161. \u00c1rvvo\u0161talli fuolaha r\u00e1ppi eret. R\u00e1ppi du\u0161\u0161adeames vuhtiiv\u00e1ldit biraseisev\u00e1lddiid r\u00e1vvagiid. Oaive\u00e1\u0161\u0161is r\u00e1ppit h\u00e1vd\u00e1duvvojit.<\/p>\n<p>Johtolatvah\u00e1tguovdd\u00e1\u0161 buhtte b\u00e1rttis manahuvvon bohcco. Bohccuid buhtten\u00e1rvvut mearriduvvot boazo\u0161l\u00e1jaid mielde gaskadeattu, gaskamearala\u0161 kilohatti ja sagahangerdoma mielde. Buhtten\u00e1rvvut mearriduvvojit jahk\u00e1sa\u010d\u010dat. Buhtadus m\u00e1ksojuvvo b\u00e1lgosii, mii m\u00e1ks\u00e1 dan ovddos guvlui vah\u00e1ga gill\u00e1n boazoeaigg\u00e1dii.<\/p>\n","protected":false},"excerpt":{"rendered":"<p>Johtolatvah\u00e1t\u00e1rvvo\u0161talli Johtolatvah\u00e1t\u00e1rvvo\u0161talli lea b\u00e1lgosa almmola\u0161 \u010doahkkima v\u00e1lljen olmmo\u0161, gii doaibm\u00e1 boazodoallol\u00e1ga 51 \u00a7 mielde d\u00e1hk\u00e1dusain. Boazob\u00e1rttis almmuhuvvo juogo njuolga dahje bolesa dahje boazoisida bokte vah\u00e1giid \u00e1rvvo\u0161tall\u00e1i. \u00c1rvvo\u0161talli fitn\u00e1 j\u00e1vkatkeahtt\u00e1 d\u00e1hp\u00e1husb\u00e1ikkis d\u00e1rkkisteamen almmuhusa l\u00e1pma\u0161uvvan bohccos ja v\u00e1ld\u00e1 muitui vah\u00e1ga oassebeliid die\u0111uid, barg\u00e1 vah\u00e1talmmuhusa ja almmuha d\u00e1hp\u00e1husas \u00e1\u0161\u0161\u00e1iosola\u0161 boazoeaigg\u00e1dii. B\u00e1rttis l\u00e1pma\u0161uvvan bohcco geah\u010d\u010dalit g\u00e1vdnat nu jo\u0111\u00e1nit go [&hellip;]<\/p>\n","protected":false},"author":1,"featured_media":0,"parent":774,"menu_order":2,"comment_status":"open","ping_status":"closed","template":"","meta":{"footnotes":""},"class_list":["post-830","page","type-page","status-publish","hentry"],"_links":{"self":[{"href":"https:\/\/paliskunnat.fi\/bo\/wp-json\/wp\/v2\/pages\/830","targetHints":{"allow":["GET"]}}],"collection":[{"href":"https:\/\/paliskunnat.fi\/bo\/wp-json\/wp\/v2\/pages"}],"about":[{"href":"https:\/\/paliskunnat.fi\/bo\/wp-json\/wp\/v2\/types\/page"}],"author":[{"embeddable":true,"href":"https:\/\/paliskunnat.fi\/bo\/wp-json\/wp\/v2\/users\/1"}],"replies":[{"embeddable":true,"href":"https:\/\/paliskunnat.fi\/bo\/wp-json\/wp\/v2\/comments?post=830"}],"version-history":[{"count":7,"href":"https:\/\/paliskunnat.fi\/bo\/wp-json\/wp\/v2\/pages\/830\/revisions"}],"predecessor-version":[{"id":6178,"href":"https:\/\/paliskunnat.fi\/bo\/wp-json\/wp\/v2\/pages\/830\/revisions\/6178"}],"up":[{"embeddable":true,"href":"https:\/\/paliskunnat.fi\/bo\/wp-json\/wp\/v2\/pages\/774"}],"wp:attachment":[{"href":"https:\/\/paliskunnat.fi\/bo\/wp-json\/wp\/v2\/media?parent=830"}],"curies":[{"name":"wp","href":"https:\/\/api.w.org\/{rel}","templated":true}]}}