{"id":833,"date":"2014-11-12T13:49:13","date_gmt":"2014-11-12T11:49:13","guid":{"rendered":"http:\/\/80.69.171.23\/py\/?page_id=833"},"modified":"2019-04-07T16:05:52","modified_gmt":"2019-04-07T13:05:52","slug":"gargajohtolatvahagat","status":"publish","type":"page","link":"https:\/\/paliskunnat.fi\/bo\/boazovahagat\/johtolatvahagat\/gargajohtolatvahagat\/","title":{"rendered":"G\u00e1rgajohtolatvah\u00e1gat"},"content":{"rendered":"<h2>G\u00e1rgajohtolatvah\u00e1gat<\/h2>\n<p><strong>G\u00e1rgajohtolaga dagahan boazovah\u00e1gat ja ear\u00e1ge luondduelliide \u0161addi vah\u00e1giid liv\u010d\u010de vejola\u0161 eastit measta oll\u00e1sit \u00e1idumin g\u00e1rgajohtolaga ja huksemin daidda \u00e1\u0161\u0161\u00e1la\u0161 badjel- ja vuolilmannanb\u00e1ikkiid.<\/strong><\/p>\n<p>Boazodoalloguovllus lea ruovdegeaidnu sullii 500 km 13 b\u00e1lgosis (ovcci gielddas): Halla (Suomussalmi), Hirvasniemi ja Pyh\u00e4-Kallio (Giemaj\u00e1vri), Isosyd\u00e4nmaa (Simo), Kolari (Kolari), Lohij\u00e4rvi (Badjeduortnus), Oij\u00e4rvi (Kuivaniemi), Oraj\u00e4rvi (Pello), Salla (Salla) ja Narkaus, Paloj\u00e4rvi, Poikaj\u00e4rvi ja Vanttaus (Roavvenj\u00e1rga).<\/p>\n<p>Boahttevuo\u0111as g\u00e1rgajohtolaga v\u00e1ikkuhusat \u010duhcet lassin daidda b\u00e1lgosiidda, main guovlluin boahtit divodit dahje hukset ruovdegeainnu ovdamearkan ruvkedoaimma \u00e1lggaheami dihte. D\u00e1t potenti\u00e1la o\u0111\u0111a g\u00e1rgajohtolatguovllut leat stuor\u00e1mus boazomeriid b\u00e1lgosat, man mielde vah\u00e1gat s\u00e1httet lass\u00e1nit duo\u0111aid ollu, juos olla\u0161uhttimis ii vuhtiiv\u00e1ldo bohccuid guo\u0111oheami ja ruovdegeainnuid eai \u00e1iddo. Pl\u00e1nejuvvon Jiek\u014bameara ruovdegeaidnomolssaeavttut leat oassin s\u00e1pmela\u010d\u010daid ruovttuguovllus, gos maid s\u00e1pmela\u010d\u010daid vejola\u0161vuohta bargat kultuvrra \u00e1rbevirola\u0161 eal\u00e1husaidis galg\u00e1 vuhtiiv\u00e1ldojuvvot.<\/p>\n<p>Guhttodettiin boazu v\u00e1djola guhkesge m\u00e1tkkiid ozadettiin borramu\u0161a. Bohccot leat guhkit \u00e1iggi guohtuneatnamiin, main lea valjit borramu\u0161. Borramu\u0161dili s\u00e1htt\u00e1 nupp\u00e1stuhttit ovdamearkan borgama dahje eatnama jiek\u014buma dihte, maid dihte borramu\u0161a oa\u017e\u017eun v\u00e1tt\u00e1smuvv\u00e1. Dalle bohccot johtt\u00e1gohtet ohcat borramu\u0161a ja s\u00e1httet johttit ruovdegeainnu mielde dahje daid badjel. Geasset divrrit o\u017e\u017eot bohccuid va\u0111\u0111ii, gos biegga doalada divrriid eret. Bohccot s\u00e1httet goarg\u014but ruovdegeainnu gurrii eallun. \u00c1lgod\u00e1lvvi ja gaskageasi d\u00e1lke- ja guhtondilit v\u00e1ikkuhit sakka bohccuid johtimii ruovdegeainnu guoras. Danin boazovah\u00e1giid mearri ruovdegeainnuin molsa\u0161udd\u00e1 jahk\u00e1sa\u010d\u010dat.<\/p>\n<p>2000-logus g\u00e1rggat leat godd\u00e1n jahk\u00e1sa\u010d\u010dat 200-410 bohcco. Ruovdegeainnu mielde dahje daid badjel sird\u00e1seapmi dagaha bea\u0161kkehanv\u00e1ra g\u00e1rggain. Ruovdegeaidnoguorat leat d\u00e1vj\u00e1 nu badjin, ahte bohccuin lea v\u00e1ttis beassat jo\u0111\u00e1nit dain vulos.<\/p>\n<p>Juos bea\u0161kkeheapmi d\u00e1hp\u00e1huvv\u00e1, fitnet johtolat\u00e1rvvo\u0161tallit \u00e1rvvo\u0161tallamin vah\u00e1giid ja sirdimin bohcco r\u00e1ppiid eret ruovdegeainnu alde. VR-Yhtym\u00e4 Oy:s lea ovddasv\u00e1st\u00e1dus buhttet boazovah\u00e1giid ruovdegeainnuin. Buhtadus\u00e1rvun geavahuvvo Johtolatguovdd\u00e1\u017ea nannen r\u00e1vabuhtadus\u00e1rvvuid.<\/p>\n<p>&nbsp;<\/p>\n<p>&nbsp;<\/p>\n","protected":false},"excerpt":{"rendered":"<p>G\u00e1rgajohtolatvah\u00e1gat G\u00e1rgajohtolaga dagahan boazovah\u00e1gat ja ear\u00e1ge luondduelliide \u0161addi vah\u00e1giid liv\u010d\u010de vejola\u0161 eastit measta oll\u00e1sit \u00e1idumin g\u00e1rgajohtolaga ja huksemin daidda \u00e1\u0161\u0161\u00e1la\u0161 badjel- ja vuolilmannanb\u00e1ikkiid. Boazodoalloguovllus lea ruovdegeaidnu sullii 500 km 13 b\u00e1lgosis (ovcci gielddas): Halla (Suomussalmi), Hirvasniemi ja Pyh\u00e4-Kallio (Giemaj\u00e1vri), Isosyd\u00e4nmaa (Simo), Kolari (Kolari), Lohij\u00e4rvi (Badjeduortnus), Oij\u00e4rvi (Kuivaniemi), Oraj\u00e4rvi (Pello), Salla (Salla) ja Narkaus, Paloj\u00e4rvi, Poikaj\u00e4rvi [&hellip;]<\/p>\n","protected":false},"author":1,"featured_media":0,"parent":774,"menu_order":3,"comment_status":"open","ping_status":"closed","template":"","meta":{"footnotes":""},"class_list":["post-833","page","type-page","status-publish","hentry"],"_links":{"self":[{"href":"https:\/\/paliskunnat.fi\/bo\/wp-json\/wp\/v2\/pages\/833","targetHints":{"allow":["GET"]}}],"collection":[{"href":"https:\/\/paliskunnat.fi\/bo\/wp-json\/wp\/v2\/pages"}],"about":[{"href":"https:\/\/paliskunnat.fi\/bo\/wp-json\/wp\/v2\/types\/page"}],"author":[{"embeddable":true,"href":"https:\/\/paliskunnat.fi\/bo\/wp-json\/wp\/v2\/users\/1"}],"replies":[{"embeddable":true,"href":"https:\/\/paliskunnat.fi\/bo\/wp-json\/wp\/v2\/comments?post=833"}],"version-history":[{"count":3,"href":"https:\/\/paliskunnat.fi\/bo\/wp-json\/wp\/v2\/pages\/833\/revisions"}],"predecessor-version":[{"id":5486,"href":"https:\/\/paliskunnat.fi\/bo\/wp-json\/wp\/v2\/pages\/833\/revisions\/5486"}],"up":[{"embeddable":true,"href":"https:\/\/paliskunnat.fi\/bo\/wp-json\/wp\/v2\/pages\/774"}],"wp:attachment":[{"href":"https:\/\/paliskunnat.fi\/bo\/wp-json\/wp\/v2\/media?parent=833"}],"curies":[{"name":"wp","href":"https:\/\/api.w.org\/{rel}","templated":true}]}}