{"id":836,"date":"2014-11-12T13:51:19","date_gmt":"2014-11-12T11:51:19","guid":{"rendered":"http:\/\/80.69.171.23\/py\/?page_id=836"},"modified":"2021-08-16T13:47:33","modified_gmt":"2021-08-16T10:47:33","slug":"gilvinvahagat","status":"publish","type":"page","link":"https:\/\/paliskunnat.fi\/bo\/boazovahagat\/gilvinvahagat\/","title":{"rendered":"Gilvinvah\u00e1gat"},"content":{"rendered":"<h2>Gilvinvah\u00e1gat<\/h2>\n<p>Boazodoallu vuo\u0111\u0111uduvv\u00e1 luondduguohtuneatnamiid geavahussii. L\u00e1hka\u00e1sahemiin lea dorvvastuvvon boazodollui bissova\u010d\u010dat friddja guohtunriekti, muddejuvvon r\u00e1ddjehusaidisguin. Bohccuin lea eanaeaigg\u00e1tgaskavuo\u0111ain bero\u0161keahtt\u00e1 riekti leat ja v\u00e1ldit borramu\u0161a luonddus, muhto ii dagahit ekonomala\u0161 vah\u00e1ga eana- ja vuovdedollui (<a href=\"http:\/\/www.finlex.fi\/fi\/laki\/ajantasa\/1990\/19900848#P3\">PHL 3 \u00a7 <\/a>ja <a href=\"http:\/\/www.finlex.fi\/fi\/laki\/ajantasa\/1990\/19900848#P31\">PHL 31 \u00a7<\/a>). Luovusin guhtto bohccot leat b\u00e1lgosa dik\u0161us ja b\u00e1lgosis lea ovddasv\u00e1st\u00e1dus daid vejola\u0161 dagahan vah\u00e1giin.<\/p>\n<p>Boazodoalloguovlu lea juhkkojuvvon golbma av\u00e1dahkii. D\u00e1t lea s\u00e1pmela\u010d\u010daid ruovttuguovlu, erenoam\u00e1\u017eit boazodoalu v\u00e1r\u00e1s d\u00e1rkkuhuvvon guovlu dahjege erenoam\u00e1\u0161 boazodoalloguovlu ja ear\u00e1 boazodoalloguovlu. Erenoam\u00e1\u0161 boazodoalloguovllus, masa maid s\u00e1pmela\u010d\u010daid ruovttuguovlu gull\u00e1, boazodoalu saj\u00e1dat eal\u00e1hussan lea erenoam\u00e1\u0161 mearkka\u0161ahtti. D\u00e1t lea vuhtiiv\u00e1ldojuvvon maid l\u00e1hka\u00e1saheamis boazodoalu erenoam\u00e1\u017eit suodjaleaddji \u00e1sahusaiguin.<\/p>\n<p>Boazoisidiid <a href=\"https:\/\/paliskunnat.fi\/bo\/boazoisit\/\">oktavuohtadie\u0111ut<\/a><\/p>\n<p>Ruokavirasto.fi <a href=\"https:\/\/www.ruokavirasto.fi\/tietoa-meista\/asiointi\/porovahinkolautakunta\/boazovahatlavdegoddi\/\">Boazovah\u00e1tl\u00e1vdegoddi<\/a><\/p>\n<p>&nbsp;<\/p>\n<p>&nbsp;<\/p>\n","protected":false},"excerpt":{"rendered":"<p>Gilvinvah\u00e1gat Boazodoallu vuo\u0111\u0111uduvv\u00e1 luondduguohtuneatnamiid geavahussii. L\u00e1hka\u00e1sahemiin lea dorvvastuvvon boazodollui bissova\u010d\u010dat friddja guohtunriekti, muddejuvvon r\u00e1ddjehusaidisguin. Bohccuin lea eanaeaigg\u00e1tgaskavuo\u0111ain bero\u0161keahtt\u00e1 riekti leat ja v\u00e1ldit borramu\u0161a luonddus, muhto ii dagahit ekonomala\u0161 vah\u00e1ga eana- ja vuovdedollui (PHL 3 \u00a7 ja PHL 31 \u00a7). Luovusin guhtto bohccot leat b\u00e1lgosa dik\u0161us ja b\u00e1lgosis lea ovddasv\u00e1st\u00e1dus daid vejola\u0161 dagahan vah\u00e1giin. Boazodoalloguovlu lea [&hellip;]<\/p>\n","protected":false},"author":1,"featured_media":0,"parent":177,"menu_order":3,"comment_status":"open","ping_status":"closed","template":"","meta":{"footnotes":""},"class_list":["post-836","page","type-page","status-publish","hentry"],"_links":{"self":[{"href":"https:\/\/paliskunnat.fi\/bo\/wp-json\/wp\/v2\/pages\/836","targetHints":{"allow":["GET"]}}],"collection":[{"href":"https:\/\/paliskunnat.fi\/bo\/wp-json\/wp\/v2\/pages"}],"about":[{"href":"https:\/\/paliskunnat.fi\/bo\/wp-json\/wp\/v2\/types\/page"}],"author":[{"embeddable":true,"href":"https:\/\/paliskunnat.fi\/bo\/wp-json\/wp\/v2\/users\/1"}],"replies":[{"embeddable":true,"href":"https:\/\/paliskunnat.fi\/bo\/wp-json\/wp\/v2\/comments?post=836"}],"version-history":[{"count":13,"href":"https:\/\/paliskunnat.fi\/bo\/wp-json\/wp\/v2\/pages\/836\/revisions"}],"predecessor-version":[{"id":5781,"href":"https:\/\/paliskunnat.fi\/bo\/wp-json\/wp\/v2\/pages\/836\/revisions\/5781"}],"up":[{"embeddable":true,"href":"https:\/\/paliskunnat.fi\/bo\/wp-json\/wp\/v2\/pages\/177"}],"wp:attachment":[{"href":"https:\/\/paliskunnat.fi\/bo\/wp-json\/wp\/v2\/media?parent=836"}],"curies":[{"name":"wp","href":"https:\/\/api.w.org\/{rel}","templated":true}]}}