{"id":840,"date":"2014-11-12T13:56:05","date_gmt":"2014-11-12T11:56:05","guid":{"rendered":"http:\/\/80.69.171.23\/py\/?page_id=840"},"modified":"2021-08-16T13:53:23","modified_gmt":"2021-08-16T10:53:23","slug":"rava-eanadoallai","status":"publish","type":"page","link":"https:\/\/paliskunnat.fi\/bo\/boazovahagat\/gilvinvahagat\/rava-eanadoallai\/","title":{"rendered":"R\u00e1va eanadoall\u00e1i"},"content":{"rendered":"<h2>R\u00e1va eanadoall\u00e1i<\/h2>\n<p>Juos bohccuid g\u00e1vnnahit guovllus, gos dat s\u00e1httet dagahit vah\u00e1giid, galg\u00e1 potenti\u00e1la vah\u00e1tgill\u00e1deaddji v\u00e1ldit dal\u00e1n oktavuo\u0111a b\u00e1lgosa boazoisidii. Boazoisit lea geatnegahtton fuolahit das, ahte bohccot fuolahuvvojit eret guovllus. Juos b\u00e1lggus ii fuolat geatnegasvuo\u0111ainis, boazoeaigg\u00e1dis dahje vah\u00e1ga gill\u00e1deaddjis lea vuoigatvuohta fuolahit bohccuid eret b\u00e1lgosa goastt\u00e1dusain.<\/p>\n<p>Juos bohccot leat dagahan vah\u00e1giid, \u00e1\u0161\u0161\u00e1iosola\u010d\u010dat r\u00e1\u0111\u0111\u00e1dallet vah\u00e1ga \u00e1rvvo\u0161tallamis, buhtadeamis ja boahtteva\u0161 vah\u00e1giid eastadeames. Juos r\u00e1\u0111\u0111\u00e1dallamiin eai beasa ovttaoaivilii, s\u00e1htt\u00e1 \u00e1\u0161\u0161i \u010doavdima v\u00e1r\u00e1s goh\u010d\u010dut boazovah\u00e1tl\u00e1vdegoddi.<\/p>\n<p>Boazoisidiid <a href=\"https:\/\/paliskunnat.fi\/bo\/boazoisit\/\">oktavuohtadie\u0111ut<\/a><\/p>\n<p>&nbsp;<\/p>\n<p>&nbsp;<\/p>\n","protected":false},"excerpt":{"rendered":"<p>R\u00e1va eanadoall\u00e1i Juos bohccuid g\u00e1vnnahit guovllus, gos dat s\u00e1httet dagahit vah\u00e1giid, galg\u00e1 potenti\u00e1la vah\u00e1tgill\u00e1deaddji v\u00e1ldit dal\u00e1n oktavuo\u0111a b\u00e1lgosa boazoisidii. Boazoisit lea geatnegahtton fuolahit das, ahte bohccot fuolahuvvojit eret guovllus. Juos b\u00e1lggus ii fuolat geatnegasvuo\u0111ainis, boazoeaigg\u00e1dis dahje vah\u00e1ga gill\u00e1deaddjis lea vuoigatvuohta fuolahit bohccuid eret b\u00e1lgosa goastt\u00e1dusain. Juos bohccot leat dagahan vah\u00e1giid, \u00e1\u0161\u0161\u00e1iosola\u010d\u010dat r\u00e1\u0111\u0111\u00e1dallet vah\u00e1ga \u00e1rvvo\u0161tallamis, buhtadeamis [&hellip;]<\/p>\n","protected":false},"author":1,"featured_media":0,"parent":836,"menu_order":1,"comment_status":"open","ping_status":"closed","template":"","meta":{"footnotes":""},"class_list":["post-840","page","type-page","status-publish","hentry"],"_links":{"self":[{"href":"https:\/\/paliskunnat.fi\/bo\/wp-json\/wp\/v2\/pages\/840","targetHints":{"allow":["GET"]}}],"collection":[{"href":"https:\/\/paliskunnat.fi\/bo\/wp-json\/wp\/v2\/pages"}],"about":[{"href":"https:\/\/paliskunnat.fi\/bo\/wp-json\/wp\/v2\/types\/page"}],"author":[{"embeddable":true,"href":"https:\/\/paliskunnat.fi\/bo\/wp-json\/wp\/v2\/users\/1"}],"replies":[{"embeddable":true,"href":"https:\/\/paliskunnat.fi\/bo\/wp-json\/wp\/v2\/comments?post=840"}],"version-history":[{"count":6,"href":"https:\/\/paliskunnat.fi\/bo\/wp-json\/wp\/v2\/pages\/840\/revisions"}],"predecessor-version":[{"id":5784,"href":"https:\/\/paliskunnat.fi\/bo\/wp-json\/wp\/v2\/pages\/840\/revisions\/5784"}],"up":[{"embeddable":true,"href":"https:\/\/paliskunnat.fi\/bo\/wp-json\/wp\/v2\/pages\/836"}],"wp:attachment":[{"href":"https:\/\/paliskunnat.fi\/bo\/wp-json\/wp\/v2\/media?parent=840"}],"curies":[{"name":"wp","href":"https:\/\/api.w.org\/{rel}","templated":true}]}}