{"id":844,"date":"2014-11-12T14:03:04","date_gmt":"2014-11-12T12:03:04","guid":{"rendered":"http:\/\/80.69.171.23\/py\/?page_id=844"},"modified":"2021-08-16T13:52:36","modified_gmt":"2021-08-16T10:52:36","slug":"gilvinsuodjeaidi","status":"publish","type":"page","link":"https:\/\/paliskunnat.fi\/bo\/boazovahagat\/gilvinvahagat\/gilvinsuodjeaidi\/","title":{"rendered":"Gilvinsuodje\u00e1idi"},"content":{"rendered":"<h2>Gilvinsuodje\u00e1idi<\/h2>\n<p>Gilvimiid \u00e1idun s\u00e1htt\u00e1 leat d\u00e1rbba\u0161la\u0161, juos geavahusas ii leat ear\u00e1 vuohki doalahit bohccuid eret gilvimiin. \u00c1idungoastt\u00e1dusat galget goittotge leat govttola\u010d\u010dat goris vejola\u0161 vah\u00e1giidda. \u00c1idumis r\u00e1\u0111\u0111\u00e1dallojuvvo ja sohppojuvvo \u00e1\u0161\u0161\u00e1iosola\u010d\u010daid gaskkas. Juos \u00e1idumis eai beasa \u00e1ddejupm\u00e1i, s\u00e1htt\u00e1 \u00e1\u0161\u0161i \u010doavdima v\u00e1r\u00e1s goh\u010d\u010dut \u010doahkk\u00e1i boazovah\u00e1tl\u00e1vdegoddi.<\/p>\n<p>Diggi mero\u0161tallan heivvola\u0161 \u00e1idunhuksenvuogi mielde \u00e1idi lea dahkkon mehterallosa\u0161 \u00e1idefierpmis (23.6.2004, 04\/627). Stoalpun geavahuvvo \u00e1isejuvvon guossa- dahje beahcestoalpput.<\/p>\n<p>\u00c1idumii d\u00e1rbba\u0161uvvo \u00e1lo eanaeaigg\u00e1da lohpi. Juos eanaeaigg\u00e1t gield\u00e1 \u00e1iddi huksema ie\u017eas eatnamii, ii b\u00e1lgosa d\u00e1rbba\u0161 j\u00e1hkehahtti buhttet bohccuid dagahan vah\u00e1giid (Roavvenj\u00e1rgga hoavvarievtti mearr\u00e1dus 6.9.2006 \/756). Buhttengeatnegasvuohta ii vealttakeahtt\u00e1 \u0161atta, juos vah\u00e1tgill\u00e1deaddji veahkeha doaimmainis vah\u00e1ga \u0161addamii. Eanaeaigg\u00e1da dahje h\u00e1ldda\u0161eaddji fuolahangeatnegasvuhtii ja vah\u00e1giid eastadeapm\u00e1i gull\u00e1 earret ear\u00e1 doallat \u00e1iddiid vearr\u00e1hiid gok\u010dojuvvon, amaset bohccot beassat eatnamii, gos dat eai oa\u010d\u010do leat.<\/p>\n<p>\u00c1idumis dahkkojuvvo \u00e1lo \u010d\u00e1lala\u0161 soahpamu\u0161 b\u00e1lgosa ja eanaeaigg\u00e1da gaskkal. Maidd\u00e1i \u00e1iddi fuolaheamis galg\u00e1 soahpadit oassebeliid gaskkas \u010d\u00e1lala\u010d\u010dat. B\u00e1lgosat s\u00e1httet ohcat Lappi EJB-guovdd\u00e1\u017eis boazodoalu ja luonddueal\u00e1husaid ruhtadanl\u00e1ga (POLURA <a href=\"http:\/\/www.finlex.fi\/fi\/laki\/ajantasa\/2011\/20110986\">896\/2011<\/a>) mielde \u00e1idunveahki suodje\u00e1iddi huksengoluide.<\/p>\n<p>Gilvinsuodje\u00e1iddit leat b\u00e1lgosa opmodat. \u00c1iddiid vah\u00e1gahtti lea vah\u00e1tbuhttengeatnegasvuo\u0111as vah\u00e1giin.<\/p>\n<p>&nbsp;<\/p>\n<p>&nbsp;<\/p>\n<p>&nbsp;<\/p>\n<p>&nbsp;<\/p>\n","protected":false},"excerpt":{"rendered":"<p>Gilvinsuodje\u00e1idi Gilvimiid \u00e1idun s\u00e1htt\u00e1 leat d\u00e1rbba\u0161la\u0161, juos geavahusas ii leat ear\u00e1 vuohki doalahit bohccuid eret gilvimiin. \u00c1idungoastt\u00e1dusat galget goittotge leat govttola\u010d\u010dat goris vejola\u0161 vah\u00e1giidda. \u00c1idumis r\u00e1\u0111\u0111\u00e1dallojuvvo ja sohppojuvvo \u00e1\u0161\u0161\u00e1iosola\u010d\u010daid gaskkas. Juos \u00e1idumis eai beasa \u00e1ddejupm\u00e1i, s\u00e1htt\u00e1 \u00e1\u0161\u0161i \u010doavdima v\u00e1r\u00e1s goh\u010d\u010dut \u010doahkk\u00e1i boazovah\u00e1tl\u00e1vdegoddi. Diggi mero\u0161tallan heivvola\u0161 \u00e1idunhuksenvuogi mielde \u00e1idi lea dahkkon mehterallosa\u0161 \u00e1idefierpmis (23.6.2004, 04\/627). Stoalpun [&hellip;]<\/p>\n","protected":false},"author":1,"featured_media":0,"parent":836,"menu_order":3,"comment_status":"open","ping_status":"closed","template":"","meta":{"footnotes":""},"class_list":["post-844","page","type-page","status-publish","hentry"],"_links":{"self":[{"href":"https:\/\/paliskunnat.fi\/bo\/wp-json\/wp\/v2\/pages\/844","targetHints":{"allow":["GET"]}}],"collection":[{"href":"https:\/\/paliskunnat.fi\/bo\/wp-json\/wp\/v2\/pages"}],"about":[{"href":"https:\/\/paliskunnat.fi\/bo\/wp-json\/wp\/v2\/types\/page"}],"author":[{"embeddable":true,"href":"https:\/\/paliskunnat.fi\/bo\/wp-json\/wp\/v2\/users\/1"}],"replies":[{"embeddable":true,"href":"https:\/\/paliskunnat.fi\/bo\/wp-json\/wp\/v2\/comments?post=844"}],"version-history":[{"count":4,"href":"https:\/\/paliskunnat.fi\/bo\/wp-json\/wp\/v2\/pages\/844\/revisions"}],"predecessor-version":[{"id":5782,"href":"https:\/\/paliskunnat.fi\/bo\/wp-json\/wp\/v2\/pages\/844\/revisions\/5782"}],"up":[{"embeddable":true,"href":"https:\/\/paliskunnat.fi\/bo\/wp-json\/wp\/v2\/pages\/836"}],"wp:attachment":[{"href":"https:\/\/paliskunnat.fi\/bo\/wp-json\/wp\/v2\/media?parent=844"}],"curies":[{"name":"wp","href":"https:\/\/api.w.org\/{rel}","templated":true}]}}