{"id":855,"date":"2014-11-12T14:54:24","date_gmt":"2014-11-12T12:54:24","guid":{"rendered":"http:\/\/80.69.171.23\/py\/?page_id=855"},"modified":"2021-08-17T08:13:54","modified_gmt":"2021-08-17T05:13:54","slug":"bissovas-vistti-sillju","status":"publish","type":"page","link":"https:\/\/paliskunnat.fi\/bo\/boazovahagat\/bissovas-vistti-sillju\/","title":{"rendered":"Bissova\u0161 vistti \u0161illju"},"content":{"rendered":"<h2>Bissova\u0161 vistti \u0161illju<\/h2>\n<p>Boazodoallu vuo\u0111\u0111uduvv\u00e1 luondduguohtuneatnamiid geavahussii. L\u00e1hka\u00e1sahemiin lea dorvvastuvvon boazodollui bissova\u010d\u010dat friddja guohtunriekti, muddejuvvon r\u00e1ddjehusaidisguin. Bohccuin lea eanaeaigg\u00e1tgaskavuo\u0111ain bero\u0161keahtt\u00e1 riekti leat ja v\u00e1ldit borramu\u0161a luonddus, muhto ii dagahit ekonomala\u0161 vah\u00e1ga eana- ja vuovdedollui (<a href=\"http:\/\/www.finlex.fi\/fi\/laki\/ajantasa\/1990\/19900848#P3\">PHL 3 \u00a7<\/a> ja <a href=\"http:\/\/www.finlex.fi\/fi\/laki\/ajantasa\/1990\/19900848#P31\">PHL 31 \u00a7<\/a>).<\/p>\n<p>Luovusin guhtto bohccot leat b\u00e1lgosa dik\u0161us ja b\u00e1lgosis lea ovddasv\u00e1st\u00e1dus daid vejola\u010d\u010dat dagahan vah\u00e1giin.<\/p>\n<p>Boazodoalloguovlu lea juhkkojuvvon golbma av\u00e1dahkii. D\u00e1t lea s\u00e1pmela\u010d\u010daid ruovttuguovlu, erenoam\u00e1\u017eit boazodoalu v\u00e1r\u00e1s d\u00e1rkkuhuvvon guovlu dahjege erenoam\u00e1\u0161 boazodoalloguovlu ja ear\u00e1 boazodoalloguovlu. Erenoam\u00e1\u0161 boazodoalloguovllus, masa maid s\u00e1pmela\u010d\u010daid ruovttuguovlu gull\u00e1, boazodoalu saj\u00e1dat eal\u00e1hussan lea erenoam\u00e1\u0161 mearkka\u0161ahtti. D\u00e1t lea vuhtiiv\u00e1ldojuvvon maid l\u00e1hka\u00e1saheamis boazodoalu erenoam\u00e1\u017eit suodjaleaddji \u00e1sahusaiguin.<\/p>\n<p>Ear\u00e1 s\u00e1jis go s\u00e1pmela\u010d\u010daid ruovttuguovllus bohccuid galg\u00e1 guo\u0111ohit nu, ahte dat eai beasa \u0161addog\u00e1rd\u00e1i, bissova\u0161 vistti \u0161illjui dahje ear\u00e1 erenoam\u00e1\u0161 geavahussii v\u00e1ldon guovlluide (<a href=\"http:\/\/www.finlex.fi\/fi\/laki\/ajantasa\/1990\/19900848#P31\">PHL 31 \u00a7<\/a>)<\/p>\n<p>Juos bohccot leat eatnamis gos dat eai oa\u010d\u010do leat ja gos dat s\u00e1httet dagahit vah\u00e1ga, galg\u00e1 dal\u00e1n v\u00e1ldit oktavuo\u0111a \u00e1\u0161\u0161\u00e1iosola\u0161 b\u00e1lgosa boazoisidii. Boazoisit lea geatnegahtton fuolahit das, ahte bohccot fuolahuvvojit eret eatnamis. Juos bohccot leat dagahan vah\u00e1ga, r\u00e1\u0111\u0111\u00e1dallat \u00e1\u0161\u0161\u00e1iosola\u010d\u010daid gaskkas vah\u00e1ga buhttemis ja boahtteva\u0161 vah\u00e1giid eastimis. Juos \u00e1\u0161\u0161\u00e1iosola\u010d\u010daid gaskkas eai beasa \u00e1ddejupm\u00e1i, s\u00e1htt\u00e1 \u00e1\u0161\u0161i doalvut <span class=\"laatikko1\">boazovah\u00e1t<\/span>l\u00e1vdegodd\u00e1i \u010doavdima v\u00e1r\u00e1s.<\/p>\n<p>\u00c1idungeatnegasvuohta ii guoskka asto\u00e1iggevisttiid. S\u00e1pmela\u010d\u010daid ruovttuguovllus geatnegasvuohta guosk\u00e1 du\u0161\u0161e eana- ja vuovdedoalu geavahusa eatnamiid.<\/p>\n<p>&nbsp;<\/p>\n<p>Boazoisidiid <a href=\"https:\/\/paliskunnat.fi\/bo\/boazoisit\/\">oktavuohtadie\u0111ut<\/a><\/p>\n<p>&nbsp;<\/p>\n<p>&nbsp;<\/p>\n<p>&nbsp;<\/p>\n","protected":false},"excerpt":{"rendered":"<p>Bissova\u0161 vistti \u0161illju Boazodoallu vuo\u0111\u0111uduvv\u00e1 luondduguohtuneatnamiid geavahussii. L\u00e1hka\u00e1sahemiin lea dorvvastuvvon boazodollui bissova\u010d\u010dat friddja guohtunriekti, muddejuvvon r\u00e1ddjehusaidisguin. Bohccuin lea eanaeaigg\u00e1tgaskavuo\u0111ain bero\u0161keahtt\u00e1 riekti leat ja v\u00e1ldit borramu\u0161a luonddus, muhto ii dagahit ekonomala\u0161 vah\u00e1ga eana- ja vuovdedollui (PHL 3 \u00a7 ja PHL 31 \u00a7). Luovusin guhtto bohccot leat b\u00e1lgosa dik\u0161us ja b\u00e1lgosis lea ovddasv\u00e1st\u00e1dus daid vejola\u010d\u010dat dagahan vah\u00e1giin. [&hellip;]<\/p>\n","protected":false},"author":1,"featured_media":0,"parent":177,"menu_order":4,"comment_status":"open","ping_status":"closed","template":"","meta":{"footnotes":""},"class_list":["post-855","page","type-page","status-publish","hentry"],"_links":{"self":[{"href":"https:\/\/paliskunnat.fi\/bo\/wp-json\/wp\/v2\/pages\/855","targetHints":{"allow":["GET"]}}],"collection":[{"href":"https:\/\/paliskunnat.fi\/bo\/wp-json\/wp\/v2\/pages"}],"about":[{"href":"https:\/\/paliskunnat.fi\/bo\/wp-json\/wp\/v2\/types\/page"}],"author":[{"embeddable":true,"href":"https:\/\/paliskunnat.fi\/bo\/wp-json\/wp\/v2\/users\/1"}],"replies":[{"embeddable":true,"href":"https:\/\/paliskunnat.fi\/bo\/wp-json\/wp\/v2\/comments?post=855"}],"version-history":[{"count":3,"href":"https:\/\/paliskunnat.fi\/bo\/wp-json\/wp\/v2\/pages\/855\/revisions"}],"predecessor-version":[{"id":5785,"href":"https:\/\/paliskunnat.fi\/bo\/wp-json\/wp\/v2\/pages\/855\/revisions\/5785"}],"up":[{"embeddable":true,"href":"https:\/\/paliskunnat.fi\/bo\/wp-json\/wp\/v2\/pages\/177"}],"wp:attachment":[{"href":"https:\/\/paliskunnat.fi\/bo\/wp-json\/wp\/v2\/media?parent=855"}],"curies":[{"name":"wp","href":"https:\/\/api.w.org\/{rel}","templated":true}]}}