{"id":863,"date":"2014-11-12T15:18:31","date_gmt":"2014-11-12T13:18:31","guid":{"rendered":"http:\/\/80.69.171.23\/py\/?page_id=863"},"modified":"2022-02-10T16:54:47","modified_gmt":"2022-02-10T14:54:47","slug":"beanavahagat","status":"publish","type":"page","link":"https:\/\/paliskunnat.fi\/bo\/boazovahagat\/beanavahagat\/","title":{"rendered":"Beanavah\u00e1gat"},"content":{"rendered":"<h2>Beanavah\u00e1gat<\/h2>\n<p>Boazodoalloguovlu lea okta Suoma bivnnuheamos turisma- ja meahc\u00e1stanguovlluid. Beanaeaigg\u00e1dat galget vuhtiiv\u00e1ldit bohccuid ja beatnagiid deaivvadeapm\u00e1i lakt\u00e1seaddji v\u00e1ttisvuo\u0111aid ja vugiid ii-s\u00e1vvon deaivvademiid ja vah\u00e1giid eastadeapm\u00e1i. Buorre ovttasbargun davi luonddus johtin lea buot oassebeliide lihkostuvvan v\u00e1s\u00e1hus.<\/p>\n<p>Buoremus vuohki vah\u00e1giid eastadeapm\u00e1i lea \u010duovvut beatnagiid gittadoallan l\u00e1hka\u00e1saheami. Beatnagiid galg\u00e1 \u00e1lgovuo\u0111us doallat gitta. Beatnaga ii maidd\u00e1i oa\u010d\u010do goassige luoitit luovusin eanaeaigg\u00e1da dahje meahc\u00e1stanvuoigatvuo\u0111a lobi haga. Gittadoallan\u00e1iggis ja maid lob\u00e1la\u0161 \u00e1igodagas meahc\u00e1standil\u00e1la\u0161vuo\u0111ain beanaeaigg\u00e1dis lea garra ovddasv\u00e1st\u00e1dus beatnagisttis.<\/p>\n<p><a href=\"https:\/\/paliskunnat.fi\/bo\/wp-content\/uploads\/2014\/11\/koira-ja-poro.jpg\" rel=\"lightbox[863]\"><img loading=\"lazy\" decoding=\"async\" class=\"alignnone wp-image-1781\" src=\"https:\/\/paliskunnat.fi\/bo\/wp-content\/uploads\/2014\/11\/koira-ja-poro.jpg\" alt=\"Meahc\u00e1stanbeana ja boazu\" width=\"500\" height=\"352\" srcset=\"https:\/\/paliskunnat.fi\/bo\/wp-content\/uploads\/2014\/11\/koira-ja-poro.jpg 532w, https:\/\/paliskunnat.fi\/bo\/wp-content\/uploads\/2014\/11\/koira-ja-poro-300x211.jpg 300w\" sizes=\"auto, (max-width: 500px) 100vw, 500px\" \/><\/a><\/p>\n<p>Beatnagiid bohccuide ja boazobargguide dagahan vah\u00e1gat ja hehttehusat leat lass\u00e1nan sakka ma\u014bimu\u0161 jagiin. Erenoam\u00e1\u0161 stuorra v\u00e1ttisvuo\u0111aid lea o\u017e\u017eon \u00e1ig\u00e1i d\u00e1b\u00e1la\u017e\u017ean \u0161addan d\u00e1hpi geavahit m\u00e1\u014bga meahc\u00e1stanbeatnaga seamma \u00e1igge. Maidd\u00e1i ear\u00e1 go meahc\u00e1stanbeatnagat dagahit d\u00e1vj\u00e1 boazovah\u00e1giid go leat gohcima haga.<\/p>\n<p>Beatnagat goddet bohccuid gaikkodeamen dahje vah\u00e1gahttet gaikkodemiin dahje vuojihit bohccuid nu, ahte bohcco galg\u00e1 goddit l\u00e1pma\u0161uvvama dihte. Beatnagat dagahit maid bohccuid heavvanemiid ja boazob\u00e1rttiid vuojehemiin bohccuid heajos jie\u014baid ala dahje johtolahkii. Ear\u00e1 hui d\u00e1b\u00e1la\u0161 vah\u00e1gat leat bohccuid vuojeheapmi \u00e1iddiid \u010da\u0111a, ealuid bi\u0111gen sihke guohtumiid geavaheapmi ja boazodoallobargguid hehtten dahje caggan.<\/p>\n<p>L\u00e1hka\u00e1saheami beatnagiid guoski paragr\u00e1faid lea buorre dovdat jo\u0111edettiin boazodoalloguovllus. Beatnagiid luovosdoallan lea \u00e1lo \u00e1lgovuo\u0111us gildojuvvon: <a href=\"http:\/\/www.finlex.fi\/fi\/laki\/ajantasa\/1993\/19930615#P53\">Meahc\u00e1stanl\u00e1ga 53 \u00a7<\/a> mielde beatnaga ii galgga luoitit luovusin eanaeaigg\u00e1da dahje meahc\u00e1stanrievtti lobi haga. Almmola\u0161 gittadoallangeatnegasvuo\u0111a lassin meahc\u00e1stanl\u00e1ga mudden beatnagiid gittadoallan\u00e1igodat lea 1.3.-19.8. Duon \u00e1igge maid meahc\u00e1stanbeana galg\u00e1 doallat gitta dahje gaskkaheamet giddemis.<\/p>\n<p><a href=\"http:\/\/www.finlex.fi\/fi\/laki\/ajantasa\/1990\/19900848#P42\">Boazodoallol\u00e1ga 42 \u00a7:s<\/a> muddet bohccuid baldima eastadeamis. Bohccuid baldin lea gildojuvvon. Baldimis boazoeaigg\u00e1dii dahje b\u00e1lgosii dagahuvvon vah\u00e1t ja hehttehus galg\u00e1 buhtteduvvot. (PHL 42.1 \u00a7.) Meahc\u00e1stanl\u00e1ga \u010duvvoma gohcci eisev\u00e1ldi sihke boazoeaigg\u00e1t ja guo\u0111oheaddji o\u017e\u017eot ie\u017easet b\u00e1lgosisttiset goddit eaigg\u00e1tkeahtes beatnaga, mii beatnagiid gittadoallan\u00e1igodagas g\u00e1vdnojuvvo vuojeheamen bohccuid daid guohtuneatnamiin dahje ear\u00e1 \u00e1iggis g\u00e1vnnahuvvo gaikkodeamen bohcco. Beatnaga ii goittotge oa\u010d\u010do goddit, juos dan oa\u017e\u017eut gitta dahje vah\u00e1ga s\u00e1htt\u00e1 mu\u0111uid eastit. Gittav\u00e1ldimis dahje goddimis galg\u00e1 almmuhit dal\u00e1n bolesii. (PHL 42.2. \u00a7)<\/p>\n<p>Boazovah\u00e1giid riska \u0161add\u00e1 m\u00e1\u014bggageard\u00e1sa\u017e\u017ean, juos luovusin lea seamma \u00e1igge guokte dahje eanet beatnagat. Boazodoalloguovllus meahc\u00e1stettiin vah\u00e1triska unniduvvo doallamin luovusin du\u0161\u0161e ovtta h\u00e1lddus leahki ja boazofriddja beatnaga. Bohccuid vuojiheaddji dahje bohcco vah\u00e1gahtt\u00e1n beatnaga ii galgga makk\u00e1rge dilis luoitit luovusin nuppes boazodoalloguovllus.<\/p>\n<p>Meahc\u00e1stit ii galgga boazobargguid geah\u010d\u010danguovllus guovdd\u00e1\u0161 eatnamiin boazobargguin seamma \u00e1igge. D\u00e1n oasis diehtojohtin mann\u00e1 buoremusat, go beatnagiin johttit almmuhit johtimis b\u00e1lgosiid boazoisidiidda. B\u00e1lgosiid giddes \u00e1ideguovlluide ii galgga doalvut beatnaga ollenge. Bohccuid \u010dohkken lea stuorra bargu ja bohccuid doallat ovdal big\u00e1lusg\u00e1rd\u00e1i doalvuma \u010dohkkeneatnamiin big\u00e1lus\u00e1iddiid guoras oanehis \u00e1iggiid. Dalle lea deh\u00e1la\u0161, ahte bohccuid ii hehtte. \u00c1iged\u00e1ssidis die\u0111u boazobargguin oa\u017e\u017eu b\u00e1lgosis. Maidd\u00e1i Meahcir\u00e1\u0111\u0111ehus juohk\u00e1 b\u00e1lgosiid oktavuohtadie\u0111uid meahc\u00e1steddjiide lobiid vuovdima oktavuo\u0111as.<\/p>\n<p>Boazobarggut \u00e1lget \u010dak\u010dam\u00e1nu beallemuttu ma\u014b\u014b\u00e1 ja joatka\u0161uvvet jagi lohppii, goas nu maid gi\u0111\u0111ad\u00e1lvvi \u00e1igge. \u00c1iged\u00e1ssidis die\u0111u jo\u0111us leahki boazobargguin oa\u017e\u017eu b\u00e1lgosiid boazoisidiin. Muhtun b\u00e1lgosiin lea geavahusas boazobargguin almmuheaddji f\u00e1laldat <a href=\"http:\/\/www.porotyot.fi\/\">www.porotyot.fi<\/a>. Sihkkarvuo\u0111a dihte lea goittotge buorre leat oktavuo\u0111as b\u00e1lgosii ovdal meahcc\u00e1i vuolgima.<\/p>\n<p>Eanemus beatnagiid dagahan vah\u00e1gat d\u00e1hp\u00e1huvvet \u010dak\u010dat ja d\u00e1lvet. \u010cak\u010dat meahc\u00e1stan\u00e1igodagain deaiv\u00e1 seamma \u00e1ig\u00e1i maid big\u00e1lusbaji giivvis bargo\u00e1igodat. Stuorra oasi vah\u00e1giin s\u00e1htt\u00e1 eastit fuolala\u0161 doaimmain beatnaga geavahettiin ja buorre kommunika\u0161uvnnain ja ovttasbargguin guovllu b\u00e1lgosiin. \u00c1lo vah\u00e1giid ii s\u00e1hte eastit fuolala\u0161 v\u00e1lmma\u0161tallamiinge. Beatnagiin jo\u0111edettiin leage buorre diehtit, mo vah\u00e1ga deaivvadettiin galg\u00e1 doaibmat.<\/p>\n<p>&nbsp;<\/p>\n<p>&nbsp;<\/p>\n<p>&nbsp;<\/p>\n<p>&nbsp;<\/p>\n<p><!--more--><\/p>\n<h2>Diehtu boazobargguin<\/h2>\n<p><a href=\"http:\/\/www.porotyot.fi\">www.porotyot.fi<\/a> -f\u00e1laldat (suomagillii) f\u00e1ll\u00e1 meahc\u00e1stan\u00e1igodaga \u00e1igge meahc\u00e1steddjiide \u00e1iged\u00e1ssidis die\u0111u jo\u0111us leahki boazobargguin. Diehtu lea f\u00e1llun du\u0161\u0161e f\u00e1laldagas mielde leahki b\u00e1lgosiin (boatkus\u00e1rg\u00e1 birastahtti guovllut). Ear\u00e1 b\u00e1lgosiin die\u0111u oa\u017e\u017eu ri\u014bgemin boazoisidii.<\/p>\n","protected":false},"excerpt":{"rendered":"<p>Beanavah\u00e1gat Boazodoalloguovlu lea okta Suoma bivnnuheamos turisma- ja meahc\u00e1stanguovlluid. Beanaeaigg\u00e1dat galget vuhtiiv\u00e1ldit bohccuid ja beatnagiid deaivvadeapm\u00e1i lakt\u00e1seaddji v\u00e1ttisvuo\u0111aid ja vugiid ii-s\u00e1vvon deaivvademiid ja vah\u00e1giid eastadeapm\u00e1i. Buorre ovttasbargun davi luonddus johtin lea buot oassebeliide lihkostuvvan v\u00e1s\u00e1hus. Buoremus vuohki vah\u00e1giid eastadeapm\u00e1i lea \u010duovvut beatnagiid gittadoallan l\u00e1hka\u00e1saheami. Beatnagiid galg\u00e1 \u00e1lgovuo\u0111us doallat gitta. Beatnaga ii maidd\u00e1i oa\u010d\u010do goassige luoitit [&hellip;]<\/p>\n","protected":false},"author":1,"featured_media":0,"parent":177,"menu_order":3,"comment_status":"open","ping_status":"closed","template":"","meta":{"footnotes":""},"class_list":["post-863","page","type-page","status-publish","hentry"],"_links":{"self":[{"href":"https:\/\/paliskunnat.fi\/bo\/wp-json\/wp\/v2\/pages\/863","targetHints":{"allow":["GET"]}}],"collection":[{"href":"https:\/\/paliskunnat.fi\/bo\/wp-json\/wp\/v2\/pages"}],"about":[{"href":"https:\/\/paliskunnat.fi\/bo\/wp-json\/wp\/v2\/types\/page"}],"author":[{"embeddable":true,"href":"https:\/\/paliskunnat.fi\/bo\/wp-json\/wp\/v2\/users\/1"}],"replies":[{"embeddable":true,"href":"https:\/\/paliskunnat.fi\/bo\/wp-json\/wp\/v2\/comments?post=863"}],"version-history":[{"count":10,"href":"https:\/\/paliskunnat.fi\/bo\/wp-json\/wp\/v2\/pages\/863\/revisions"}],"predecessor-version":[{"id":5826,"href":"https:\/\/paliskunnat.fi\/bo\/wp-json\/wp\/v2\/pages\/863\/revisions\/5826"}],"up":[{"embeddable":true,"href":"https:\/\/paliskunnat.fi\/bo\/wp-json\/wp\/v2\/pages\/177"}],"wp:attachment":[{"href":"https:\/\/paliskunnat.fi\/bo\/wp-json\/wp\/v2\/media?parent=863"}],"curies":[{"name":"wp","href":"https:\/\/api.w.org\/{rel}","templated":true}]}}