{"id":870,"date":"2014-11-12T15:37:59","date_gmt":"2014-11-12T13:37:59","guid":{"rendered":"http:\/\/80.69.171.23\/py\/?page_id=870"},"modified":"2019-04-07T15:51:00","modified_gmt":"2019-04-07T12:51:00","slug":"beanavahat-deaivida","status":"publish","type":"page","link":"https:\/\/paliskunnat.fi\/bo\/boazovahagat\/beanavahagat\/beanavahat-deaivida\/","title":{"rendered":"Juos beanavah\u00e1t deaivida"},"content":{"rendered":"<h2>Juos beanavah\u00e1t deaivida<\/h2>\n<p>Gotte bah\u00e1t l\u00e1pma\u0161uvvan bohcco. Almmut d\u00e1hp\u00e1husas dal\u00e1n bolesii, 112 ja <a href=\"https:\/\/paliskunnat.fi\/bo\/boazoisit\/\">boazoisidii<\/a>.<\/p>\n<p>Beanaeaigg\u00e1dis lea \u00e1lo ovddasv\u00e1st\u00e1dus beatnagisttis ja dan dagahan vah\u00e1giin. Bohcco galg\u00e1 buhttet boazoeaigg\u00e1dii. Bohcco \u00e1rvu mearriduvvo boazo\u0161l\u00e1ja mielde. D\u00e1rbba\u0161ettiin bohcco \u00e1rvvus s\u00e1htt\u00e1 bivdit cealk\u00e1mu\u0161a B\u00e1lgosiid ovttastusas.<\/p>\n<p>&nbsp;<\/p>\n<p>B\u00e1lgosiid ovttastusa <a href=\"https:\/\/paliskunnat.fi\/bo\/organisasuvdna-ja-halddahus\/oktavuohtadiedut\/\">oktavuohtadie\u0111ut<\/a><\/p>\n<p>&nbsp;<\/p>\n<p>&nbsp;<\/p>\n<p>&nbsp;<\/p>\n","protected":false},"excerpt":{"rendered":"<p>Juos beanavah\u00e1t deaivida Gotte bah\u00e1t l\u00e1pma\u0161uvvan bohcco. Almmut d\u00e1hp\u00e1husas dal\u00e1n bolesii, 112 ja boazoisidii. Beanaeaigg\u00e1dis lea \u00e1lo ovddasv\u00e1st\u00e1dus beatnagisttis ja dan dagahan vah\u00e1giin. Bohcco galg\u00e1 buhttet boazoeaigg\u00e1dii. Bohcco \u00e1rvu mearriduvvo boazo\u0161l\u00e1ja mielde. D\u00e1rbba\u0161ettiin bohcco \u00e1rvvus s\u00e1htt\u00e1 bivdit cealk\u00e1mu\u0161a B\u00e1lgosiid ovttastusas. &nbsp; B\u00e1lgosiid ovttastusa oktavuohtadie\u0111ut &nbsp; &nbsp; &nbsp;<\/p>\n","protected":false},"author":1,"featured_media":0,"parent":863,"menu_order":1,"comment_status":"open","ping_status":"closed","template":"","meta":{"footnotes":""},"class_list":["post-870","page","type-page","status-publish","hentry"],"_links":{"self":[{"href":"https:\/\/paliskunnat.fi\/bo\/wp-json\/wp\/v2\/pages\/870","targetHints":{"allow":["GET"]}}],"collection":[{"href":"https:\/\/paliskunnat.fi\/bo\/wp-json\/wp\/v2\/pages"}],"about":[{"href":"https:\/\/paliskunnat.fi\/bo\/wp-json\/wp\/v2\/types\/page"}],"author":[{"embeddable":true,"href":"https:\/\/paliskunnat.fi\/bo\/wp-json\/wp\/v2\/users\/1"}],"replies":[{"embeddable":true,"href":"https:\/\/paliskunnat.fi\/bo\/wp-json\/wp\/v2\/comments?post=870"}],"version-history":[{"count":7,"href":"https:\/\/paliskunnat.fi\/bo\/wp-json\/wp\/v2\/pages\/870\/revisions"}],"predecessor-version":[{"id":5470,"href":"https:\/\/paliskunnat.fi\/bo\/wp-json\/wp\/v2\/pages\/870\/revisions\/5470"}],"up":[{"embeddable":true,"href":"https:\/\/paliskunnat.fi\/bo\/wp-json\/wp\/v2\/pages\/863"}],"wp:attachment":[{"href":"https:\/\/paliskunnat.fi\/bo\/wp-json\/wp\/v2\/media?parent=870"}],"curies":[{"name":"wp","href":"https:\/\/api.w.org\/{rel}","templated":true}]}}