
{"id":11,"date":"2014-08-31T19:13:24","date_gmt":"2014-08-31T16:13:24","guid":{"rendered":"http:\/\/80.69.171.23\/poro\/?page_id=11"},"modified":"2025-02-23T05:13:31","modified_gmt":"2025-02-23T03:13:31","slug":"vuoddohapmin-goddi","status":"publish","type":"page","link":"https:\/\/paliskunnat.fi\/boazu\/boazu\/vuoddohapmin-goddi\/","title":{"rendered":"Vuo\u0111\u0111oh\u00e1pmin goddi"},"content":{"rendered":"<h1>Bohcco vuo\u0111\u0111oh\u00e1pmi lea goddi<\/h1>\n<p>Ealgaelliide gulli gotti sogas lea du\u0161\u0161e okta \u0161l\u00e1dja (Tarandus). Eur\u00e1sia bealde \u0161l\u00e1dja dovdojuvvo goddin dahje gottis n\u00e1lla\u0161uvvi boazun. Davvi-Amerihk\u00e1s ealli goh\u010dodit karibun. Skandin\u00e1via oarjeravddas Davveoarji-Sibirij\u00e1i guhtot sullii njeallje miljovnna beallelojes dahje -vilddas bohcco. V\u00e1ldooasis Davvi-Amerihk\u00e1s ealli karibut leat buohkanassii sullii vihtta miljovnna.<\/p>\n<p>Gottit leat Eur\u00e1sia \u00e1idna \u0161addoborrit, mat ellet jalges duottarguovlluin. Davvi-Amerihk\u00e1s leat duoddariin karibuid lassin maidd\u00e1i myskahearggit. Gottit j\u00e1vke measta oll\u00e1sit bivdima dihte, muhto unna oas\u00e1\u0161 \u0161l\u00e1jas seaillui sihke Guol\u00e1datnj\u00e1rggas ja Norgga duoddariin Oslo ja Trondheim gaskkas.<\/p>\n<p>Gottit leat vuog\u00e1iduvvan ie\u0161gu\u0111etl\u00e1gan eallinbirrasiidda \u00e1lo Ruon\u00e1eatnama ja Svalb\u00e1rdda duoddariin davi guohcamuorraav\u00e1dahkii. Eallinbirrasiid vuo\u0111ul vuolle\u0161l\u00e1jaid s\u00e1htt\u00e1 juohkit guovtti ekologala\u0161 jovkui: vuvddiin ealli vuovdegottiide ja duoddariin ealli duottargottiide. Gottit juhkkojuvvojit d\u00e1l\u00e1\u00e1ddejumi mielde m\u00e1\u014bggaide vuolle\u0161l\u00e1jaide, main Eur\u00e1sias ellet golbma: duottargoddi nappo duottargottis lodjuduvvon boazu (Rangifer tarandus tarandus), vuovdegoddi (Rangifer tarandus fennicus ja svalb\u00e1rdgoddi (Rangifer tarandus platyrhynchus).<\/p>\n<p><a href=\"https:\/\/paliskunnat.fi\/boazu\/wp-content\/uploads\/2014\/08\/Svalbardrein_pho800px.jpg\"><img loading=\"lazy\" decoding=\"async\" class=\"alignnone wp-image-1606\" src=\"https:\/\/paliskunnat.fi\/boazu\/wp-content\/uploads\/2014\/08\/Svalbardrein_pho800px.jpg\" alt=\"Svalb\u00e1rdgoddi. Govva: Wikimedia Commons \/ Per Harald Olsen\" width=\"440\" height=\"306\" srcset=\"https:\/\/paliskunnat.fi\/boazu\/wp-content\/uploads\/2014\/08\/Svalbardrein_pho800px.jpg 800w, https:\/\/paliskunnat.fi\/boazu\/wp-content\/uploads\/2014\/08\/Svalbardrein_pho800px-300x209.jpg 300w\" sizes=\"auto, (max-width: 440px) 100vw, 440px\" \/><\/a><\/p>\n<p>Vuolle\u0161l\u00e1jat\u00a0 leat bures vuog\u00e1iduvvan eallinbirrasiiddiset luonddudiliide. Svalb\u00e1rddas ealli gotti juolggit leat oanehis liekkasdu\u0161\u0161a unnideami dihte. Svalb\u00e1rdgoddi \u010dohkke geasset fuom\u00e1\u0161ahtti buoidegearddi vai birge guhkes ja sevdnjes d\u00e1lvvi badjel.<\/p>\n<p>Ass\u00e1smuohta vuovdeav\u00e1dagas ealli vuovdegoddi lea \u00e1rggit go boazu. Vuovdegoddi \u00e1vkk\u00e1stall\u00e1 \u010dehpet eallinbirrasis jahkejohtima sierra muttuin. Gi\u0111\u0111ageasset vuovdegodde\u00e1lddut johtet misiinis jekkiide. Moadde vahkku boarr\u00e1sat vuovdegoddemiesit njuikkodit vujohat jeakkis jo\u0111\u00e1nit. Vuovdegottiid \u0161l\u00e1dja lea Kainuus goittotge 2000-logus unnon ollu. Sivvan lea eahpiduvvon earret ear\u00e1 nanosmuvvan spiren\u00e1liid ja r\u00e1f\u00e1la\u0161 meahcceguovlluid cuovkaneami.<\/p>\n<p>Vuovdegoddi ja boazu ruossanit gaskaneaset. Boazu ja vuovdegoddi leat sierra vuolle\u0161l\u00e1jat, muhto luonddus bohcco ja vuovdegotti dovdan sihkkarit leat v\u00e1ttis.<\/p>\n","protected":false},"excerpt":{"rendered":"<p>Bohcco vuo\u0111\u0111oh\u00e1pmi lea goddi Ealgaelliide gulli gotti sogas lea du\u0161\u0161e okta \u0161l\u00e1dja (Tarandus). Eur\u00e1sia bealde \u0161l\u00e1dja dovdojuvvo goddin dahje gottis n\u00e1lla\u0161uvvi boazun. Davvi-Amerihk\u00e1s ealli goh\u010dodit karibun. Skandin\u00e1via oarjeravddas Davveoarji-Sibirij\u00e1i guhtot sullii njeallje miljovnna beallelojes dahje -vilddas bohcco. V\u00e1ldooasis Davvi-Amerihk\u00e1s ealli karibut leat buohkanassii sullii vihtta miljovnna. Gottit leat Eur\u00e1sia \u00e1idna \u0161addoborrit, mat ellet jalges duottarguovlluin. [&hellip;]<\/p>\n","protected":false},"author":1,"featured_media":0,"parent":3273,"menu_order":1,"comment_status":"open","ping_status":"closed","template":"","meta":{"footnotes":""},"class_list":["post-11","page","type-page","status-publish","hentry"],"yoast_head":"<!-- This site is optimized with the Yoast SEO plugin v27.1.1 - https:\/\/yoast.com\/product\/yoast-seo-wordpress\/ -->\n<title>Vuo\u0111\u0111oh\u00e1pmin goddi - Boazu<\/title>\n<meta name=\"robots\" content=\"index, follow, max-snippet:-1, max-image-preview:large, max-video-preview:-1\" \/>\n<link rel=\"canonical\" href=\"https:\/\/paliskunnat.fi\/boazu\/boazu\/vuoddohapmin-goddi\/\" \/>\n<meta property=\"og:locale\" content=\"en_US\" \/>\n<meta property=\"og:type\" content=\"article\" \/>\n<meta property=\"og:title\" content=\"Vuo\u0111\u0111oh\u00e1pmin goddi - Boazu\" \/>\n<meta property=\"og:description\" content=\"Bohcco vuo\u0111\u0111oh\u00e1pmi lea goddi Ealgaelliide gulli gotti sogas lea du\u0161\u0161e okta \u0161l\u00e1dja (Tarandus). Eur\u00e1sia bealde \u0161l\u00e1dja dovdojuvvo goddin dahje gottis n\u00e1lla\u0161uvvi boazun. Davvi-Amerihk\u00e1s ealli goh\u010dodit karibun. Skandin\u00e1via oarjeravddas Davveoarji-Sibirij\u00e1i guhtot sullii njeallje miljovnna beallelojes dahje -vilddas bohcco. V\u00e1ldooasis Davvi-Amerihk\u00e1s ealli karibut leat buohkanassii sullii vihtta miljovnna. Gottit leat Eur\u00e1sia \u00e1idna \u0161addoborrit, mat ellet jalges duottarguovlluin. [&hellip;]\" \/>\n<meta property=\"og:url\" content=\"https:\/\/paliskunnat.fi\/boazu\/boazu\/vuoddohapmin-goddi\/\" \/>\n<meta property=\"og:site_name\" content=\"Boazu\" \/>\n<meta property=\"article:modified_time\" content=\"2025-02-23T03:13:31+00:00\" \/>\n<meta property=\"og:image\" content=\"https:\/\/paliskunnat.fi\/boazu\/wp-content\/uploads\/2014\/08\/Svalbardrein_pho800px.jpg\" \/>\n\t<meta property=\"og:image:width\" content=\"800\" \/>\n\t<meta property=\"og:image:height\" content=\"556\" \/>\n\t<meta property=\"og:image:type\" content=\"image\/jpeg\" \/>\n<meta name=\"twitter:card\" content=\"summary_large_image\" \/>\n<meta name=\"twitter:label1\" content=\"Est. reading time\" \/>\n\t<meta name=\"twitter:data1\" content=\"2 minutes\" \/>\n<script type=\"application\/ld+json\" class=\"yoast-schema-graph\">{\"@context\":\"https:\/\/schema.org\",\"@graph\":[{\"@type\":\"WebPage\",\"@id\":\"https:\/\/paliskunnat.fi\/boazu\/boazu\/vuoddohapmin-goddi\/\",\"url\":\"https:\/\/paliskunnat.fi\/boazu\/boazu\/vuoddohapmin-goddi\/\",\"name\":\"Vuo\u0111\u0111oh\u00e1pmin goddi - Boazu\",\"isPartOf\":{\"@id\":\"https:\/\/paliskunnat.fi\/boazu\/#website\"},\"primaryImageOfPage\":{\"@id\":\"https:\/\/paliskunnat.fi\/boazu\/boazu\/vuoddohapmin-goddi\/#primaryimage\"},\"image\":{\"@id\":\"https:\/\/paliskunnat.fi\/boazu\/boazu\/vuoddohapmin-goddi\/#primaryimage\"},\"thumbnailUrl\":\"https:\/\/paliskunnat.fi\/boazu\/wp-content\/uploads\/2014\/08\/Svalbardrein_pho800px.jpg\",\"datePublished\":\"2014-08-31T16:13:24+00:00\",\"dateModified\":\"2025-02-23T03:13:31+00:00\",\"breadcrumb\":{\"@id\":\"https:\/\/paliskunnat.fi\/boazu\/boazu\/vuoddohapmin-goddi\/#breadcrumb\"},\"inLanguage\":\"en-US\",\"potentialAction\":[{\"@type\":\"ReadAction\",\"target\":[\"https:\/\/paliskunnat.fi\/boazu\/boazu\/vuoddohapmin-goddi\/\"]}]},{\"@type\":\"ImageObject\",\"inLanguage\":\"en-US\",\"@id\":\"https:\/\/paliskunnat.fi\/boazu\/boazu\/vuoddohapmin-goddi\/#primaryimage\",\"url\":\"https:\/\/paliskunnat.fi\/boazu\/wp-content\/uploads\/2014\/08\/Svalbardrein_pho800px.jpg\",\"contentUrl\":\"https:\/\/paliskunnat.fi\/boazu\/wp-content\/uploads\/2014\/08\/Svalbardrein_pho800px.jpg\"},{\"@type\":\"BreadcrumbList\",\"@id\":\"https:\/\/paliskunnat.fi\/boazu\/boazu\/vuoddohapmin-goddi\/#breadcrumb\",\"itemListElement\":[{\"@type\":\"ListItem\",\"position\":1,\"name\":\"\u2630\",\"item\":\"https:\/\/paliskunnat.fi\/boazu\/\"},{\"@type\":\"ListItem\",\"position\":2,\"name\":\"Boazu\",\"item\":\"https:\/\/paliskunnat.fi\/boazu\/boazu\/\"},{\"@type\":\"ListItem\",\"position\":3,\"name\":\"Vuo\u0111\u0111oh\u00e1pmin goddi\"}]},{\"@type\":\"WebSite\",\"@id\":\"https:\/\/paliskunnat.fi\/boazu\/#website\",\"url\":\"https:\/\/paliskunnat.fi\/boazu\/\",\"name\":\"Boazu\",\"description\":\"Bo - Boazu\",\"potentialAction\":[{\"@type\":\"SearchAction\",\"target\":{\"@type\":\"EntryPoint\",\"urlTemplate\":\"https:\/\/paliskunnat.fi\/boazu\/?s={search_term_string}\"},\"query-input\":{\"@type\":\"PropertyValueSpecification\",\"valueRequired\":true,\"valueName\":\"search_term_string\"}}],\"inLanguage\":\"en-US\"}]}<\/script>\n<!-- \/ Yoast SEO plugin. -->","yoast_head_json":{"title":"Vuo\u0111\u0111oh\u00e1pmin goddi - Boazu","robots":{"index":"index","follow":"follow","max-snippet":"max-snippet:-1","max-image-preview":"max-image-preview:large","max-video-preview":"max-video-preview:-1"},"canonical":"https:\/\/paliskunnat.fi\/boazu\/boazu\/vuoddohapmin-goddi\/","og_locale":"en_US","og_type":"article","og_title":"Vuo\u0111\u0111oh\u00e1pmin goddi - Boazu","og_description":"Bohcco vuo\u0111\u0111oh\u00e1pmi lea goddi Ealgaelliide gulli gotti sogas lea du\u0161\u0161e okta \u0161l\u00e1dja (Tarandus). Eur\u00e1sia bealde \u0161l\u00e1dja dovdojuvvo goddin dahje gottis n\u00e1lla\u0161uvvi boazun. Davvi-Amerihk\u00e1s ealli goh\u010dodit karibun. Skandin\u00e1via oarjeravddas Davveoarji-Sibirij\u00e1i guhtot sullii njeallje miljovnna beallelojes dahje -vilddas bohcco. V\u00e1ldooasis Davvi-Amerihk\u00e1s ealli karibut leat buohkanassii sullii vihtta miljovnna. Gottit leat Eur\u00e1sia \u00e1idna \u0161addoborrit, mat ellet jalges duottarguovlluin. [&hellip;]","og_url":"https:\/\/paliskunnat.fi\/boazu\/boazu\/vuoddohapmin-goddi\/","og_site_name":"Boazu","article_modified_time":"2025-02-23T03:13:31+00:00","og_image":[{"width":800,"height":556,"url":"https:\/\/paliskunnat.fi\/boazu\/wp-content\/uploads\/2014\/08\/Svalbardrein_pho800px.jpg","type":"image\/jpeg"}],"twitter_card":"summary_large_image","twitter_misc":{"Est. reading time":"2 minutes"},"schema":{"@context":"https:\/\/schema.org","@graph":[{"@type":"WebPage","@id":"https:\/\/paliskunnat.fi\/boazu\/boazu\/vuoddohapmin-goddi\/","url":"https:\/\/paliskunnat.fi\/boazu\/boazu\/vuoddohapmin-goddi\/","name":"Vuo\u0111\u0111oh\u00e1pmin goddi - Boazu","isPartOf":{"@id":"https:\/\/paliskunnat.fi\/boazu\/#website"},"primaryImageOfPage":{"@id":"https:\/\/paliskunnat.fi\/boazu\/boazu\/vuoddohapmin-goddi\/#primaryimage"},"image":{"@id":"https:\/\/paliskunnat.fi\/boazu\/boazu\/vuoddohapmin-goddi\/#primaryimage"},"thumbnailUrl":"https:\/\/paliskunnat.fi\/boazu\/wp-content\/uploads\/2014\/08\/Svalbardrein_pho800px.jpg","datePublished":"2014-08-31T16:13:24+00:00","dateModified":"2025-02-23T03:13:31+00:00","breadcrumb":{"@id":"https:\/\/paliskunnat.fi\/boazu\/boazu\/vuoddohapmin-goddi\/#breadcrumb"},"inLanguage":"en-US","potentialAction":[{"@type":"ReadAction","target":["https:\/\/paliskunnat.fi\/boazu\/boazu\/vuoddohapmin-goddi\/"]}]},{"@type":"ImageObject","inLanguage":"en-US","@id":"https:\/\/paliskunnat.fi\/boazu\/boazu\/vuoddohapmin-goddi\/#primaryimage","url":"https:\/\/paliskunnat.fi\/boazu\/wp-content\/uploads\/2014\/08\/Svalbardrein_pho800px.jpg","contentUrl":"https:\/\/paliskunnat.fi\/boazu\/wp-content\/uploads\/2014\/08\/Svalbardrein_pho800px.jpg"},{"@type":"BreadcrumbList","@id":"https:\/\/paliskunnat.fi\/boazu\/boazu\/vuoddohapmin-goddi\/#breadcrumb","itemListElement":[{"@type":"ListItem","position":1,"name":"\u2630","item":"https:\/\/paliskunnat.fi\/boazu\/"},{"@type":"ListItem","position":2,"name":"Boazu","item":"https:\/\/paliskunnat.fi\/boazu\/boazu\/"},{"@type":"ListItem","position":3,"name":"Vuo\u0111\u0111oh\u00e1pmin goddi"}]},{"@type":"WebSite","@id":"https:\/\/paliskunnat.fi\/boazu\/#website","url":"https:\/\/paliskunnat.fi\/boazu\/","name":"Boazu","description":"Bo - Boazu","potentialAction":[{"@type":"SearchAction","target":{"@type":"EntryPoint","urlTemplate":"https:\/\/paliskunnat.fi\/boazu\/?s={search_term_string}"},"query-input":{"@type":"PropertyValueSpecification","valueRequired":true,"valueName":"search_term_string"}}],"inLanguage":"en-US"}]}},"_links":{"self":[{"href":"https:\/\/paliskunnat.fi\/boazu\/wp-json\/wp\/v2\/pages\/11","targetHints":{"allow":["GET"]}}],"collection":[{"href":"https:\/\/paliskunnat.fi\/boazu\/wp-json\/wp\/v2\/pages"}],"about":[{"href":"https:\/\/paliskunnat.fi\/boazu\/wp-json\/wp\/v2\/types\/page"}],"author":[{"embeddable":true,"href":"https:\/\/paliskunnat.fi\/boazu\/wp-json\/wp\/v2\/users\/1"}],"replies":[{"embeddable":true,"href":"https:\/\/paliskunnat.fi\/boazu\/wp-json\/wp\/v2\/comments?post=11"}],"version-history":[{"count":9,"href":"https:\/\/paliskunnat.fi\/boazu\/wp-json\/wp\/v2\/pages\/11\/revisions"}],"predecessor-version":[{"id":3749,"href":"https:\/\/paliskunnat.fi\/boazu\/wp-json\/wp\/v2\/pages\/11\/revisions\/3749"}],"up":[{"embeddable":true,"href":"https:\/\/paliskunnat.fi\/boazu\/wp-json\/wp\/v2\/pages\/3273"}],"wp:attachment":[{"href":"https:\/\/paliskunnat.fi\/boazu\/wp-json\/wp\/v2\/media?parent=11"}],"curies":[{"name":"wp","href":"https:\/\/api.w.org\/{rel}","templated":true}]}}