
{"id":153,"date":"2014-09-01T14:05:07","date_gmt":"2014-09-01T11:05:07","guid":{"rendered":"http:\/\/80.69.171.23\/poro\/?page_id=153"},"modified":"2025-02-23T05:31:15","modified_gmt":"2025-02-23T03:31:15","slug":"lassebiebman","status":"publish","type":"page","link":"https:\/\/paliskunnat.fi\/boazu\/boazodoallu\/boazodoalu-hastalusat\/lassebiebman\/","title":{"rendered":"Lassebiebman"},"content":{"rendered":"<h1><strong>Lassebiebman<\/strong><\/h1>\n<p>D\u00e1lveborramu\u0161a v\u00e1tnuma, guohtuneatnamiid cuovkaneami ja guohtuneatnamiid kvalitehta hedjoneami gea\u017eil oasi bohccuin borahit d\u00e1lvet olles boazodoalloguovllus. Bohccot cevzet buorre vuimmiin lassebiebmama haga ean\u00e1\u0161 viiddes suodjalanguovlluin, dego luonddumehciin ja meahcceguovlluin. Lassebiebman bukt\u00e1 boazodollui ekonomala\u0161 h\u00e1stalusaid erenoam\u00e1\u017eit j\u00e1pmojagiin.<\/p>\n<p>D\u00e1lvvi lassebiebmama leat bargan unnit h\u00e1mis jahkelogiid ja juoba jahke\u010du\u0111iid. Dolin badjeolbmot \u010dogge jeahk\u00e1la ja lasttaid geasset bohccuide d\u00e1lvebiebmun. D\u00e1lvet s\u00e1htte cuvket ruovdecuo\u014bu goaivvuin ja gah\u010dahit lahppu muorain bohccuide. Guhkit m\u00e1tk\u00e1i vuolgi s\u00e1htii v\u00e1ldit bohccuide niestin moaddege gerresa dievva jeahk\u00e1liid. M\u00e1ttimus boazodoalloguovllus njeide 1800-logi r\u00e1jes viiddes boldojuvvon lahppomuoraid gi\u0111\u0111ad\u00e1lvvi bohccuid biebmun. Lahppomuoraid boaldimin maid guo\u0111ohedje bohccuid ja suodjaledje daid spiriin. Boldojuvvon muorat \u010duozahedje ruossalasvuo\u0111aid vuovdedoalu ovddidettiin. Nu boaldin\u00e1rbevierru unnui ja loahpas nogai 1900-logus. Davvin ovdamearkan B\u00e1tneduoddara guovllus geavahedje lahpposoppiid, main gea\u017eis lei li\u0161\u0161\u00e1 dearis botkejuvvon dearri ja lahppu gah\u010dahedje cuo\u014bu ala. Sihke \u00e1k\u0161u ja lahpposoabbi jietna hohkahalle bohccuid borrat guhkesge m\u00e1tkki duohken.<\/p>\n\n\t\t<style type=\"text\/css\">\n\t\t\t#gallery-1 {\n\t\t\t\tmargin: auto;\n\t\t\t}\n\t\t\t#gallery-1 .gallery-item {\n\t\t\t\tfloat: left;\n\t\t\t\tmargin-top: 10px;\n\t\t\t\ttext-align: center;\n\t\t\t\twidth: 33%;\n\t\t\t}\n\t\t\t#gallery-1 img {\n\t\t\t\tborder: 2px solid #cfcfcf;\n\t\t\t}\n\t\t\t#gallery-1 .gallery-caption {\n\t\t\t\tmargin-left: 0;\n\t\t\t}\n\t\t\t\/* see gallery_shortcode() in wp-includes\/media.php *\/\n\t\t<\/style>\n\t\t<div id='gallery-1' class='gallery galleryid-153 gallery-columns-3 gallery-size-thumbnail'><dl class='gallery-item'>\n\t\t\t<dt class='gallery-icon landscape'>\n\t\t\t\t<a href='https:\/\/paliskunnat.fi\/boazu\/wp-content\/uploads\/2014\/09\/ruokinta01.jpg'><img loading=\"lazy\" decoding=\"async\" width=\"150\" height=\"150\" src=\"https:\/\/paliskunnat.fi\/boazu\/wp-content\/uploads\/2014\/09\/ruokinta01-150x150.jpg\" class=\"attachment-thumbnail size-thumbnail\" alt=\"\" \/><\/a>\n\t\t\t<\/dt><\/dl><dl class='gallery-item'>\n\t\t\t<dt class='gallery-icon landscape'>\n\t\t\t\t<a href='https:\/\/paliskunnat.fi\/boazu\/wp-content\/uploads\/2014\/09\/ruokinta03.jpg'><img loading=\"lazy\" decoding=\"async\" width=\"150\" height=\"150\" src=\"https:\/\/paliskunnat.fi\/boazu\/wp-content\/uploads\/2014\/09\/ruokinta03-150x150.jpg\" class=\"attachment-thumbnail size-thumbnail\" alt=\"\" \/><\/a>\n\t\t\t<\/dt><\/dl><dl class='gallery-item'>\n\t\t\t<dt class='gallery-icon landscape'>\n\t\t\t\t<a href='https:\/\/paliskunnat.fi\/boazu\/wp-content\/uploads\/2014\/09\/ruokinta02.jpg'><img loading=\"lazy\" decoding=\"async\" width=\"150\" height=\"150\" src=\"https:\/\/paliskunnat.fi\/boazu\/wp-content\/uploads\/2014\/09\/ruokinta02-150x150.jpg\" class=\"attachment-thumbnail size-thumbnail\" alt=\"\" \/><\/a>\n\t\t\t<\/dt><\/dl><br style=\"clear: both\" \/>\n\t\t<\/div>\n\n<p>&nbsp;<\/p>\n<p>D\u00e1l\u00e1 bohccuid lassebiebman lea beaktilut. Dan ulbmilin lea doalahit bohccuid buorre vuimmiin \u010da\u0111a d\u00e1lvem\u00e1notbajiid ja sihkkarastit guotteha luonddudiliin bero\u0161keahtt\u00e1. Bohccuid borahit d\u00e1lvet ean\u00e1\u0161 suinniin, fuo\u0111\u0111ariin, jeahk\u00e1liin, lasttain ja hoa\u0161\u0161ain. Meahcc\u00e1i borahettiin boazu ohc\u00e1 oasi borramu\u0161as ain luonddus. G\u00e1rddiin boazu lea oll\u00e1sit olbmo f\u00e1llan borramu\u0161a duohken.<\/p>\n<p>Lassebiebman lea vealtameahttun ekonomiijavuovdeguovlluin, main \u010duohppamat ja eanangie\u0111ahallan lea rievdadan luonddu ollu. Ear\u00e1 sajiin boraheami d\u00e1rbu ja olla\u0161uhttinvuohki leat gitta ollu jahk\u00e1sa\u0161 d\u00e1lkk\u00e1dagain sihke b\u00e1lgosa guovllu guohtuneatnamiin.<\/p>\n<p>Bohccuid lassebiebmama d\u00e1rbu molsa\u0161udd\u00e1 luonddudiliid mielde jahk\u00e1sa\u010d\u010dat. Bohccuid lassebiebmama \u00e1lggahit, go jeahk\u00e1la \u010diegardeapmi v\u00e1tt\u00e1smuvv\u00e1, iige boazu oa\u010d\u010do \u0161at doarv\u00e1i borramu\u0161a luondduguohtuneatnamiin. Suttes eatnama \u00e1igge ja \u00e1lgod\u00e1lvvi bohccot ohcet borramu\u0161a luonddus ie\u017ea.<\/p>\n<h2>Lahppomehciid v\u00e1tnun<\/h2>\n<p>Lahppu mearkka\u0161upmi gi\u0111\u0111ad\u00e1lvvi borramu\u0161\u0161an lea fuom\u00e1\u0161ahtti. Lahppu lea goittotge du\u0161\u0161e fuom\u00e1\u0161ahtti ollu easka 80 jagi boarr\u00e1sut vuvddiin. V\u00e1ldegotti vuvddiid investerendie\u0111ut muitalit, ahte n\u00e1 boaris vuvddiid oassi Davvi-Suomas lea unnun 1920-logu \u00e1lggus 1900-logu lohppii boa\u0111edettiin 71 proseanttas 16 prosentii. Lahppovuvddiid viidodagas lea j\u00e1vkan 78 proseantta. Eanemus lahppu g\u00e1vdno Guoss\u00e1mis sihke Davveoarji- ja Davvenuorti-Lappis (Helle 2013)<\/p>\n<p><a href=\"https:\/\/paliskunnat.fi\/boazu\/wp-content\/uploads\/2014\/09\/mv_luppo_aita.jpg\"><img loading=\"lazy\" decoding=\"async\" class=\"alignnone wp-image-1040\" src=\"https:\/\/paliskunnat.fi\/boazu\/wp-content\/uploads\/2014\/09\/mv_luppo_aita.jpg\" alt=\"Lahppu ja boazo\u00e1idi. Govva: Tuomi-Tuulia Ervasti\" width=\"400\" height=\"445\" srcset=\"https:\/\/paliskunnat.fi\/boazu\/wp-content\/uploads\/2014\/09\/mv_luppo_aita.jpg 809w, https:\/\/paliskunnat.fi\/boazu\/wp-content\/uploads\/2014\/09\/mv_luppo_aita-270x300.jpg 270w\" sizes=\"auto, (max-width: 400px) 100vw, 400px\" \/><\/a><\/p>\n<p><!--more--><\/p>\n<h2>Meahccebiebman Avvila b\u00e1lgosis<\/h2>\n<p>Avvila b\u00e1lgosa m\u00e1tta- ja gaskaoasi bohccuid d\u00e1lvebiebman (<a href=\"https:\/\/www.youtube.com\/watch?v=NpKRrJz-kvM\" class=\"external\" rel=\"nofollow\">Youtube<\/a>). Rovvenj\u00e1rgga \u00e1mm\u00e1tallaskuvla pLAB &#8211; almmuhuvvon 3\/2013 (suomagillii).<\/p>\n","protected":false},"excerpt":{"rendered":"<p>Lassebiebman D\u00e1lveborramu\u0161a v\u00e1tnuma, guohtuneatnamiid cuovkaneami ja guohtuneatnamiid kvalitehta hedjoneami gea\u017eil oasi bohccuin borahit d\u00e1lvet olles boazodoalloguovllus. Bohccot cevzet buorre vuimmiin lassebiebmama haga ean\u00e1\u0161 viiddes suodjalanguovlluin, dego luonddumehciin ja meahcceguovlluin. Lassebiebman bukt\u00e1 boazodollui ekonomala\u0161 h\u00e1stalusaid erenoam\u00e1\u017eit j\u00e1pmojagiin. D\u00e1lvvi lassebiebmama leat bargan unnit h\u00e1mis jahkelogiid ja juoba jahke\u010du\u0111iid. Dolin badjeolbmot \u010dogge jeahk\u00e1la ja lasttaid geasset bohccuide d\u00e1lvebiebmun. [&hellip;]<\/p>\n","protected":false},"author":1,"featured_media":0,"parent":89,"menu_order":3,"comment_status":"open","ping_status":"closed","template":"","meta":{"footnotes":""},"class_list":["post-153","page","type-page","status-publish","hentry"],"yoast_head":"<!-- This site is optimized with the Yoast SEO plugin v27.1.1 - https:\/\/yoast.com\/product\/yoast-seo-wordpress\/ -->\n<title>Lassebiebman - Boazu<\/title>\n<meta name=\"robots\" content=\"index, follow, max-snippet:-1, max-image-preview:large, max-video-preview:-1\" \/>\n<link rel=\"canonical\" href=\"https:\/\/paliskunnat.fi\/boazu\/boazodoallu\/boazodoalu-hastalusat\/lassebiebman\/\" \/>\n<meta property=\"og:locale\" content=\"en_US\" \/>\n<meta property=\"og:type\" content=\"article\" \/>\n<meta property=\"og:title\" content=\"Lassebiebman - Boazu\" \/>\n<meta property=\"og:description\" content=\"Lassebiebman D\u00e1lveborramu\u0161a v\u00e1tnuma, guohtuneatnamiid cuovkaneami ja guohtuneatnamiid kvalitehta hedjoneami gea\u017eil oasi bohccuin borahit d\u00e1lvet olles boazodoalloguovllus. Bohccot cevzet buorre vuimmiin lassebiebmama haga ean\u00e1\u0161 viiddes suodjalanguovlluin, dego luonddumehciin ja meahcceguovlluin. Lassebiebman bukt\u00e1 boazodollui ekonomala\u0161 h\u00e1stalusaid erenoam\u00e1\u017eit j\u00e1pmojagiin. D\u00e1lvvi lassebiebmama leat bargan unnit h\u00e1mis jahkelogiid ja juoba jahke\u010du\u0111iid. Dolin badjeolbmot \u010dogge jeahk\u00e1la ja lasttaid geasset bohccuide d\u00e1lvebiebmun. [&hellip;]\" \/>\n<meta property=\"og:url\" content=\"https:\/\/paliskunnat.fi\/boazu\/boazodoallu\/boazodoalu-hastalusat\/lassebiebman\/\" \/>\n<meta property=\"og:site_name\" content=\"Boazu\" \/>\n<meta property=\"article:modified_time\" content=\"2025-02-23T03:31:15+00:00\" \/>\n<meta property=\"og:image\" content=\"https:\/\/paliskunnat.fi\/boazu\/wp-content\/uploads\/2014\/09\/ruokinta01-150x150.jpg\" \/>\n<meta name=\"twitter:card\" content=\"summary_large_image\" \/>\n<meta name=\"twitter:label1\" content=\"Est. reading time\" \/>\n\t<meta name=\"twitter:data1\" content=\"2 minutes\" \/>\n<script type=\"application\/ld+json\" class=\"yoast-schema-graph\">{\"@context\":\"https:\/\/schema.org\",\"@graph\":[{\"@type\":\"WebPage\",\"@id\":\"https:\/\/paliskunnat.fi\/boazu\/boazodoallu\/boazodoalu-hastalusat\/lassebiebman\/\",\"url\":\"https:\/\/paliskunnat.fi\/boazu\/boazodoallu\/boazodoalu-hastalusat\/lassebiebman\/\",\"name\":\"Lassebiebman - Boazu\",\"isPartOf\":{\"@id\":\"https:\/\/paliskunnat.fi\/boazu\/#website\"},\"primaryImageOfPage\":{\"@id\":\"https:\/\/paliskunnat.fi\/boazu\/boazodoallu\/boazodoalu-hastalusat\/lassebiebman\/#primaryimage\"},\"image\":{\"@id\":\"https:\/\/paliskunnat.fi\/boazu\/boazodoallu\/boazodoalu-hastalusat\/lassebiebman\/#primaryimage\"},\"thumbnailUrl\":\"https:\/\/paliskunnat.fi\/boazu\/wp-content\/uploads\/2014\/09\/mv_luppo_aita.jpg\",\"datePublished\":\"2014-09-01T11:05:07+00:00\",\"dateModified\":\"2025-02-23T03:31:15+00:00\",\"breadcrumb\":{\"@id\":\"https:\/\/paliskunnat.fi\/boazu\/boazodoallu\/boazodoalu-hastalusat\/lassebiebman\/#breadcrumb\"},\"inLanguage\":\"en-US\",\"potentialAction\":[{\"@type\":\"ReadAction\",\"target\":[\"https:\/\/paliskunnat.fi\/boazu\/boazodoallu\/boazodoalu-hastalusat\/lassebiebman\/\"]}]},{\"@type\":\"ImageObject\",\"inLanguage\":\"en-US\",\"@id\":\"https:\/\/paliskunnat.fi\/boazu\/boazodoallu\/boazodoalu-hastalusat\/lassebiebman\/#primaryimage\",\"url\":\"https:\/\/paliskunnat.fi\/boazu\/wp-content\/uploads\/2014\/09\/mv_luppo_aita.jpg\",\"contentUrl\":\"https:\/\/paliskunnat.fi\/boazu\/wp-content\/uploads\/2014\/09\/mv_luppo_aita.jpg\"},{\"@type\":\"BreadcrumbList\",\"@id\":\"https:\/\/paliskunnat.fi\/boazu\/boazodoallu\/boazodoalu-hastalusat\/lassebiebman\/#breadcrumb\",\"itemListElement\":[{\"@type\":\"ListItem\",\"position\":1,\"name\":\"\u2630\",\"item\":\"https:\/\/paliskunnat.fi\/boazu\/\"},{\"@type\":\"ListItem\",\"position\":2,\"name\":\"Boazodoallu\",\"item\":\"https:\/\/paliskunnat.fi\/boazu\/boazodoallu\/\"},{\"@type\":\"ListItem\",\"position\":3,\"name\":\"Boazodoalu h\u00e1stalusat\",\"item\":\"https:\/\/paliskunnat.fi\/boazu\/boazodoallu\/boazodoalu-hastalusat\/\"},{\"@type\":\"ListItem\",\"position\":4,\"name\":\"Lassebiebman\"}]},{\"@type\":\"WebSite\",\"@id\":\"https:\/\/paliskunnat.fi\/boazu\/#website\",\"url\":\"https:\/\/paliskunnat.fi\/boazu\/\",\"name\":\"Boazu\",\"description\":\"Bo - Boazu\",\"potentialAction\":[{\"@type\":\"SearchAction\",\"target\":{\"@type\":\"EntryPoint\",\"urlTemplate\":\"https:\/\/paliskunnat.fi\/boazu\/?s={search_term_string}\"},\"query-input\":{\"@type\":\"PropertyValueSpecification\",\"valueRequired\":true,\"valueName\":\"search_term_string\"}}],\"inLanguage\":\"en-US\"}]}<\/script>\n<!-- \/ Yoast SEO plugin. -->","yoast_head_json":{"title":"Lassebiebman - Boazu","robots":{"index":"index","follow":"follow","max-snippet":"max-snippet:-1","max-image-preview":"max-image-preview:large","max-video-preview":"max-video-preview:-1"},"canonical":"https:\/\/paliskunnat.fi\/boazu\/boazodoallu\/boazodoalu-hastalusat\/lassebiebman\/","og_locale":"en_US","og_type":"article","og_title":"Lassebiebman - Boazu","og_description":"Lassebiebman D\u00e1lveborramu\u0161a v\u00e1tnuma, guohtuneatnamiid cuovkaneami ja guohtuneatnamiid kvalitehta hedjoneami gea\u017eil oasi bohccuin borahit d\u00e1lvet olles boazodoalloguovllus. Bohccot cevzet buorre vuimmiin lassebiebmama haga ean\u00e1\u0161 viiddes suodjalanguovlluin, dego luonddumehciin ja meahcceguovlluin. Lassebiebman bukt\u00e1 boazodollui ekonomala\u0161 h\u00e1stalusaid erenoam\u00e1\u017eit j\u00e1pmojagiin. D\u00e1lvvi lassebiebmama leat bargan unnit h\u00e1mis jahkelogiid ja juoba jahke\u010du\u0111iid. Dolin badjeolbmot \u010dogge jeahk\u00e1la ja lasttaid geasset bohccuide d\u00e1lvebiebmun. [&hellip;]","og_url":"https:\/\/paliskunnat.fi\/boazu\/boazodoallu\/boazodoalu-hastalusat\/lassebiebman\/","og_site_name":"Boazu","article_modified_time":"2025-02-23T03:31:15+00:00","og_image":[{"url":"https:\/\/paliskunnat.fi\/boazu\/wp-content\/uploads\/2014\/09\/ruokinta01-150x150.jpg","type":"","width":"","height":""}],"twitter_card":"summary_large_image","twitter_misc":{"Est. reading time":"2 minutes"},"schema":{"@context":"https:\/\/schema.org","@graph":[{"@type":"WebPage","@id":"https:\/\/paliskunnat.fi\/boazu\/boazodoallu\/boazodoalu-hastalusat\/lassebiebman\/","url":"https:\/\/paliskunnat.fi\/boazu\/boazodoallu\/boazodoalu-hastalusat\/lassebiebman\/","name":"Lassebiebman - Boazu","isPartOf":{"@id":"https:\/\/paliskunnat.fi\/boazu\/#website"},"primaryImageOfPage":{"@id":"https:\/\/paliskunnat.fi\/boazu\/boazodoallu\/boazodoalu-hastalusat\/lassebiebman\/#primaryimage"},"image":{"@id":"https:\/\/paliskunnat.fi\/boazu\/boazodoallu\/boazodoalu-hastalusat\/lassebiebman\/#primaryimage"},"thumbnailUrl":"https:\/\/paliskunnat.fi\/boazu\/wp-content\/uploads\/2014\/09\/mv_luppo_aita.jpg","datePublished":"2014-09-01T11:05:07+00:00","dateModified":"2025-02-23T03:31:15+00:00","breadcrumb":{"@id":"https:\/\/paliskunnat.fi\/boazu\/boazodoallu\/boazodoalu-hastalusat\/lassebiebman\/#breadcrumb"},"inLanguage":"en-US","potentialAction":[{"@type":"ReadAction","target":["https:\/\/paliskunnat.fi\/boazu\/boazodoallu\/boazodoalu-hastalusat\/lassebiebman\/"]}]},{"@type":"ImageObject","inLanguage":"en-US","@id":"https:\/\/paliskunnat.fi\/boazu\/boazodoallu\/boazodoalu-hastalusat\/lassebiebman\/#primaryimage","url":"https:\/\/paliskunnat.fi\/boazu\/wp-content\/uploads\/2014\/09\/mv_luppo_aita.jpg","contentUrl":"https:\/\/paliskunnat.fi\/boazu\/wp-content\/uploads\/2014\/09\/mv_luppo_aita.jpg"},{"@type":"BreadcrumbList","@id":"https:\/\/paliskunnat.fi\/boazu\/boazodoallu\/boazodoalu-hastalusat\/lassebiebman\/#breadcrumb","itemListElement":[{"@type":"ListItem","position":1,"name":"\u2630","item":"https:\/\/paliskunnat.fi\/boazu\/"},{"@type":"ListItem","position":2,"name":"Boazodoallu","item":"https:\/\/paliskunnat.fi\/boazu\/boazodoallu\/"},{"@type":"ListItem","position":3,"name":"Boazodoalu h\u00e1stalusat","item":"https:\/\/paliskunnat.fi\/boazu\/boazodoallu\/boazodoalu-hastalusat\/"},{"@type":"ListItem","position":4,"name":"Lassebiebman"}]},{"@type":"WebSite","@id":"https:\/\/paliskunnat.fi\/boazu\/#website","url":"https:\/\/paliskunnat.fi\/boazu\/","name":"Boazu","description":"Bo - Boazu","potentialAction":[{"@type":"SearchAction","target":{"@type":"EntryPoint","urlTemplate":"https:\/\/paliskunnat.fi\/boazu\/?s={search_term_string}"},"query-input":{"@type":"PropertyValueSpecification","valueRequired":true,"valueName":"search_term_string"}}],"inLanguage":"en-US"}]}},"_links":{"self":[{"href":"https:\/\/paliskunnat.fi\/boazu\/wp-json\/wp\/v2\/pages\/153","targetHints":{"allow":["GET"]}}],"collection":[{"href":"https:\/\/paliskunnat.fi\/boazu\/wp-json\/wp\/v2\/pages"}],"about":[{"href":"https:\/\/paliskunnat.fi\/boazu\/wp-json\/wp\/v2\/types\/page"}],"author":[{"embeddable":true,"href":"https:\/\/paliskunnat.fi\/boazu\/wp-json\/wp\/v2\/users\/1"}],"replies":[{"embeddable":true,"href":"https:\/\/paliskunnat.fi\/boazu\/wp-json\/wp\/v2\/comments?post=153"}],"version-history":[{"count":7,"href":"https:\/\/paliskunnat.fi\/boazu\/wp-json\/wp\/v2\/pages\/153\/revisions"}],"predecessor-version":[{"id":3789,"href":"https:\/\/paliskunnat.fi\/boazu\/wp-json\/wp\/v2\/pages\/153\/revisions\/3789"}],"up":[{"embeddable":true,"href":"https:\/\/paliskunnat.fi\/boazu\/wp-json\/wp\/v2\/pages\/89"}],"wp:attachment":[{"href":"https:\/\/paliskunnat.fi\/boazu\/wp-json\/wp\/v2\/media?parent=153"}],"curies":[{"name":"wp","href":"https:\/\/api.w.org\/{rel}","templated":true}]}}