
{"id":1716,"date":"2015-04-06T10:05:31","date_gmt":"2015-04-06T07:05:31","guid":{"rendered":"http:\/\/80.69.171.23\/poro\/?page_id=1716"},"modified":"2025-02-23T05:24:27","modified_gmt":"2025-02-23T03:24:27","slug":"bilta","status":"publish","type":"page","link":"https:\/\/paliskunnat.fi\/boazu\/boazodoallu\/vuogit\/boazomearka\/bilta\/","title":{"rendered":"Bilt\u00e1"},"content":{"rendered":"<h1><strong>Bilt\u00e1<\/strong><\/h1>\n<p>Boazomearkka lassin bohccuid leat 1970-logu r\u00e1jes muhttin d\u00e1hp\u00e1husain merken lassemearkkain, bitt\u00e1in. Bohcco beallj\u00e1i giddejuvvon biltt\u00e1id geavahit lassemearkan ovdamearkan oasttedettiin eallin juo ovdal oamasteaddji merkii merkejuvvon bohccuid. Biltt\u00e1 d\u00e1rbba\u0161it maid \u010d\u00e1jehit boazu registrerejuvvon gilvo- dahje turismaboazun.<\/p>\n<p><a href=\"https:\/\/paliskunnat.fi\/py\/wp-content\/uploads\/2014\/10\/piltat-aa.jpg\" rel=\"lightbox[397]\"><img loading=\"lazy\" decoding=\"async\" class=\"alignnone wp-image-1745\" src=\"https:\/\/paliskunnat.fi\/py\/wp-content\/uploads\/2014\/10\/piltat-aa.jpg\" alt=\"Biltt\u00e1t\" width=\"500\" height=\"275\" \/><\/a><\/p>\n<p>B\u00e1lgosiid ovttastusa bokte di\u014bgojuvvon turisma- ja gilvobohccuid biltt\u00e1t merkejuvvojit virgg\u00e1la\u0161 bilt\u00e1registerii ja dalle bohccooamasteaddji die\u0111ut g\u00e1vdnojit registeris bilt\u00e1nummirin. Ear\u00e1 go B\u00e1lgosa ovttatusa bokte di\u014bgojuvvon biltt\u00e1in ii dollojuvvo virgg\u00e1la\u0161 registera.<\/p>\n<p>Biltt\u00e1id geavaheapmi lea boaht\u00e1n M\u00e1tta-Norggas ja bilt\u00e1-tearbma lea skandin\u00e1vala\u0161 loatna (ruo\u0167\u0167a: bild, norga: bilete, billede).<\/p>\n","protected":false},"excerpt":{"rendered":"<p>Bilt\u00e1 Boazomearkka lassin bohccuid leat 1970-logu r\u00e1jes muhttin d\u00e1hp\u00e1husain merken lassemearkkain, bitt\u00e1in. Bohcco beallj\u00e1i giddejuvvon biltt\u00e1id geavahit lassemearkan ovdamearkan oasttedettiin eallin juo ovdal oamasteaddji merkii merkejuvvon bohccuid. Biltt\u00e1 d\u00e1rbba\u0161it maid \u010d\u00e1jehit boazu registrerejuvvon gilvo- dahje turismaboazun. B\u00e1lgosiid ovttastusa bokte di\u014bgojuvvon turisma- ja gilvobohccuid biltt\u00e1t merkejuvvojit virgg\u00e1la\u0161 bilt\u00e1registerii ja dalle bohccooamasteaddji die\u0111ut g\u00e1vdnojit registeris bilt\u00e1nummirin. Ear\u00e1 [&hellip;]<\/p>\n","protected":false},"author":1,"featured_media":0,"parent":309,"menu_order":1,"comment_status":"open","ping_status":"closed","template":"","meta":{"footnotes":""},"class_list":["post-1716","page","type-page","status-publish","hentry"],"yoast_head":"<!-- This site is optimized with the Yoast SEO plugin v27.1.1 - https:\/\/yoast.com\/product\/yoast-seo-wordpress\/ -->\n<title>Bilt\u00e1 - Boazu<\/title>\n<meta name=\"robots\" content=\"index, follow, max-snippet:-1, max-image-preview:large, max-video-preview:-1\" \/>\n<link rel=\"canonical\" href=\"https:\/\/paliskunnat.fi\/boazu\/boazodoallu\/vuogit\/boazomearka\/bilta\/\" \/>\n<meta property=\"og:locale\" content=\"en_US\" \/>\n<meta property=\"og:type\" content=\"article\" \/>\n<meta property=\"og:title\" content=\"Bilt\u00e1 - Boazu\" \/>\n<meta property=\"og:description\" content=\"Bilt\u00e1 Boazomearkka lassin bohccuid leat 1970-logu r\u00e1jes muhttin d\u00e1hp\u00e1husain merken lassemearkkain, bitt\u00e1in. Bohcco beallj\u00e1i giddejuvvon biltt\u00e1id geavahit lassemearkan ovdamearkan oasttedettiin eallin juo ovdal oamasteaddji merkii merkejuvvon bohccuid. Biltt\u00e1 d\u00e1rbba\u0161it maid \u010d\u00e1jehit boazu registrerejuvvon gilvo- dahje turismaboazun. B\u00e1lgosiid ovttastusa bokte di\u014bgojuvvon turisma- ja gilvobohccuid biltt\u00e1t merkejuvvojit virgg\u00e1la\u0161 bilt\u00e1registerii ja dalle bohccooamasteaddji die\u0111ut g\u00e1vdnojit registeris bilt\u00e1nummirin. Ear\u00e1 [&hellip;]\" \/>\n<meta property=\"og:url\" content=\"https:\/\/paliskunnat.fi\/boazu\/boazodoallu\/vuogit\/boazomearka\/bilta\/\" \/>\n<meta property=\"og:site_name\" content=\"Boazu\" \/>\n<meta property=\"article:modified_time\" content=\"2025-02-23T03:24:27+00:00\" \/>\n<meta name=\"twitter:card\" content=\"summary_large_image\" \/>\n<meta name=\"twitter:label1\" content=\"Est. reading time\" \/>\n\t<meta name=\"twitter:data1\" content=\"1 minute\" \/>\n<script type=\"application\/ld+json\" class=\"yoast-schema-graph\">{\"@context\":\"https:\/\/schema.org\",\"@graph\":[{\"@type\":\"WebPage\",\"@id\":\"https:\/\/paliskunnat.fi\/boazu\/boazodoallu\/vuogit\/boazomearka\/bilta\/\",\"url\":\"https:\/\/paliskunnat.fi\/boazu\/boazodoallu\/vuogit\/boazomearka\/bilta\/\",\"name\":\"Bilt\u00e1 - Boazu\",\"isPartOf\":{\"@id\":\"https:\/\/paliskunnat.fi\/boazu\/#website\"},\"primaryImageOfPage\":{\"@id\":\"https:\/\/paliskunnat.fi\/boazu\/boazodoallu\/vuogit\/boazomearka\/bilta\/#primaryimage\"},\"image\":{\"@id\":\"https:\/\/paliskunnat.fi\/boazu\/boazodoallu\/vuogit\/boazomearka\/bilta\/#primaryimage\"},\"thumbnailUrl\":\"https:\/\/paliskunnat.fi\/py\/wp-content\/uploads\/2014\/10\/piltat-aa.jpg\",\"datePublished\":\"2015-04-06T07:05:31+00:00\",\"dateModified\":\"2025-02-23T03:24:27+00:00\",\"breadcrumb\":{\"@id\":\"https:\/\/paliskunnat.fi\/boazu\/boazodoallu\/vuogit\/boazomearka\/bilta\/#breadcrumb\"},\"inLanguage\":\"en-US\",\"potentialAction\":[{\"@type\":\"ReadAction\",\"target\":[\"https:\/\/paliskunnat.fi\/boazu\/boazodoallu\/vuogit\/boazomearka\/bilta\/\"]}]},{\"@type\":\"ImageObject\",\"inLanguage\":\"en-US\",\"@id\":\"https:\/\/paliskunnat.fi\/boazu\/boazodoallu\/vuogit\/boazomearka\/bilta\/#primaryimage\",\"url\":\"https:\/\/paliskunnat.fi\/py\/wp-content\/uploads\/2014\/10\/piltat-aa.jpg\",\"contentUrl\":\"https:\/\/paliskunnat.fi\/py\/wp-content\/uploads\/2014\/10\/piltat-aa.jpg\"},{\"@type\":\"BreadcrumbList\",\"@id\":\"https:\/\/paliskunnat.fi\/boazu\/boazodoallu\/vuogit\/boazomearka\/bilta\/#breadcrumb\",\"itemListElement\":[{\"@type\":\"ListItem\",\"position\":1,\"name\":\"\u2630\",\"item\":\"https:\/\/paliskunnat.fi\/boazu\/\"},{\"@type\":\"ListItem\",\"position\":2,\"name\":\"Boazodoallu\",\"item\":\"https:\/\/paliskunnat.fi\/boazu\/boazodoallu\/\"},{\"@type\":\"ListItem\",\"position\":3,\"name\":\"Vuogit\",\"item\":\"https:\/\/paliskunnat.fi\/boazu\/boazodoallu\/vuogit\/\"},{\"@type\":\"ListItem\",\"position\":4,\"name\":\"Boazomearka\",\"item\":\"https:\/\/paliskunnat.fi\/boazu\/boazodoallu\/vuogit\/boazomearka\/\"},{\"@type\":\"ListItem\",\"position\":5,\"name\":\"Bilt\u00e1\"}]},{\"@type\":\"WebSite\",\"@id\":\"https:\/\/paliskunnat.fi\/boazu\/#website\",\"url\":\"https:\/\/paliskunnat.fi\/boazu\/\",\"name\":\"Boazu\",\"description\":\"Bo - Boazu\",\"potentialAction\":[{\"@type\":\"SearchAction\",\"target\":{\"@type\":\"EntryPoint\",\"urlTemplate\":\"https:\/\/paliskunnat.fi\/boazu\/?s={search_term_string}\"},\"query-input\":{\"@type\":\"PropertyValueSpecification\",\"valueRequired\":true,\"valueName\":\"search_term_string\"}}],\"inLanguage\":\"en-US\"}]}<\/script>\n<!-- \/ Yoast SEO plugin. -->","yoast_head_json":{"title":"Bilt\u00e1 - Boazu","robots":{"index":"index","follow":"follow","max-snippet":"max-snippet:-1","max-image-preview":"max-image-preview:large","max-video-preview":"max-video-preview:-1"},"canonical":"https:\/\/paliskunnat.fi\/boazu\/boazodoallu\/vuogit\/boazomearka\/bilta\/","og_locale":"en_US","og_type":"article","og_title":"Bilt\u00e1 - Boazu","og_description":"Bilt\u00e1 Boazomearkka lassin bohccuid leat 1970-logu r\u00e1jes muhttin d\u00e1hp\u00e1husain merken lassemearkkain, bitt\u00e1in. Bohcco beallj\u00e1i giddejuvvon biltt\u00e1id geavahit lassemearkan ovdamearkan oasttedettiin eallin juo ovdal oamasteaddji merkii merkejuvvon bohccuid. Biltt\u00e1 d\u00e1rbba\u0161it maid \u010d\u00e1jehit boazu registrerejuvvon gilvo- dahje turismaboazun. B\u00e1lgosiid ovttastusa bokte di\u014bgojuvvon turisma- ja gilvobohccuid biltt\u00e1t merkejuvvojit virgg\u00e1la\u0161 bilt\u00e1registerii ja dalle bohccooamasteaddji die\u0111ut g\u00e1vdnojit registeris bilt\u00e1nummirin. Ear\u00e1 [&hellip;]","og_url":"https:\/\/paliskunnat.fi\/boazu\/boazodoallu\/vuogit\/boazomearka\/bilta\/","og_site_name":"Boazu","article_modified_time":"2025-02-23T03:24:27+00:00","twitter_card":"summary_large_image","twitter_misc":{"Est. reading time":"1 minute"},"schema":{"@context":"https:\/\/schema.org","@graph":[{"@type":"WebPage","@id":"https:\/\/paliskunnat.fi\/boazu\/boazodoallu\/vuogit\/boazomearka\/bilta\/","url":"https:\/\/paliskunnat.fi\/boazu\/boazodoallu\/vuogit\/boazomearka\/bilta\/","name":"Bilt\u00e1 - Boazu","isPartOf":{"@id":"https:\/\/paliskunnat.fi\/boazu\/#website"},"primaryImageOfPage":{"@id":"https:\/\/paliskunnat.fi\/boazu\/boazodoallu\/vuogit\/boazomearka\/bilta\/#primaryimage"},"image":{"@id":"https:\/\/paliskunnat.fi\/boazu\/boazodoallu\/vuogit\/boazomearka\/bilta\/#primaryimage"},"thumbnailUrl":"https:\/\/paliskunnat.fi\/py\/wp-content\/uploads\/2014\/10\/piltat-aa.jpg","datePublished":"2015-04-06T07:05:31+00:00","dateModified":"2025-02-23T03:24:27+00:00","breadcrumb":{"@id":"https:\/\/paliskunnat.fi\/boazu\/boazodoallu\/vuogit\/boazomearka\/bilta\/#breadcrumb"},"inLanguage":"en-US","potentialAction":[{"@type":"ReadAction","target":["https:\/\/paliskunnat.fi\/boazu\/boazodoallu\/vuogit\/boazomearka\/bilta\/"]}]},{"@type":"ImageObject","inLanguage":"en-US","@id":"https:\/\/paliskunnat.fi\/boazu\/boazodoallu\/vuogit\/boazomearka\/bilta\/#primaryimage","url":"https:\/\/paliskunnat.fi\/py\/wp-content\/uploads\/2014\/10\/piltat-aa.jpg","contentUrl":"https:\/\/paliskunnat.fi\/py\/wp-content\/uploads\/2014\/10\/piltat-aa.jpg"},{"@type":"BreadcrumbList","@id":"https:\/\/paliskunnat.fi\/boazu\/boazodoallu\/vuogit\/boazomearka\/bilta\/#breadcrumb","itemListElement":[{"@type":"ListItem","position":1,"name":"\u2630","item":"https:\/\/paliskunnat.fi\/boazu\/"},{"@type":"ListItem","position":2,"name":"Boazodoallu","item":"https:\/\/paliskunnat.fi\/boazu\/boazodoallu\/"},{"@type":"ListItem","position":3,"name":"Vuogit","item":"https:\/\/paliskunnat.fi\/boazu\/boazodoallu\/vuogit\/"},{"@type":"ListItem","position":4,"name":"Boazomearka","item":"https:\/\/paliskunnat.fi\/boazu\/boazodoallu\/vuogit\/boazomearka\/"},{"@type":"ListItem","position":5,"name":"Bilt\u00e1"}]},{"@type":"WebSite","@id":"https:\/\/paliskunnat.fi\/boazu\/#website","url":"https:\/\/paliskunnat.fi\/boazu\/","name":"Boazu","description":"Bo - Boazu","potentialAction":[{"@type":"SearchAction","target":{"@type":"EntryPoint","urlTemplate":"https:\/\/paliskunnat.fi\/boazu\/?s={search_term_string}"},"query-input":{"@type":"PropertyValueSpecification","valueRequired":true,"valueName":"search_term_string"}}],"inLanguage":"en-US"}]}},"_links":{"self":[{"href":"https:\/\/paliskunnat.fi\/boazu\/wp-json\/wp\/v2\/pages\/1716","targetHints":{"allow":["GET"]}}],"collection":[{"href":"https:\/\/paliskunnat.fi\/boazu\/wp-json\/wp\/v2\/pages"}],"about":[{"href":"https:\/\/paliskunnat.fi\/boazu\/wp-json\/wp\/v2\/types\/page"}],"author":[{"embeddable":true,"href":"https:\/\/paliskunnat.fi\/boazu\/wp-json\/wp\/v2\/users\/1"}],"replies":[{"embeddable":true,"href":"https:\/\/paliskunnat.fi\/boazu\/wp-json\/wp\/v2\/comments?post=1716"}],"version-history":[{"count":6,"href":"https:\/\/paliskunnat.fi\/boazu\/wp-json\/wp\/v2\/pages\/1716\/revisions"}],"predecessor-version":[{"id":3776,"href":"https:\/\/paliskunnat.fi\/boazu\/wp-json\/wp\/v2\/pages\/1716\/revisions\/3776"}],"up":[{"embeddable":true,"href":"https:\/\/paliskunnat.fi\/boazu\/wp-json\/wp\/v2\/pages\/309"}],"wp:attachment":[{"href":"https:\/\/paliskunnat.fi\/boazu\/wp-json\/wp\/v2\/media?parent=1716"}],"curies":[{"name":"wp","href":"https:\/\/api.w.org\/{rel}","templated":true}]}}