
{"id":309,"date":"2014-09-05T20:30:42","date_gmt":"2014-09-05T17:30:42","guid":{"rendered":"http:\/\/80.69.171.23\/poro\/?page_id=309"},"modified":"2015-11-26T15:06:52","modified_gmt":"2015-11-26T13:06:52","slug":"boazomearka","status":"publish","type":"page","link":"https:\/\/paliskunnat.fi\/boazu\/boazodoallu\/vuogit\/boazomearka\/","title":{"rendered":"Boazomearka"},"content":{"rendered":"<h2>Boazomearka<\/h2>\n<p>Bohcco beallj\u00e1i merkejuvvon boazomearka muitala gean boazu lea. Boazomearkkaid geavahusas mearriduvvo boazodoallol\u00e1gain (848\/1990): juohke boazu galg\u00e1 merkejuvvot bealljemearkkain, man B\u00e1lgosiid ovttastus lea b\u00e1lgosa r\u00e1\u0111\u0111ehusa evttohusas oamasteaddj\u00e1i dohkkehan. Boazomearkka ovttaskas\u00e1\u0161\u0161iin muddejuvvo boazodoallo\u00e1sahusain (883\/1990).<\/p>\n<p>Bealljemearka merkejuvvo bohcco beljiid ravddaide ja geah\u010d\u00e1i. Mearkka lohkat gea\u017eis m\u00e1ddagii ja olge\u0161 bealjis gurut beallj\u00e1i. Vuos muitalit v\u00e1ldos\u00e1niid ja dan ma\u014b\u014b\u00e1 ear\u00e1 s\u00e1niid.<\/p>\n<p><a href=\"https:\/\/paliskunnat.fi\/boazu\/wp-content\/uploads\/2015\/11\/boazomearkka2.png\"><img loading=\"lazy\" decoding=\"async\" class=\"alignnone wp-image-3350\" src=\"https:\/\/paliskunnat.fi\/boazu\/wp-content\/uploads\/2015\/11\/boazomearkka2.png\" alt=\"boazomearkka2\" width=\"460\" height=\"436\" srcset=\"https:\/\/paliskunnat.fi\/boazu\/wp-content\/uploads\/2015\/11\/boazomearkka2.png 1000w, https:\/\/paliskunnat.fi\/boazu\/wp-content\/uploads\/2015\/11\/boazomearkka2-300x284.png 300w\" sizes=\"auto, (max-width: 460px) 100vw, 460px\" \/><\/a><\/p>\n<p>Boazomearkkat leat geavahusas measta 12\u00a0000. Boazodoallo\u00e1sahusa (883\/1990) mielde boazomearkkas geavahuvvo \u010duovvova\u0161 s\u00e1nit: s\u00e1rggis, diila\/nihtta, bihtt\u00e1, gie\u0161ka, hoa\u014bka, guokte gie\u0161kka\/hoa\u014bkka ma\u014b\u014b\u00e1laga, rast\u00e1, guobir, luddestat, njavki, skivdnji, alddas, \u010dih\u010d\u010de, vatnja\/g\u00e1hpp\u00e1lat, luddestat ja r\u00e1igi ja lottigazza. S\u00e1niid ovttastallamiin o\u017e\u017eot ie\u0161gu\u0111etl\u00e1gan boazomearkkaid. Boazomearka galg\u00e1 earuhit \u010dielgasit ear\u00e1 geavahuvvon mearkkain seahk\u00e1nanv\u00e1ra garvima dihte. Lassin s\u00e1htt\u00e1 geavahit B\u00e1lgosiid ovttastusa dohkkehan lassemearkka.<\/p>\n<p>B\u00e1lgosiid ovttastus doall\u00e1 olles boazodoalloguovllu gok\u010di boazomearkaregistera. B\u00e1lggus galg\u00e1 maid doallat logahallama osola\u010d\u010daidis boazomearkkain.<\/p>\n<p>Boazodoallis oa\u017e\u017eu leat okta v\u00e1ldomearka. B\u00e1lgosis ja B\u00e1lgosiid ovttastusas o\u017e\u017eot leat guokte boazomearkka. B\u00e1lgosiid ovttastusa boazomearka lea geavahusas Kutuharju boazodutkang\u00e1rddi bohccuin.<\/p>\n<p>&nbsp;<\/p>\n<p>&nbsp;<\/p>\n","protected":false},"excerpt":{"rendered":"<p>Boazomearka Bohcco beallj\u00e1i merkejuvvon boazomearka muitala gean boazu lea. Boazomearkkaid geavahusas mearriduvvo boazodoallol\u00e1gain (848\/1990): juohke boazu galg\u00e1 merkejuvvot bealljemearkkain, man B\u00e1lgosiid ovttastus lea b\u00e1lgosa r\u00e1\u0111\u0111ehusa evttohusas oamasteaddj\u00e1i dohkkehan. Boazomearkka ovttaskas\u00e1\u0161\u0161iin muddejuvvo boazodoallo\u00e1sahusain (883\/1990). Bealljemearka merkejuvvo bohcco beljiid ravddaide ja geah\u010d\u00e1i. Mearkka lohkat gea\u017eis m\u00e1ddagii ja olge\u0161 bealjis gurut beallj\u00e1i. Vuos muitalit v\u00e1ldos\u00e1niid ja dan ma\u014b\u014b\u00e1 [&hellip;]<\/p>\n","protected":false},"author":1,"featured_media":0,"parent":2325,"menu_order":1,"comment_status":"open","ping_status":"closed","template":"","meta":{"footnotes":""},"class_list":["post-309","page","type-page","status-publish","hentry"],"yoast_head":"<!-- This site is optimized with the Yoast SEO plugin v27.1.1 - https:\/\/yoast.com\/product\/yoast-seo-wordpress\/ -->\n<title>Boazomearka - Boazu<\/title>\n<meta name=\"robots\" content=\"index, follow, max-snippet:-1, max-image-preview:large, max-video-preview:-1\" \/>\n<link rel=\"canonical\" href=\"https:\/\/paliskunnat.fi\/boazu\/boazodoallu\/vuogit\/boazomearka\/\" \/>\n<meta property=\"og:locale\" content=\"en_US\" \/>\n<meta property=\"og:type\" content=\"article\" \/>\n<meta property=\"og:title\" content=\"Boazomearka - Boazu\" \/>\n<meta property=\"og:description\" content=\"Boazomearka Bohcco beallj\u00e1i merkejuvvon boazomearka muitala gean boazu lea. Boazomearkkaid geavahusas mearriduvvo boazodoallol\u00e1gain (848\/1990): juohke boazu galg\u00e1 merkejuvvot bealljemearkkain, man B\u00e1lgosiid ovttastus lea b\u00e1lgosa r\u00e1\u0111\u0111ehusa evttohusas oamasteaddj\u00e1i dohkkehan. Boazomearkka ovttaskas\u00e1\u0161\u0161iin muddejuvvo boazodoallo\u00e1sahusain (883\/1990). Bealljemearka merkejuvvo bohcco beljiid ravddaide ja geah\u010d\u00e1i. Mearkka lohkat gea\u017eis m\u00e1ddagii ja olge\u0161 bealjis gurut beallj\u00e1i. Vuos muitalit v\u00e1ldos\u00e1niid ja dan ma\u014b\u014b\u00e1 [&hellip;]\" \/>\n<meta property=\"og:url\" content=\"https:\/\/paliskunnat.fi\/boazu\/boazodoallu\/vuogit\/boazomearka\/\" \/>\n<meta property=\"og:site_name\" content=\"Boazu\" \/>\n<meta property=\"article:modified_time\" content=\"2015-11-26T13:06:52+00:00\" \/>\n<meta property=\"og:image\" content=\"http:\/\/paliskunnat.fi\/boazu\/wp-content\/uploads\/2015\/11\/boazomearkka2.png\" \/>\n<meta name=\"twitter:card\" content=\"summary_large_image\" \/>\n<meta name=\"twitter:label1\" content=\"Est. reading time\" \/>\n\t<meta name=\"twitter:data1\" content=\"1 minute\" \/>\n<script type=\"application\/ld+json\" class=\"yoast-schema-graph\">{\"@context\":\"https:\/\/schema.org\",\"@graph\":[{\"@type\":\"WebPage\",\"@id\":\"https:\/\/paliskunnat.fi\/boazu\/boazodoallu\/vuogit\/boazomearka\/\",\"url\":\"https:\/\/paliskunnat.fi\/boazu\/boazodoallu\/vuogit\/boazomearka\/\",\"name\":\"Boazomearka - Boazu\",\"isPartOf\":{\"@id\":\"https:\/\/paliskunnat.fi\/boazu\/#website\"},\"primaryImageOfPage\":{\"@id\":\"https:\/\/paliskunnat.fi\/boazu\/boazodoallu\/vuogit\/boazomearka\/#primaryimage\"},\"image\":{\"@id\":\"https:\/\/paliskunnat.fi\/boazu\/boazodoallu\/vuogit\/boazomearka\/#primaryimage\"},\"thumbnailUrl\":\"http:\/\/paliskunnat.fi\/boazu\/wp-content\/uploads\/2015\/11\/boazomearkka2.png\",\"datePublished\":\"2014-09-05T17:30:42+00:00\",\"dateModified\":\"2015-11-26T13:06:52+00:00\",\"breadcrumb\":{\"@id\":\"https:\/\/paliskunnat.fi\/boazu\/boazodoallu\/vuogit\/boazomearka\/#breadcrumb\"},\"inLanguage\":\"en-US\",\"potentialAction\":[{\"@type\":\"ReadAction\",\"target\":[\"https:\/\/paliskunnat.fi\/boazu\/boazodoallu\/vuogit\/boazomearka\/\"]}]},{\"@type\":\"ImageObject\",\"inLanguage\":\"en-US\",\"@id\":\"https:\/\/paliskunnat.fi\/boazu\/boazodoallu\/vuogit\/boazomearka\/#primaryimage\",\"url\":\"http:\/\/paliskunnat.fi\/boazu\/wp-content\/uploads\/2015\/11\/boazomearkka2.png\",\"contentUrl\":\"http:\/\/paliskunnat.fi\/boazu\/wp-content\/uploads\/2015\/11\/boazomearkka2.png\"},{\"@type\":\"BreadcrumbList\",\"@id\":\"https:\/\/paliskunnat.fi\/boazu\/boazodoallu\/vuogit\/boazomearka\/#breadcrumb\",\"itemListElement\":[{\"@type\":\"ListItem\",\"position\":1,\"name\":\"\u2630\",\"item\":\"https:\/\/paliskunnat.fi\/boazu\/\"},{\"@type\":\"ListItem\",\"position\":2,\"name\":\"Boazodoallu\",\"item\":\"https:\/\/paliskunnat.fi\/boazu\/boazodoallu\/\"},{\"@type\":\"ListItem\",\"position\":3,\"name\":\"Vuogit\",\"item\":\"https:\/\/paliskunnat.fi\/boazu\/boazodoallu\/vuogit\/\"},{\"@type\":\"ListItem\",\"position\":4,\"name\":\"Boazomearka\"}]},{\"@type\":\"WebSite\",\"@id\":\"https:\/\/paliskunnat.fi\/boazu\/#website\",\"url\":\"https:\/\/paliskunnat.fi\/boazu\/\",\"name\":\"Boazu\",\"description\":\"Bo - Boazu\",\"potentialAction\":[{\"@type\":\"SearchAction\",\"target\":{\"@type\":\"EntryPoint\",\"urlTemplate\":\"https:\/\/paliskunnat.fi\/boazu\/?s={search_term_string}\"},\"query-input\":{\"@type\":\"PropertyValueSpecification\",\"valueRequired\":true,\"valueName\":\"search_term_string\"}}],\"inLanguage\":\"en-US\"}]}<\/script>\n<!-- \/ Yoast SEO plugin. -->","yoast_head_json":{"title":"Boazomearka - Boazu","robots":{"index":"index","follow":"follow","max-snippet":"max-snippet:-1","max-image-preview":"max-image-preview:large","max-video-preview":"max-video-preview:-1"},"canonical":"https:\/\/paliskunnat.fi\/boazu\/boazodoallu\/vuogit\/boazomearka\/","og_locale":"en_US","og_type":"article","og_title":"Boazomearka - Boazu","og_description":"Boazomearka Bohcco beallj\u00e1i merkejuvvon boazomearka muitala gean boazu lea. Boazomearkkaid geavahusas mearriduvvo boazodoallol\u00e1gain (848\/1990): juohke boazu galg\u00e1 merkejuvvot bealljemearkkain, man B\u00e1lgosiid ovttastus lea b\u00e1lgosa r\u00e1\u0111\u0111ehusa evttohusas oamasteaddj\u00e1i dohkkehan. Boazomearkka ovttaskas\u00e1\u0161\u0161iin muddejuvvo boazodoallo\u00e1sahusain (883\/1990). Bealljemearka merkejuvvo bohcco beljiid ravddaide ja geah\u010d\u00e1i. Mearkka lohkat gea\u017eis m\u00e1ddagii ja olge\u0161 bealjis gurut beallj\u00e1i. Vuos muitalit v\u00e1ldos\u00e1niid ja dan ma\u014b\u014b\u00e1 [&hellip;]","og_url":"https:\/\/paliskunnat.fi\/boazu\/boazodoallu\/vuogit\/boazomearka\/","og_site_name":"Boazu","article_modified_time":"2015-11-26T13:06:52+00:00","og_image":[{"url":"http:\/\/paliskunnat.fi\/boazu\/wp-content\/uploads\/2015\/11\/boazomearkka2.png","type":"","width":"","height":""}],"twitter_card":"summary_large_image","twitter_misc":{"Est. reading time":"1 minute"},"schema":{"@context":"https:\/\/schema.org","@graph":[{"@type":"WebPage","@id":"https:\/\/paliskunnat.fi\/boazu\/boazodoallu\/vuogit\/boazomearka\/","url":"https:\/\/paliskunnat.fi\/boazu\/boazodoallu\/vuogit\/boazomearka\/","name":"Boazomearka - Boazu","isPartOf":{"@id":"https:\/\/paliskunnat.fi\/boazu\/#website"},"primaryImageOfPage":{"@id":"https:\/\/paliskunnat.fi\/boazu\/boazodoallu\/vuogit\/boazomearka\/#primaryimage"},"image":{"@id":"https:\/\/paliskunnat.fi\/boazu\/boazodoallu\/vuogit\/boazomearka\/#primaryimage"},"thumbnailUrl":"http:\/\/paliskunnat.fi\/boazu\/wp-content\/uploads\/2015\/11\/boazomearkka2.png","datePublished":"2014-09-05T17:30:42+00:00","dateModified":"2015-11-26T13:06:52+00:00","breadcrumb":{"@id":"https:\/\/paliskunnat.fi\/boazu\/boazodoallu\/vuogit\/boazomearka\/#breadcrumb"},"inLanguage":"en-US","potentialAction":[{"@type":"ReadAction","target":["https:\/\/paliskunnat.fi\/boazu\/boazodoallu\/vuogit\/boazomearka\/"]}]},{"@type":"ImageObject","inLanguage":"en-US","@id":"https:\/\/paliskunnat.fi\/boazu\/boazodoallu\/vuogit\/boazomearka\/#primaryimage","url":"http:\/\/paliskunnat.fi\/boazu\/wp-content\/uploads\/2015\/11\/boazomearkka2.png","contentUrl":"http:\/\/paliskunnat.fi\/boazu\/wp-content\/uploads\/2015\/11\/boazomearkka2.png"},{"@type":"BreadcrumbList","@id":"https:\/\/paliskunnat.fi\/boazu\/boazodoallu\/vuogit\/boazomearka\/#breadcrumb","itemListElement":[{"@type":"ListItem","position":1,"name":"\u2630","item":"https:\/\/paliskunnat.fi\/boazu\/"},{"@type":"ListItem","position":2,"name":"Boazodoallu","item":"https:\/\/paliskunnat.fi\/boazu\/boazodoallu\/"},{"@type":"ListItem","position":3,"name":"Vuogit","item":"https:\/\/paliskunnat.fi\/boazu\/boazodoallu\/vuogit\/"},{"@type":"ListItem","position":4,"name":"Boazomearka"}]},{"@type":"WebSite","@id":"https:\/\/paliskunnat.fi\/boazu\/#website","url":"https:\/\/paliskunnat.fi\/boazu\/","name":"Boazu","description":"Bo - Boazu","potentialAction":[{"@type":"SearchAction","target":{"@type":"EntryPoint","urlTemplate":"https:\/\/paliskunnat.fi\/boazu\/?s={search_term_string}"},"query-input":{"@type":"PropertyValueSpecification","valueRequired":true,"valueName":"search_term_string"}}],"inLanguage":"en-US"}]}},"_links":{"self":[{"href":"https:\/\/paliskunnat.fi\/boazu\/wp-json\/wp\/v2\/pages\/309","targetHints":{"allow":["GET"]}}],"collection":[{"href":"https:\/\/paliskunnat.fi\/boazu\/wp-json\/wp\/v2\/pages"}],"about":[{"href":"https:\/\/paliskunnat.fi\/boazu\/wp-json\/wp\/v2\/types\/page"}],"author":[{"embeddable":true,"href":"https:\/\/paliskunnat.fi\/boazu\/wp-json\/wp\/v2\/users\/1"}],"replies":[{"embeddable":true,"href":"https:\/\/paliskunnat.fi\/boazu\/wp-json\/wp\/v2\/comments?post=309"}],"version-history":[{"count":6,"href":"https:\/\/paliskunnat.fi\/boazu\/wp-json\/wp\/v2\/pages\/309\/revisions"}],"predecessor-version":[{"id":3355,"href":"https:\/\/paliskunnat.fi\/boazu\/wp-json\/wp\/v2\/pages\/309\/revisions\/3355"}],"up":[{"embeddable":true,"href":"https:\/\/paliskunnat.fi\/boazu\/wp-json\/wp\/v2\/pages\/2325"}],"wp:attachment":[{"href":"https:\/\/paliskunnat.fi\/boazu\/wp-json\/wp\/v2\/media?parent=309"}],"curies":[{"name":"wp","href":"https:\/\/api.w.org\/{rel}","templated":true}]}}