{"id":10,"date":"2014-08-05T18:35:46","date_gmt":"2014-08-05T18:35:46","guid":{"rendered":"http:\/\/80.69.171.23\/py\/?page_id=10"},"modified":"2024-03-11T10:29:58","modified_gmt":"2024-03-11T08:29:58","slug":"etusivu","status":"publish","type":"page","link":"https:\/\/paliskunnat.fi\/po\/","title":{"rendered":"Ovd\u00e2sijdo"},"content":{"rendered":"<p>&nbsp;<\/p>\n<p><!--more--><\/p>\n<p><img loading=\"lazy\" decoding=\"async\" class=\"alignnone wp-image-4707 size-medium\" src=\"https:\/\/paliskunnat.fi\/bo\/wp-content\/uploads\/2014\/08\/kutuharju_2015-09aa-300x170.jpg\" alt=\"kutuharju_2015-09\" width=\"300\" height=\"170\" \/><br \/>\n<strong>Pu\u00e1sui u\u0111\u0111\u00e2seh\u00a0<\/strong><br \/>\n(suom\u00e2kiel\u00e2n)\u00a0<a href=\"https:\/\/www.facebook.com\/Paliskuntainyhdistys?ref=bookmarks\">Facebook<\/a><br \/>\n<!--more--><\/p>\n<p><!--more--><\/p>\n<p><img loading=\"lazy\" decoding=\"async\" class=\"alignnone\" src=\"https:\/\/feed.lehtiluukku.fi\/cover?id=634\" alt=\"\" width=\"143\" height=\"200\" \/><\/p>\n<p><strong>Poromies-l\u00e4\u00e4\u0111i<\/strong><\/p>\n<p>Poromies lii pu\u00e1suitu\u00e1lu \u00e1\u00e1mm\u00e1tl\u00e4\u00e4\u0111i<\/p>\n<p>Poromies-l\u00e4\u00e4\u0111i<\/p>\n<p><!--more--><\/p>\n<p>&nbsp;<\/p>\n<p><!--more--><strong>Ravvim mu\u0161toot<\/strong><\/p>\n<p><a href=\"https:\/\/paliskunnat.fi\/ohjeet_oppaat\/Puasui.pdf\" target=\"_blank\" rel=\"noopener\">Pu\u00e1sui.pdf<\/a><\/p>\n","protected":false},"excerpt":{"rendered":"<p>&nbsp;<\/p>\n","protected":false},"author":1,"featured_media":0,"parent":0,"menu_order":0,"comment_status":"open","ping_status":"closed","template":"etusivu.php","meta":{"footnotes":""},"class_list":["post-10","page","type-page","status-publish","hentry"],"_links":{"self":[{"href":"https:\/\/paliskunnat.fi\/po\/wp-json\/wp\/v2\/pages\/10","targetHints":{"allow":["GET"]}}],"collection":[{"href":"https:\/\/paliskunnat.fi\/po\/wp-json\/wp\/v2\/pages"}],"about":[{"href":"https:\/\/paliskunnat.fi\/po\/wp-json\/wp\/v2\/types\/page"}],"author":[{"embeddable":true,"href":"https:\/\/paliskunnat.fi\/po\/wp-json\/wp\/v2\/users\/1"}],"replies":[{"embeddable":true,"href":"https:\/\/paliskunnat.fi\/po\/wp-json\/wp\/v2\/comments?post=10"}],"version-history":[{"count":10,"href":"https:\/\/paliskunnat.fi\/po\/wp-json\/wp\/v2\/pages\/10\/revisions"}],"predecessor-version":[{"id":6064,"href":"https:\/\/paliskunnat.fi\/po\/wp-json\/wp\/v2\/pages\/10\/revisions\/6064"}],"wp:attachment":[{"href":"https:\/\/paliskunnat.fi\/po\/wp-json\/wp\/v2\/media?parent=10"}],"curies":[{"name":"wp","href":"https:\/\/api.w.org\/{rel}","templated":true}]}}