{"id":1049,"date":"2014-11-18T13:06:00","date_gmt":"2014-11-18T11:06:00","guid":{"rendered":"http:\/\/80.69.171.23\/py\/?page_id=1049"},"modified":"2017-12-29T07:52:24","modified_gmt":"2017-12-29T07:52:24","slug":"tutkamprojekteh","status":"publish","type":"page","link":"https:\/\/paliskunnat.fi\/po\/projekteh\/tutkamprojekteh\/","title":{"rendered":"Tutk\u00e2mprojekteh"},"content":{"rendered":"<h2>Tutk\u00e2mprojekteh<\/h2>\n<p>Suom\u00e2st poccuid j\u00e1 pu\u00e1suitu\u00e1lu ko\u010d\u010d\u00e2m\u00e2\u0161\u0161\u00e1id kyeskee tutk\u00e2m pargeh aktiivl\u00e1vt maa\u014bg\u00e2 Oll\u00e2op\u00e2ttuvv\u00e2st j\u00e1 lu\u00e1ndu#riggod\u00e2hku\u00e1vd\u00e1\u00e1st.<\/p>\n<p>Palg\u00e2sij ovt\u00e2stus Kutuharju Pu\u00e1suitutk\u00e2mk\u00e4rdi j\u00e1 lu\u00e1ndu#riggod\u00e2hku\u00e1vd\u00e1\u00e1 Aanaar Kaam\u00e2s poccuututk\u00e2mku\u00e1vd\u00e1\u00e1 l\u00e1\u00e1 maailmvij\u0111osiih \u00e1inooki\u00e4rd\u00e1s\u00e2\u0161 pu\u00e1suitutk\u00e2mub\u00e2l\u00e2\u0161vuot\u00e2, maid \u00e1vh\u00e1st\u00e2lleh ih\u00e1s\u00e1vt maa\u014bgah almugijkosk\u00e2siih tutk\u00e2mju\u00e1vhuh maailm pirr\u00e2.<\/p>\n<p>&nbsp;<\/p>\n<p>&nbsp;<\/p>\n<p>&nbsp;<\/p>\n<p>&nbsp;<\/p>\n","protected":false},"excerpt":{"rendered":"<p>Tutk\u00e2mprojekteh Suom\u00e2st poccuid j\u00e1 pu\u00e1suitu\u00e1lu ko\u010d\u010d\u00e2m\u00e2\u0161\u0161\u00e1id kyeskee tutk\u00e2m pargeh aktiivl\u00e1vt maa\u014bg\u00e2 Oll\u00e2op\u00e2ttuvv\u00e2st j\u00e1 lu\u00e1ndu#riggod\u00e2hku\u00e1vd\u00e1\u00e1st. Palg\u00e2sij ovt\u00e2stus Kutuharju Pu\u00e1suitutk\u00e2mk\u00e4rdi j\u00e1 lu\u00e1ndu#riggod\u00e2hku\u00e1vd\u00e1\u00e1 Aanaar Kaam\u00e2s poccuututk\u00e2mku\u00e1vd\u00e1\u00e1 l\u00e1\u00e1 maailmvij\u0111osiih \u00e1inooki\u00e4rd\u00e1s\u00e2\u0161 pu\u00e1suitutk\u00e2mub\u00e2l\u00e2\u0161vuot\u00e2, maid \u00e1vh\u00e1st\u00e2lleh ih\u00e1s\u00e1vt maa\u014bgah almugijkosk\u00e2siih tutk\u00e2mju\u00e1vhuh maailm pirr\u00e2. &nbsp; &nbsp; &nbsp; &nbsp;<\/p>\n","protected":false},"author":1,"featured_media":0,"parent":193,"menu_order":3,"comment_status":"open","ping_status":"closed","template":"","meta":{"footnotes":""},"class_list":["post-1049","page","type-page","status-publish","hentry"],"_links":{"self":[{"href":"https:\/\/paliskunnat.fi\/po\/wp-json\/wp\/v2\/pages\/1049","targetHints":{"allow":["GET"]}}],"collection":[{"href":"https:\/\/paliskunnat.fi\/po\/wp-json\/wp\/v2\/pages"}],"about":[{"href":"https:\/\/paliskunnat.fi\/po\/wp-json\/wp\/v2\/types\/page"}],"author":[{"embeddable":true,"href":"https:\/\/paliskunnat.fi\/po\/wp-json\/wp\/v2\/users\/1"}],"replies":[{"embeddable":true,"href":"https:\/\/paliskunnat.fi\/po\/wp-json\/wp\/v2\/comments?post=1049"}],"version-history":[{"count":1,"href":"https:\/\/paliskunnat.fi\/po\/wp-json\/wp\/v2\/pages\/1049\/revisions"}],"predecessor-version":[{"id":5509,"href":"https:\/\/paliskunnat.fi\/po\/wp-json\/wp\/v2\/pages\/1049\/revisions\/5509"}],"up":[{"embeddable":true,"href":"https:\/\/paliskunnat.fi\/po\/wp-json\/wp\/v2\/pages\/193"}],"wp:attachment":[{"href":"https:\/\/paliskunnat.fi\/po\/wp-json\/wp\/v2\/media?parent=1049"}],"curies":[{"name":"wp","href":"https:\/\/api.w.org\/{rel}","templated":true}]}}