{"id":1105,"date":"2014-11-18T17:05:06","date_gmt":"2014-11-18T15:05:06","guid":{"rendered":"http:\/\/80.69.171.23\/py\/?page_id=1105"},"modified":"2026-03-05T09:31:43","modified_gmt":"2026-03-05T07:31:43","slug":"statistiikeh","status":"publish","type":"page","link":"https:\/\/paliskunnat.fi\/po\/puasuitiaduh\/statistiikeh\/","title":{"rendered":"Statistiikeh"},"content":{"rendered":"<h2>Statistiikeh<\/h2>\n<p>Taan siij\u0111ost kaavnah pu\u00e1suitu\u00e1lu vorr\u00e2sumosij lovottuv\u00e2id f\u00e1\u00e1d\u00e1i mield.<\/p>\n<p><a href=\"https:\/\/paliskunnat.fi\/po\/wp-content\/uploads\/2026\/03\/piadui-koddem-kavnum-poccuuh.jpg\" rel=\"lightbox[1105]\"><img loading=\"lazy\" decoding=\"async\" class=\"alignnone wp-image-6157\" src=\"https:\/\/paliskunnat.fi\/po\/wp-content\/uploads\/2026\/03\/piadui-koddem-kavnum-poccuuh.jpg\" alt=\"Pi\u00e4\u0111ui koddem kavnum poccuuh 2000-2025.\" width=\"460\" height=\"276\" srcset=\"https:\/\/paliskunnat.fi\/po\/wp-content\/uploads\/2026\/03\/piadui-koddem-kavnum-poccuuh.jpg 1200w, https:\/\/paliskunnat.fi\/po\/wp-content\/uploads\/2026\/03\/piadui-koddem-kavnum-poccuuh-300x180.jpg 300w, https:\/\/paliskunnat.fi\/po\/wp-content\/uploads\/2026\/03\/piadui-koddem-kavnum-poccuuh-1024x614.jpg 1024w, https:\/\/paliskunnat.fi\/po\/wp-content\/uploads\/2026\/03\/piadui-koddem-kavnum-poccuuh-768x460.jpg 768w, https:\/\/paliskunnat.fi\/po\/wp-content\/uploads\/2026\/03\/piadui-koddem-kavnum-poccuuh-500x300.jpg 500w\" sizes=\"auto, (max-width: 460px) 100vw, 460px\" \/><\/a><\/p>\n<p><a href=\"https:\/\/paliskunnat.fi\/po\/wp-content\/uploads\/2026\/03\/2026_03_04_Piaduid_koddem_poccuuh.jpg\" rel=\"lightbox[1105]\"><img loading=\"lazy\" decoding=\"async\" class=\"alignnone wp-image-6155\" src=\"https:\/\/paliskunnat.fi\/po\/wp-content\/uploads\/2026\/03\/2026_03_04_Piaduid_koddem_poccuuh.jpg\" alt=\"Pi\u00e4\u0111uid koddem poccuuh 1991-2025.\" width=\"460\" height=\"281\" srcset=\"https:\/\/paliskunnat.fi\/po\/wp-content\/uploads\/2026\/03\/2026_03_04_Piaduid_koddem_poccuuh.jpg 1200w, https:\/\/paliskunnat.fi\/po\/wp-content\/uploads\/2026\/03\/2026_03_04_Piaduid_koddem_poccuuh-300x183.jpg 300w, https:\/\/paliskunnat.fi\/po\/wp-content\/uploads\/2026\/03\/2026_03_04_Piaduid_koddem_poccuuh-1024x625.jpg 1024w, https:\/\/paliskunnat.fi\/po\/wp-content\/uploads\/2026\/03\/2026_03_04_Piaduid_koddem_poccuuh-768x469.jpg 768w\" sizes=\"auto, (max-width: 460px) 100vw, 460px\" \/><\/a><\/p>\n","protected":false},"excerpt":{"rendered":"<p>Statistiikeh Taan siij\u0111ost kaavnah pu\u00e1suitu\u00e1lu vorr\u00e2sumosij lovottuv\u00e2id f\u00e1\u00e1d\u00e1i mield.<\/p>\n","protected":false},"author":1,"featured_media":0,"parent":179,"menu_order":2,"comment_status":"open","ping_status":"closed","template":"","meta":{"footnotes":""},"class_list":["post-1105","page","type-page","status-publish","hentry"],"_links":{"self":[{"href":"https:\/\/paliskunnat.fi\/po\/wp-json\/wp\/v2\/pages\/1105","targetHints":{"allow":["GET"]}}],"collection":[{"href":"https:\/\/paliskunnat.fi\/po\/wp-json\/wp\/v2\/pages"}],"about":[{"href":"https:\/\/paliskunnat.fi\/po\/wp-json\/wp\/v2\/types\/page"}],"author":[{"embeddable":true,"href":"https:\/\/paliskunnat.fi\/po\/wp-json\/wp\/v2\/users\/1"}],"replies":[{"embeddable":true,"href":"https:\/\/paliskunnat.fi\/po\/wp-json\/wp\/v2\/comments?post=1105"}],"version-history":[{"count":33,"href":"https:\/\/paliskunnat.fi\/po\/wp-json\/wp\/v2\/pages\/1105\/revisions"}],"predecessor-version":[{"id":6159,"href":"https:\/\/paliskunnat.fi\/po\/wp-json\/wp\/v2\/pages\/1105\/revisions\/6159"}],"up":[{"embeddable":true,"href":"https:\/\/paliskunnat.fi\/po\/wp-json\/wp\/v2\/pages\/179"}],"wp:attachment":[{"href":"https:\/\/paliskunnat.fi\/po\/wp-json\/wp\/v2\/media?parent=1105"}],"curies":[{"name":"wp","href":"https:\/\/api.w.org\/{rel}","templated":true}]}}