{"id":1109,"date":"2014-11-18T17:15:50","date_gmt":"2014-11-18T15:15:50","guid":{"rendered":"http:\/\/80.69.171.23\/py\/?page_id=1109"},"modified":"2017-12-29T09:56:56","modified_gmt":"2017-12-29T09:56:56","slug":"tiedettemcalluuh-uapisteijeeh","status":"publish","type":"page","link":"https:\/\/paliskunnat.fi\/po\/puasuitiaduh\/tiedettemcalluuh-uapisteijeeh\/","title":{"rendered":"Tie\u0111ettem\u010dalluuh"},"content":{"rendered":"<h2>Tie\u0111ettem\u010dalluuh j\u00e1 u\u00e1pisteijeeh<\/h2>\n<p>Pu\u00e1suitu\u00e1lu tie\u0111ettem\u010dalluuh j\u00e1 u\u00e1pisteijeeh juohhum teemai mield puohh\u00e1id u\u00e1ivildum almol\u00e1id u\u00e1pisteijeid, pajeulmuid u\u00e1ivildum keev\u00e2tl\u00e1id u\u00e1pisteijeid j\u00e1 eenn\u00e2mki\u00e4vtun laht\u00e2seijee u\u00e1pisteijeid.<\/p>\n","protected":false},"excerpt":{"rendered":"<p>Tie\u0111ettem\u010dalluuh j\u00e1 u\u00e1pisteijeeh Pu\u00e1suitu\u00e1lu tie\u0111ettem\u010dalluuh j\u00e1 u\u00e1pisteijeeh juohhum teemai mield puohh\u00e1id u\u00e1ivildum almol\u00e1id u\u00e1pisteijeid, pajeulmuid u\u00e1ivildum keev\u00e2tl\u00e1id u\u00e1pisteijeid j\u00e1 eenn\u00e2mki\u00e4vtun laht\u00e2seijee u\u00e1pisteijeid.<\/p>\n","protected":false},"author":1,"featured_media":0,"parent":179,"menu_order":1,"comment_status":"open","ping_status":"closed","template":"","meta":{"footnotes":""},"class_list":["post-1109","page","type-page","status-publish","hentry"],"_links":{"self":[{"href":"https:\/\/paliskunnat.fi\/po\/wp-json\/wp\/v2\/pages\/1109","targetHints":{"allow":["GET"]}}],"collection":[{"href":"https:\/\/paliskunnat.fi\/po\/wp-json\/wp\/v2\/pages"}],"about":[{"href":"https:\/\/paliskunnat.fi\/po\/wp-json\/wp\/v2\/types\/page"}],"author":[{"embeddable":true,"href":"https:\/\/paliskunnat.fi\/po\/wp-json\/wp\/v2\/users\/1"}],"replies":[{"embeddable":true,"href":"https:\/\/paliskunnat.fi\/po\/wp-json\/wp\/v2\/comments?post=1109"}],"version-history":[{"count":2,"href":"https:\/\/paliskunnat.fi\/po\/wp-json\/wp\/v2\/pages\/1109\/revisions"}],"predecessor-version":[{"id":5533,"href":"https:\/\/paliskunnat.fi\/po\/wp-json\/wp\/v2\/pages\/1109\/revisions\/5533"}],"up":[{"embeddable":true,"href":"https:\/\/paliskunnat.fi\/po\/wp-json\/wp\/v2\/pages\/179"}],"wp:attachment":[{"href":"https:\/\/paliskunnat.fi\/po\/wp-json\/wp\/v2\/media?parent=1109"}],"curies":[{"name":"wp","href":"https:\/\/api.w.org\/{rel}","templated":true}]}}