{"id":1124,"date":"2014-11-18T18:09:46","date_gmt":"2014-11-18T16:09:46","guid":{"rendered":"http:\/\/80.69.171.23\/py\/?page_id=1124"},"modified":"2021-03-08T10:59:54","modified_gmt":"2021-03-08T08:59:54","slug":"puasuitualu-ekonomia","status":"publish","type":"page","link":"https:\/\/paliskunnat.fi\/po\/puasuitiaduh\/puasuitualu-ekonomia\/","title":{"rendered":"Pu\u00e1suitu\u00e1lu ekonomia"},"content":{"rendered":"<h2>Pu\u00e1suitu\u00e1lu ekonomia<\/h2>\n<p>T\u00e1v\u00e1lumos vyehi jurd\u00e2\u010d\u010di\u0111 pu\u00e1suitu\u00e1lu lii t\u00e1vj\u00e1 kulttuur peht. Taat lii-uv iberdittee: lii vaig\u00e2d ub\u00e2 jurd\u00e2\u010d\u010di\u0111-uv tave en\u00e2mijd j\u00e1 kulttuurijd poccuitt\u00e1\u00e1 j\u00e1 pu\u00e1suitu\u00e1lutt\u00e1\u00e1. Pu\u00e1sui lii erom\u00e2\u0161\u00e1vt Arkt\u00e2l\u00e2\u0161 ku\u00e1vlu \u0161adottes en\u00e2m\u00e1id vu\u00e1h\u00e1dum ellee, \u00e1inoo \u0161laaj\u00e2stis. Ij lah iim\u00e2\u0161, et poccust j\u00e1 pu\u00e1suitu\u00e1lust lii ihe\u010duo\u0111ij mield \u0161odd\u00e2m tave kulttuur si\u00e4lu.<\/p>\n<p>Pu\u00e1suitu\u00e1lu lii kuitt\u00e2g meid tavemus Suom\u00e2 pu\u00e1r\u00e1sumos ain ellee i\u00e4l\u00e1tt\u00e2s. Tot lii faall\u00e2m ekonom\u00e2l\u00e2\u0161 ci\u00e4vz\u00e1m\u00e2\u0161 j\u00e1 eellim v\u00e1r\u00e1s m\u00e1h\u0111ul\u00e2\u0161vuo\u0111\u00e2id ihe\u010duo\u0111ij \u00e4\u00e4igi. Erom\u00e2\u0161\u00e1vt majemui ihe\u010duo\u0111ij \u00e4\u00e4igi lep opp\u00e2m jurd\u00e2\u010d\u010di\u0111 j\u00e1 \u00e1vh\u00e1st\u00e2ll\u00e2m poccuu meid i\u00e4l\u00e1tt\u00e2s u\u00e1inust, ulmui ekonom\u00e2lii ci\u00e4vz\u00e1m\u00e2\u0161 k\u00e4lden.<\/p>\n<p>Taan \u00e4\u00e4igi pu\u00e1suitu\u00e1lust finnee u\u00e1ivi-i\u00e4l\u00e1tt\u00e2s suull\u00e2n 1000 olmo\u017eid. Meiddei eres tuhh\u00e1\u00e1t olmo\u017eid pu\u00e1sui f\u00e1\u00e1l\u00e1 hu\u00e1m\u00e1\u0161ittee sij\u0111oi\u00e4l\u00e1tt\u00e2s, mii u\u00e1ssin ci\u00e4vz\u00e1m\u00e2\u0161 ub\u00e2l\u00e2\u0161vuo\u0111\u00e2 m\u00e1h\u0111ulist aass\u00e2m tave kyl\u00e1in.<\/p>\n<p>Lasseen pu\u00e1suitu\u00e1lun laht\u00e2s vij\u0111es ju\u00e1vkku laht\u00e2seijeei\u00e4l\u00e1tt\u00e2s\u00e2id, moi ekonom\u00e2l\u00e2\u0161 ub\u00e2l\u00e2\u0161vuo\u0111\u00e2st poccust lii ku\u00e1vd\u00e1\u0161l\u00e2\u0161 rooli. Teh\u00e1lumoseh t\u00e4in l\u00e1\u00e1 pi\u00e4rgu j\u00e1 eres pu\u00e1suiamn\u00e2sij ovdedem sehe ma\u0111h\u00e2\u0161em.<\/p>\n<p>Ive 2014 tohhum selv\u00e2ttem mield Suom\u00e2 j\u00e1 Ruot\u00e2 pu\u00e1suitu\u00e1lu pargol\u00e2\u0161vuo\u0111\u00e2 vaikutt\u00e2s lii 15 000 olmo\u017eid j\u00e1 almol\u00e2\u0161vyebdim l\u00e2i 1.3 miljard eurod. Suom\u00e2 u\u00e1si t\u00e4st almol\u00e2\u0161vuo\u0111\u00e2st lii suull\u00e2n kyehti ku\u00e1lm\u00e1d\u00e2s\u00e2st. Suom\u00e2st ju\u00e1h\u00e1\u0161 poccuupi\u00e4rgukiilu u\u00e1ivild ruu\u0111\u00e2st suull\u00e2n 400 eurod.<\/p>\n<p><a href=\"https:\/\/paliskunnat.fi\/po\/wp-content\/uploads\/2021\/03\/Puasuitualu_ekonomi_suomast_ja_ruotast_2013.jpg\" rel=\"lightbox[1124]\"><img loading=\"lazy\" decoding=\"async\" class=\"alignnone wp-image-5782\" src=\"https:\/\/paliskunnat.fi\/po\/wp-content\/uploads\/2021\/03\/Puasuitualu_ekonomi_suomast_ja_ruotast_2013.jpg\" alt=\"Pu\u00e1suitu\u00e1lu ekonomia Suom\u00e2st j\u00e1 Ruot\u00e2st 2013\" width=\"460\" height=\"309\" srcset=\"https:\/\/paliskunnat.fi\/po\/wp-content\/uploads\/2021\/03\/Puasuitualu_ekonomi_suomast_ja_ruotast_2013.jpg 1200w, https:\/\/paliskunnat.fi\/po\/wp-content\/uploads\/2021\/03\/Puasuitualu_ekonomi_suomast_ja_ruotast_2013-300x202.jpg 300w, https:\/\/paliskunnat.fi\/po\/wp-content\/uploads\/2021\/03\/Puasuitualu_ekonomi_suomast_ja_ruotast_2013-1024x688.jpg 1024w, https:\/\/paliskunnat.fi\/po\/wp-content\/uploads\/2021\/03\/Puasuitualu_ekonomi_suomast_ja_ruotast_2013-768x516.jpg 768w\" sizes=\"auto, (max-width: 460px) 100vw, 460px\" \/><\/a><\/p>\n<p>Tego eres-uv alg\u00e2puovt\u00e2dmist meid pu\u00e1suitu\u00e1lust puovt\u00e2deijee u\u00e1si p\u00e1\u00e1c\u00e1 olesu\u00e1sist \u00e4lkkeht ucemuss\u00e2n. Pu\u00e1suitu\u00e1lu lii kuitt\u00e2g eres alg\u00e2puovt\u00e2demist eresl\u00e1g\u00e1n ovd\u00e1n\u00e2m markk\u00e2nekonomian, mast pu\u00e1tusijd heiviitteh koij\u00e2dem j\u00e1 faall\u00e2m lav\u00e2l\u00e2\u0161vuo\u0111ah. Pu\u00e1suiulmuu u\u00e1ivipu\u00e1tu lii poccuupi\u00e4rgu j\u00e1 eres poccuuamn\u00e2sij vyebdim. Torjui u\u00e1si almol\u00e2\u0161pu\u00e1\u0111uin lii vu\u00e1l\u00e1 20 %, ko tot eres alg\u00e2puovt\u00e2dmist lupt\u00e2n t\u00e1v\u00e1l\u00e1vt joba alda 80 %.<\/p>\n<h3>Poccust \u00e1vh\u00e1st\u00e2lloo puoh<\/h3>\n<p>Pu\u00e1suitu\u00e1lu u\u00e1ivipuovt\u00e2 lii poccuupi\u00e4rgu. Poccuupi\u00e4rgu kvaliteetpargo lii porgum systemaatl\u00e1vt kuhh\u00e1\u00e1. Ovdedem syergist lii ovdedum u\u0111\u0111\u00e2 puohtuid, si\u00e4mm\u00e1\u00e1 \u00e4\u00e4igi ko \u00e4rbivu\u00e1v\u00e1lij puohtuid lii ovdedum alemuu t\u00e1\u00e1s\u00e1n. \u00c1inoo pi\u00e4rgupuohtui, Suom\u00e2st Laapi poccuupi\u00e4rgun, Laapi poccuu ko\u0161kepi\u00e4rgun j\u00e1 Laapi poccuu kolm\u00e2suov\u00e2spi\u00e4rgun l\u00e1\u00e1 u\u00e1\u017e\u017eum oll\u00e2\u00e1rvus\u00e2\u0161 nomm\u00e2syeje EU:st. Pu\u00e1sui lii riijk\u00e2n \u00e1inooki\u00e4rd\u00e1s\u00e2\u0161 j\u00e1 kvaliteetlumos pi\u00e4rgupuovt\u00e2.<\/p>\n<p>Pi\u00e4rgu lasseen pu\u00e1sui lii oll\u00e1s\u00e1vt \u00e1vh\u00e1st\u00e2llum kvaliteetmateriaal. Poccuun\u00e4hki lii lupt\u00e2n\u00e2m koij\u00e2dum j\u00e1 halijdum materiaalin maailm hammimr\u00e1ht\u00e1l\u00e2\u0161vuo\u0111\u00e2st. Poccuun\u00e4hki lii tuo\u0111\u00e2i linn\u00e2, mut kuitt\u00e2g nanos. Tot lii Arkt\u00e2lii eellimtiilij hammim ub\u00e2l\u00e2\u0161vuot\u00e2, ige si\u00e4mm\u00e1\u00e1l\u00e1g\u00e1n n\u00e4\u00e4hki lah uc\u00e2m\u00e1ingin kavnum maailmist. Poccuun\u00e4hki lii eettis\u00e2\u0161, ekolog\u00e2l\u00e2\u0161 j\u00e1 eksootl\u00e2\u0161 materiaal, mon r\u00e4ijejum finnimvuot\u00e2 taha tast erom\u00e2\u0161 perustittee. Majemui mu\u00e1ddi ive siste poccuun\u00e4\u00e4hki lii \u00e1lg\u00e1m kevtti\u0111 puohtuin maa\u014bgah maailmvij\u0111os\u00e2\u0161 muotifinnoduvah.<\/p>\n<p>Ku\u00e1lm\u00e1d ain \u0161oddi\u0161 pu\u00e1suitu\u00e1lu ekonomiasektor lii ma\u0111h\u00e2\u0161em. Suom\u00e2st pu\u00e1suiulmuuh l\u00e1\u00e1 huksim tu\u00e1imee j\u00e1 stuorr\u00e2 pivnohvuot\u00e2n lupt\u00e2n\u00e2m pu\u00e1suit\u00e1\u00e1luturismikonsept, mii riggod hu\u00e1m\u00e1\u0161ittee ennuv tave ma\u0111h\u00e2\u0161em. Ma\u0111h\u00e2\u0161emsajeh l\u00e1\u00e1 t\u00e1vj\u00e1 olm\u00e2 pu\u00e1suit\u00e1\u00e1luh, moin turisteh peesih u\u00e1p\u00e1smu\u0111 poccuid, pu\u00e1suitu\u00e1lun j\u00e1 \u00e4rbivu\u00e1v\u00e1l\u00e2\u0161 pu\u00e1suikulttuur\u00e2n sehe u\u00e1\u017e\u017euh jie\u0161kote-uvl\u00e1g\u00e1n pu\u00e1suiteemal\u00e2\u0161 feeriimijd. V\u00e1rug\u00e2s arv\u00e2lus\u00e2i mield pu\u00e1suit\u00e1luma\u0111h\u00e2\u0161em palv\u00e2l \u010duo\u0111ijd turistijd Laapist ih\u00e1s\u00e1vt. Pu\u00e1sui lii spiek\u00e2stuv\u00e2itt\u00e1\u00e1 kuulm\u00e2 pyeremuu ju\u00e1vhust, ko tuuriistgallupijn koij\u00e2duvvoo Lappi ki\u00e4sutteijeetahheid.<\/p>\n<p>Meid eres poccust amn\u00e2sijd ulmuuh l\u00e1\u00e1 perustum t\u00e4\u00e4bbin mii kulen j\u00e1 maailmist. Poccuu \u010du\u00e1rvi j\u00e1 t\u00e4hti l\u00e1\u00e1 maa\u014bg\u00e2pi\u00e4l\u00e1liih \u00e1vh\u00e1st\u00e2llum sij\u0111opuohtuuh, moi ovdedempargo lii tohhum vij\u0111es skal\u00e2n\u00e1in talh\u00e2sti\u00e4\u0111ust m\u00e4tkimu\u0161tokavppijd. Poccuu pyeidi j\u00e1 mielkki l\u00e1\u00e1 maa\u014bg\u00e2l\u00e1g\u00e1n kosmetiik- j\u00e1 lu\u00e1ndupuovt\u00e2syergi oovdedmist f\u00e1\u00e1rust. Njuovv\u00e2m sij\u0111opuohtuuh tohhejeh elleepurr\u00e2mu\u0161puovt\u00e2dm\u00e2n. Allergial\u00e2\u0161 pennui meeri lassaan maailmist ub\u00e2 \u00e4\u00e4igi, mii leeh\u00e2st poccuu njuovv\u00e2mpas\u00e2tt\u00e2ss\u00e1id aaib\u00e2s u\u0111\u0111\u00e2l\u00e1g\u00e1n markk\u00e2nijd. Pu\u00e1sui ij allergist. Si\u00e4mm\u00e1\u00e1 tahhee lasseet meid ulmuu pi\u00e4mmun kevttum poccuupi\u00e4rgupuohtui koij\u00e2dem jo t\u00e4\u00e4l.<\/p>\n<p>Pu\u00e1sui lii tiev\u00e2slub, njuovv\u00e2mpas\u00e2tt\u00e2s\u00e2i r\u00e4\u00e4jist, ekonom\u00e2l\u00e1vt \u00e1vh\u00e1st\u00e2llum materiaal. Lyenipitt\u00e1id tast i\u00e4 p\u00e4\u00e4si. Ku\u00e1snii kul\u00e1, et poccuu njuov\u00e2dijn ij moon\u00e2 tuu\u0161\u00e1n ko si\u00e4lu. Taatgin ij kuitt\u00e2g tool\u00e2 ti\u00e4iv\u00e1s, tondiet ko aalmugmu\u0161t\u00e2lus mu\u0161t\u00e2l, et poccuu si\u00e4lu sird\u00e2\u0161uv\u00e1 u\u00e1pisti\u0111 Laapi meccijn jotteeid.<\/p>\n<p>&nbsp;<\/p>\n<p>&nbsp;<\/p>\n","protected":false},"excerpt":{"rendered":"<p>Pu\u00e1suitu\u00e1lu ekonomia T\u00e1v\u00e1lumos vyehi jurd\u00e2\u010d\u010di\u0111 pu\u00e1suitu\u00e1lu lii t\u00e1vj\u00e1 kulttuur peht. Taat lii-uv iberdittee: lii vaig\u00e2d ub\u00e2 jurd\u00e2\u010d\u010di\u0111-uv tave en\u00e2mijd j\u00e1 kulttuurijd poccuitt\u00e1\u00e1 j\u00e1 pu\u00e1suitu\u00e1lutt\u00e1\u00e1. Pu\u00e1sui lii erom\u00e2\u0161\u00e1vt Arkt\u00e2l\u00e2\u0161 ku\u00e1vlu \u0161adottes en\u00e2m\u00e1id vu\u00e1h\u00e1dum ellee, \u00e1inoo \u0161laaj\u00e2stis. Ij lah iim\u00e2\u0161, et poccust j\u00e1 pu\u00e1suitu\u00e1lust lii ihe\u010duo\u0111ij mield \u0161odd\u00e2m tave kulttuur si\u00e4lu. Pu\u00e1suitu\u00e1lu lii kuitt\u00e2g meid tavemus Suom\u00e2 [&hellip;]<\/p>\n","protected":false},"author":1,"featured_media":0,"parent":179,"menu_order":2,"comment_status":"open","ping_status":"closed","template":"","meta":{"footnotes":""},"class_list":["post-1124","page","type-page","status-publish","hentry"],"_links":{"self":[{"href":"https:\/\/paliskunnat.fi\/po\/wp-json\/wp\/v2\/pages\/1124","targetHints":{"allow":["GET"]}}],"collection":[{"href":"https:\/\/paliskunnat.fi\/po\/wp-json\/wp\/v2\/pages"}],"about":[{"href":"https:\/\/paliskunnat.fi\/po\/wp-json\/wp\/v2\/types\/page"}],"author":[{"embeddable":true,"href":"https:\/\/paliskunnat.fi\/po\/wp-json\/wp\/v2\/users\/1"}],"replies":[{"embeddable":true,"href":"https:\/\/paliskunnat.fi\/po\/wp-json\/wp\/v2\/comments?post=1124"}],"version-history":[{"count":8,"href":"https:\/\/paliskunnat.fi\/po\/wp-json\/wp\/v2\/pages\/1124\/revisions"}],"predecessor-version":[{"id":5784,"href":"https:\/\/paliskunnat.fi\/po\/wp-json\/wp\/v2\/pages\/1124\/revisions\/5784"}],"up":[{"embeddable":true,"href":"https:\/\/paliskunnat.fi\/po\/wp-json\/wp\/v2\/pages\/179"}],"wp:attachment":[{"href":"https:\/\/paliskunnat.fi\/po\/wp-json\/wp\/v2\/media?parent=1124"}],"curies":[{"name":"wp","href":"https:\/\/api.w.org\/{rel}","templated":true}]}}